{"id":2356,"date":"2020-04-11T14:10:19","date_gmt":"2020-04-11T14:10:19","guid":{"rendered":"https:\/\/m-technic.com\/?page_id=2356"},"modified":"2020-05-30T17:04:59","modified_gmt":"2020-05-30T17:04:59","slug":"m-bus-kurulum","status":"publish","type":"page","link":"https:\/\/m-technic.com\/ru\/m-bus-kurulum\/","title":{"rendered":"\u041c\u043e\u043d\u0442\u0430\u0436 \u0441\u0438\u0441\u0442\u0435\u043c\u044b M-Bus, \u044d\u043b\u0435\u043a\u0442\u0440\u043e\u043c\u043e\u043d\u0442\u0430\u0436 \u0438 \u0432\u0432\u043e\u0434 \u0432 \u044d\u043a\u0441\u043f\u043b\u0443\u0430\u0442\u0430\u0446\u0438\u044e M-Bus"},"content":{"rendered":"<figure class=\"wp-block-image size-large is-resized\"><img loading=\"lazy\" src=\"https:\/\/m-technic.com\/wp-content\/uploads\/2019\/04\/M-Technic-1024x326.png\" alt=\"\" class=\"wp-image-323\" width=\"305\" height=\"96\" srcset=\"https:\/\/m-technic.com\/wp-content\/uploads\/2019\/04\/M-Technic-1024x326.png 1024w, https:\/\/m-technic.com\/wp-content\/uploads\/2019\/04\/M-Technic-768x245.png 768w, https:\/\/m-technic.com\/wp-content\/uploads\/2019\/04\/M-Technic.png 1080w\" sizes=\"(max-width: 305px) 100vw, 305px\" \/><\/figure>\n\n\n\n<p>\u041a\u0430\u043a 1\u0422\u04204\u0422; \u0423\u0441\u0442\u0430\u043d\u043e\u0432\u043a\u0430 \u0441\u0438\u0441\u0442\u0435\u043c\u044b M-Bus, \u043f\u043e\u0434\u043a\u043b\u044e\u0447\u0435\u043d\u0438\u0435 \u0438 \u0432\u0432\u043e\u0434 \u0432 \u044d\u043a\u0441\u043f\u043b\u0443\u0430\u0442\u0430\u0446\u0438\u044e M-Bus \u0441 \u043d\u0430\u0448\u0435\u0439 \u0431\u0435\u0441\u043f\u043b\u0430\u0442\u043d\u043e\u0439 \u0443\u0441\u043b\u0443\u0433\u043e\u0439 \u043f\u043e \u043e\u0431\u043d\u0430\u0440\u0443\u0436\u0435\u043d\u0438\u044e, <a href=\"https:\/\/m-technic.com\/ru\/hizmetlerimiz\/\">\u041f\u0440\u0435\u0434\u043b\u0430\u0433\u0430\u0435\u043c \u043d\u0430\u0438\u0431\u043e\u043b\u0435\u0435 \u043f\u043e\u0434\u0445\u043e\u0434\u044f\u0449\u0438\u0435 \u0440\u0435\u0448\u0435\u043d\u0438\u044f.<\/a> <\/p>\n\n\n\n<h4><strong> \u0422\u0435\u0445\u043d\u0438\u0447\u0435\u0441\u043a\u043e\u0439 \u043a\u043e\u043c\u0430\u043d\u0434\u043e\u0439 M-Technic;<\/strong><\/h4>\n\n\n\n<div class=\"wp-block-image\"><figure class=\"alignright size-large is-resized\"><img loading=\"lazy\" src=\"https:\/\/m-technic.com\/wp-content\/uploads\/2019\/11\/servis-personeli1.jpg\" alt=\"\u041e\u0431\u0441\u043b\u0443\u0436\u0438\u0432\u0430\u043d\u0438\u0435 \u0442\u0435\u043f\u043b\u043e\u0432\u044b\u0445 \u0441\u0442\u0430\u043d\u0446\u0438\u0439\" class=\"wp-image-1067\" width=\"114\" height=\"140\" srcset=\"https:\/\/m-technic.com\/wp-content\/uploads\/2019\/11\/servis-personeli1.jpg 509w, https:\/\/m-technic.com\/wp-content\/uploads\/2019\/11\/servis-personeli1-245x300.jpg 245w\" sizes=\"(max-width: 114px) 100vw, 114px\" \/><\/figure><\/div>\n\n\n\n<ul><li>\u0421\u0447\u0435\u0442\u0447\u0438\u043a\u0438 \u0432 \u043f\u0440\u043e\u0435\u043a\u0442\u0435 \u0438 \u0438\u0445 \u043e\u043a\u0440\u0443\u0436\u0435\u043d\u0438\u044f<\/li><li>\u0411\u043b\u043e\u043a \u043f\u0435\u0440\u0435\u043a\u0440\u044b\u0442\u0438\u044f, \u0434\u043b\u0438\u043d\u0430 \u043c\u0435\u0445\u0430\u043d\u0438\u0447\u0435\u0441\u043a\u043e\u0439 \u0438 \u044d\u043b\u0435\u043a\u0442\u0440\u0438\u0447\u0435\u0441\u043a\u043e\u0439 \u0448\u0430\u0445\u0442\u044b<\/li><li>\u0421\u0438\u0442\u0443\u0430\u0446\u0438\u0438 \u0441 \u0432\u044b\u0441\u043e\u043a\u0438\u043c \u0442\u043e\u043a\u043e\u043c<\/li><li>\u041a\u043e\u043d\u0432\u0435\u0440\u0442\u0435\u0440\u043d\u044b\u0435 \u043f\u043e\u0440\u0442\u044b<\/li><\/ul>\n\n\n\n<h4><strong>\u041f\u043e\u0434\u0440\u043e\u0431\u043d\u043e\u0435 \u043e\u0442\u043a\u0440\u044b\u0442\u0438\u0435 \u0441\u0434\u0435\u043b\u0430\u043d\u043e \u043f\u0443\u0442\u0435\u043c \u043f\u0440\u043e\u0432\u0435\u0434\u0435\u043d\u0438\u044f \u043f\u043e\u043b\u0435\u0432\u044b\u0445 \u043f\u0440\u043e\u0432\u0435\u0440\u043e\u043a. \u041d\u0430\u0448\u0435 \u0446\u0435\u043d\u043e\u0432\u043e\u0435 \u043f\u0440\u0435\u0434\u043b\u043e\u0436\u0435\u043d\u0438\u0435 \u043f\u0440\u0435\u0434\u0441\u0442\u0430\u0432\u043b\u044f\u0435\u0442\u0441\u044f \u043d\u0430\u0448\u0438\u043c \u043a\u043b\u0438\u0435\u043d\u0442\u0430\u043c \u0432 \u0440\u0435\u0437\u0443\u043b\u044c\u0442\u0430\u0442\u0435 \u0441\u0434\u0435\u043b\u0430\u043d\u043d\u043e\u0433\u043e \u043e\u0442\u043a\u0440\u044b\u0442\u0438\u044f.<\/strong><\/h4>\n\n\n\n<hr class=\"wp-block-separator\"\/>\n\n\n\n<h3><strong>\u0427\u0442\u043e \u0442\u0430\u043a\u043e\u0435 MBus?<\/strong><\/h3>\n\n\n\n<div class=\"wp-block-image\"><figure class=\"alignright size-large is-resized\"><img loading=\"lazy\" src=\"https:\/\/m-technic.com\/wp-content\/uploads\/2020\/04\/mbus-logo.png\" alt=\"\u041b\u043e\u0433\u043e\u0442\u0438\u043f M-bus\" class=\"wp-image-2359\" width=\"173\" height=\"97\"\/><\/figure><\/div>\n\n\n\n<p>M-Bus - \u044d\u0442\u043e \u0430\u0431\u0431\u0440\u0435\u0432\u0438\u0430\u0442\u0443\u0440\u0430 \u043e\u0442 \u0441\u043b\u043e\u0432 Metering Bus. \u041a\u0430\u043a \u0441\u043b\u0435\u0434\u0443\u0435\u0442 \u0438\u0437 \u043d\u0430\u0437\u0432\u0430\u043d\u0438\u044f, \u044d\u0442\u043e \u0441\u0442\u0430\u043d\u0434\u0430\u0440\u0442, \u0440\u0430\u0437\u0440\u0430\u0431\u043e\u0442\u0430\u043d\u043d\u044b\u0439 \u0434\u043b\u044f \u043e\u0431\u043c\u0435\u043d\u0430 \u0434\u0430\u043d\u043d\u044b\u043c\u0438 \u043c\u0435\u0436\u0434\u0443 \u0438\u0437\u043c\u0435\u0440\u0438\u0442\u0435\u043b\u044c\u043d\u044b\u043c\u0438 \u043f\u0440\u0438\u0431\u043e\u0440\u0430\u043c\u0438. \u042d\u0442\u043e\u0442 \u0441\u0442\u0430\u043d\u0434\u0430\u0440\u0442 \u0438\u0441\u043f\u043e\u043b\u044c\u0437\u0443\u0435\u0442\u0441\u044f \u0434\u043b\u044f \u0438\u0437\u043c\u0435\u0440\u0435\u043d\u0438\u044f \u0442\u0430\u043a\u0438\u0445 \u0438\u0437\u043c\u0435\u0440\u0438\u0442\u0435\u043b\u044c\u043d\u044b\u0445 \u043f\u0440\u0438\u0431\u043e\u0440\u043e\u0432, \u043a\u0430\u043a \u044d\u043b\u0435\u043a\u0442\u0440\u0438\u0447\u0435\u0441\u0442\u0432\u043e, \u0433\u043e\u0440\u044f\u0447\u0430\u044f \u0432\u043e\u0434\u0430 \u0438 \u0445\u043e\u043b\u043e\u0434\u043d\u0430\u044f \u0432\u043e\u0434\u0430, \u043a\u043e\u0442\u043e\u0440\u044b\u0435 \u043e\u0431\u044b\u0447\u043d\u043e \u0438\u0441\u043f\u043e\u043b\u044c\u0437\u0443\u044e\u0442\u0441\u044f \u0432 \u0434\u043e\u043c\u0430\u0445. \u042d\u0442\u043e \u043f\u0440\u043e\u0442\u043e\u043a\u043e\u043b \u0441\u0432\u044f\u0437\u0438 \u0432 \u0441\u043e\u043e\u0442\u0432\u0435\u0442\u0441\u0442\u0432\u0438\u0438 \u0441\u043e \u0441\u0442\u0430\u043d\u0434\u0430\u0440\u0442\u043e\u043c TS EN 1434-3.<\/p>\n\n\n\n<p>\u041e\u0431\u043e\u0440\u0443\u0434\u043e\u0432\u0430\u043d\u0438\u0435 M-Bus \u043c\u043e\u0436\u0435\u0442 \u043f\u043e\u043b\u0443\u0447\u0430\u0442\u044c \u044d\u043d\u0435\u0440\u0433\u0438\u044e \u043f\u043e \u043a\u0430\u0431\u0435\u043b\u044e \u0438\u043b\u0438 \u043c\u043e\u0436\u0435\u0442 \u043f\u0438\u0442\u0430\u0442\u044c\u0441\u044f \u043e\u0442 \u0431\u0430\u0442\u0430\u0440\u0435\u0439. \u0421\u0447\u0435\u0442\u0447\u0438\u043a\u0438 MBus \u0441\u043e\u0431\u0438\u0440\u0430\u044e\u0442 \u0438\u043d\u0444\u043e\u0440\u043c\u0430\u0446\u0438\u044e, \u043a\u043e\u0442\u043e\u0440\u0443\u044e \u043e\u043d\u0438 \u0441\u043e\u0431\u0438\u0440\u0430\u044e\u0442, \u043a\u043e\u0433\u0434\u0430 \u0438\u0445 \u043e\u043f\u0440\u0430\u0448\u0438\u0432\u0430\u0435\u0442 \u0433\u043b\u0430\u0432\u043d\u044b\u0439 \u043f\u0440\u0435\u043e\u0431\u0440\u0430\u0437\u043e\u0432\u0430\u0442\u0435\u043b\u044c. <a rel=\"noreferrer noopener\" href=\"https:\/\/m-technic.com\/ru\/%d0%bf%d1%80%d0%b5%d0%be%d0%b1%d1%80%d0%b0%d0%b7%d0%be%d0%b2%d0%b0%d1%82%d0%b5%d0%bb%d1%8c-%d0%b8%d0%bd%d1%82%d0%b5%d1%80%d1%84%d0%b5%d0%b9%d1%81%d0%b0-m-bus\/\" target=\"_blank\">\u043e\u0441\u0432\u043e\u0438\u0442\u044c \u043a\u043e\u043d\u0432\u0435\u0440\u0442\u0435\u0440<\/a> \u043f\u0435\u0440\u0435\u0434\u0430\u0442\u044c.<\/p>\n\n\n\n<p>\u041e\u0431\u043e\u0440\u0443\u0434\u043e\u0432\u0430\u043d\u0438\u0435 MBus \u043d\u0435 \u0441\u043b\u0435\u0434\u0443\u0435\u0442 \u043f\u043e\u0434\u0432\u0435\u0440\u0433\u0430\u0442\u044c \u0441\u043e\u043c\u043d\u0435\u043d\u0438\u044e \u0441\u043b\u0438\u0448\u043a\u043e\u043c \u0447\u0430\u0441\u0442\u043e, \u043e\u0441\u043e\u0431\u0435\u043d\u043d\u043e \u043a\u043e\u0433\u0434\u0430 \u043e\u043d\u043e \u0440\u0430\u0431\u043e\u0442\u0430\u0435\u0442 \u043e\u0442 \u0431\u0430\u0442\u0430\u0440\u0435\u0439. \u041f\u043e\u0441\u043a\u043e\u043b\u044c\u043a\u0443 \u043a\u0430\u0436\u0434\u044b\u0439 \u0437\u0430\u043f\u0440\u043e\u0441 \u0433\u0435\u043d\u0435\u0440\u0438\u0440\u0443\u0435\u0442 \u043f\u043e\u0442\u0440\u0435\u0431\u043b\u0435\u043d\u0438\u0435 \u044d\u043d\u0435\u0440\u0433\u0438\u0438, \u0438\u0434\u0435\u0430\u043b\u044c\u043d\u0430\u044f \u0447\u0430\u0441\u0442\u043e\u0442\u0430 \u0437\u0430\u043f\u0440\u043e\u0441\u043e\u0432 - \u043e\u0434\u0438\u043d \u0440\u0430\u0437 \u0432 \u0434\u0435\u043d\u044c.<\/p>\n\n\n\n<p>\u0415\u0441\u043b\u0438 \u043a\u0430\u0431\u0435\u043b\u044c\u043d\u0430\u044f \u0438\u043d\u0444\u0440\u0430\u0441\u0442\u0440\u0443\u043a\u0442\u0443\u0440\u0430 \u0433\u043e\u0442\u043e\u0432\u0430, \u0441\u0447\u0435\u0442\u0447\u0438\u043a\u0438 \u043c\u043e\u0433\u0443\u0442 \u043f\u0435\u0440\u0435\u0434\u0430\u0432\u0430\u0442\u044c \u0441\u0432\u043e\u044e \u044d\u043d\u0435\u0440\u0433\u0438\u044e \u043f\u043e \u043a\u0430\u0431\u0435\u043b\u044e. \u0412 \u044d\u0442\u043e\u043c \u0441\u043b\u0443\u0447\u0430\u0435 \u0431\u043e\u043b\u0435\u0435 \u0447\u0430\u0441\u0442\u044b\u0435 \u0437\u0430\u043f\u0440\u043e\u0441\u044b \u043d\u0435 \u0432\u044b\u0437\u043e\u0432\u0443\u0442 \u043d\u0438\u043a\u0430\u043a\u0438\u0445 \u043f\u0440\u043e\u0431\u043b\u0435\u043c.<\/p>\n\n\n\n<hr class=\"wp-block-separator\"\/>\n\n\n\n<h3><strong>\u041d\u0430\u0441\u0442\u0440\u043e\u0439\u043a\u0430 \u0441\u0438\u0441\u0442\u0435\u043c\u044b MBus<\/strong>, MBus \u0412\u0432\u043e\u0434 \u0432 \u044d\u043a\u0441\u043f\u043b\u0443\u0430\u0442\u0430\u0446\u0438\u044e<\/h3>\n\n\n\n<p>\u0412 \u043f\u0440\u0438\u043b\u043e\u0436\u0435\u043d\u0438\u0438 \u0434\u043b\u044f \u043f\u0440\u043e\u0432\u043e\u0434\u043d\u043e\u0439 \u0443\u0441\u0442\u0430\u043d\u043e\u0432\u043a\u0438 M-Bus \u0443\u0441\u0442\u0430\u043d\u0430\u0432\u043b\u0438\u0432\u0430\u0435\u0442\u0441\u044f \u043f\u0430\u0440\u0430 \u0441\u0438\u0433\u043d\u0430\u043b\u044c\u043d\u044b\u0445 \u043a\u0430\u0431\u0435\u043b\u0435\u0439, \u0438 \u0432\u0441\u0435 \u043e\u0431\u043e\u0440\u0443\u0434\u043e\u0432\u0430\u043d\u0438\u0435 MBus \u043f\u043e\u0434\u043a\u043b\u044e\u0447\u0430\u0435\u0442\u0441\u044f \u043f\u0430\u0440\u0430\u043b\u043b\u0435\u043b\u044c\u043d\u043e \u043a\u0430\u0431\u0435\u043b\u044e (BUS). \u0423\u0441\u0442\u0440\u043e\u0439\u0441\u0442\u0432\u0430, \u043f\u043e\u0434\u043a\u043b\u044e\u0447\u0435\u043d\u043d\u044b\u0435 \u043a \u043a\u043e\u043b\u043b\u0435\u043a\u0442\u043e\u0440\u0443 MBus \u0432 \u0446\u0435\u043d\u0442\u0440\u0435, \u043f\u043e\u043b\u0443\u0447\u0430\u044e\u0442 \u044d\u043d\u0435\u0440\u0433\u0438\u044e \u043f\u043e \u043a\u0430\u0431\u0435\u043b\u044e. \u0412 \u0442\u043e \u0436\u0435 \u0432\u0440\u0435\u043c\u044f \u0438\u043d\u0444\u043e\u0440\u043c\u0430\u0446\u0438\u044f \u043e \u0441\u0447\u0435\u0442\u0447\u0438\u043a\u0435 \u043f\u0435\u0440\u0435\u0434\u0430\u0435\u0442\u0441\u044f \u043d\u0430 \u043f\u0440\u0435\u043e\u0431\u0440\u0430\u0437\u043e\u0432\u0430\u0442\u0435\u043b\u044c \u0432 \u0446\u0435\u043d\u0442\u0440\u0435 \u043f\u043e \u043a\u0430\u0431\u0435\u043b\u044e.<\/p>\n\n\n\n<p>\u042d\u0442\u0430 \u0441\u0438\u0441\u0442\u0435\u043c\u0430, \u043a\u043e\u0442\u043e\u0440\u0430\u044f \u0438\u043c\u0435\u0435\u0442 \u043e\u0447\u0435\u043d\u044c \u043d\u0438\u0437\u043a\u0443\u044e \u0441\u0442\u043e\u0438\u043c\u043e\u0441\u0442\u044c \u043f\u0440\u043e\u043a\u043b\u0430\u0434\u043a\u0438 \u043a\u0430\u0431\u0435\u043b\u044f \u0438\u0437-\u0437\u0430 \u0438\u0441\u043f\u043e\u043b\u044c\u0437\u043e\u0432\u0430\u043d\u0438\u044f \u0442\u043e\u043f\u043e\u043b\u043e\u0433\u0438\u0438 \u0448\u0438\u043d\u044b, \u043e\u0441\u043e\u0431\u0435\u043d\u043d\u043e \u043f\u043e\u0434\u0445\u043e\u0434\u0438\u0442 \u0434\u043b\u044f \u043a\u0432\u0430\u0440\u0442\u0438\u0440 \u0438 \u0443\u0447\u0430\u0441\u0442\u043a\u043e\u0432.<\/p>\n\n\n\n<p>MBus - \u044d\u0442\u043e \u043f\u0440\u043e\u0442\u043e\u043a\u043e\u043b, \u043a\u043e\u0442\u043e\u0440\u044b\u0439 \u043e\u0431\u043c\u0435\u043d\u0438\u0432\u0430\u0435\u0442\u0441\u044f \u0434\u0430\u043d\u043d\u044b\u043c\u0438 \u043f\u043e\u0441\u043b\u0435\u0434\u043e\u0432\u0430\u0442\u0435\u043b\u044c\u043d\u043e \u043f\u043e \u043f\u0430\u0440\u0435 \u043a\u0430\u0431\u0435\u043b\u0435\u0439. \u0415\u0441\u043b\u0438 \u0442\u0430\u043a\u0430\u044f \u043a\u043e\u043d\u0441\u0442\u0440\u0443\u043a\u0446\u0438\u044f \u0431\u0443\u0434\u0435\u0442 \u0443\u0441\u0442\u0430\u043d\u043e\u0432\u043b\u0435\u043d\u0430, \u0442\u043e \u043c\u043e\u0436\u043d\u043e \u0431\u0443\u0434\u0435\u0442 \u0437\u0430\u043f\u0438\u0442\u044b\u0432\u0430\u0442\u044c \u0441\u0447\u0435\u0442\u0447\u0438\u043a\u0438 \u0434\u0438\u0441\u0442\u0430\u043d\u0446\u0438\u043e\u043d\u043d\u043e.<\/p>\n\n\n\n<p>\u041a \u043e\u0434\u043d\u043e\u043c\u0443 \u0441\u0435\u0433\u043c\u0435\u043d\u0442\u0443 M-Bus \u043c\u043e\u0436\u043d\u043e \u043f\u043e\u0434\u043a\u043b\u044e\u0447\u0438\u0442\u044c \u043d\u0435 \u0431\u043e\u043b\u0435\u0435 250 \u043c\u0435\u0442\u0440\u043e\u0432.<\/p>\n\n\n\n<h4><strong>\u041e\u0431\u0440\u0430\u0437\u0435\u0446<\/strong> <strong>\u041c\u043e\u043d\u0442\u0430\u0436\u043d\u043e\u0435 \u0441\u043e\u0435\u0434\u0438\u043d\u0435\u043d\u0438\u0435, \u043f\u0440\u043e\u0432\u043e\u0434\u043a\u0430 M-Bus:<\/strong><\/h4>\n\n\n\n<figure class=\"wp-block-image size-large\"><img loading=\"lazy\" width=\"1014\" height=\"834\" src=\"https:\/\/m-technic.com\/wp-content\/uploads\/2020\/04\/\u00f6rnek-m-bus-ba\u011flat\u0131s\u0131-1.jpg\" alt=\"\u0421\u0445\u0435\u043c\u0430 \u0443\u0441\u0442\u0430\u043d\u043e\u0432\u043a\u0438 Mbus\" class=\"wp-image-2501\" srcset=\"https:\/\/m-technic.com\/wp-content\/uploads\/2020\/04\/\u00f6rnek-m-bus-ba\u011flat\u0131s\u0131-1.jpg 1014w, https:\/\/m-technic.com\/wp-content\/uploads\/2020\/04\/\u00f6rnek-m-bus-ba\u011flat\u0131s\u0131-1-300x247.jpg 300w, https:\/\/m-technic.com\/wp-content\/uploads\/2020\/04\/\u00f6rnek-m-bus-ba\u011flat\u0131s\u0131-1-768x632.jpg 768w\" sizes=\"(max-width: 1014px) 100vw, 1014px\" \/><\/figure>\n\n\n\n<hr class=\"wp-block-separator\"\/>","protected":false},"excerpt":{"rendered":"<p>M-Technic olarak; M-Bus sistemi kurulum, M-Bus kablolama ve devreye alma ihtiya\u00e7lar\u0131n\u0131zda \u00fccretsiz ke\u015fif hizmetimiz ile projenize \u00f6zel en uygun \u00e7\u00f6z\u00fcmleri sunuyoruz. M-Technic teknik ekibi taraf\u0131ndan; Projedeki saya\u00e7lar ve bulunduklar\u0131 ortamlar Blok kat, mekanik ve elektrik \u015faft uzunluklar\u0131 Y\u00fcksek ak\u0131m durumlar\u0131 Konvert\u00f6r ba\u011flant\u0131 noktalar\u0131n\u0131n saha kontrolleri yap\u0131larak detayl\u0131 bir \u015fekilde ke\u015fif yap\u0131l\u0131r. Yap\u0131lan ke\u015fif neticesinde fiyat [&hellip;]<\/p>","protected":false},"author":1,"featured_media":2381,"parent":0,"menu_order":0,"comment_status":"closed","ping_status":"closed","template":"","meta":[],"yst_prominent_words":[],"yoast_head":"<!-- This site is optimized with the Yoast SEO Premium plugin v14.1 - https:\/\/yoast.com\/wordpress\/plugins\/seo\/ -->\n<title>M-Bus Sistemi Kurulum, M-Bus Kablolama ve Devreye Alma \u0130\u015flemleri<\/title>\n<meta name=\"description\" content=\"M-Technic olarak; M-Bus sistemi kurulum, kablolama ve m-bus devreya alma ihtiya\u00e7lar\u0131n\u0131zda \u00fccretsiz ke\u015fif hizmetimiz ile en uygun \u00e7\u00f6z\u00fcmleri sunuyoruz.\" \/>\n<meta name=\"robots\" content=\"index, follow\" \/>\n<meta name=\"googlebot\" content=\"index, follow, max-snippet:-1, max-image-preview:large, max-video-preview:-1\" \/>\n<meta name=\"bingbot\" content=\"index, follow, max-snippet:-1, max-image-preview:large, max-video-preview:-1\" \/>\n<link rel=\"canonical\" href=\"https:\/\/m-technic.com\/ru\/m-bus-kurulum\/\" \/>\n<meta property=\"og:locale\" content=\"ru_RU\" \/>\n<meta property=\"og:type\" content=\"article\" \/>\n<meta property=\"og:title\" content=\"M-Bus Sistemi Kurulum, M-Bus Kablolama ve Devreye Alma \u0130\u015flemleri\" \/>\n<meta property=\"og:description\" content=\"M-Technic olarak; M-Bus sistemi kurulum, kablolama ve m-bus devreya alma ihtiya\u00e7lar\u0131n\u0131zda \u00fccretsiz ke\u015fif hizmetimiz ile en uygun \u00e7\u00f6z\u00fcmleri sunuyoruz.\" \/>\n<meta property=\"og:url\" content=\"https:\/\/m-technic.com\/ru\/m-bus-kurulum\/\" \/>\n<meta property=\"og:site_name\" content=\"M-Technic\" \/>\n<meta property=\"article:modified_time\" content=\"2020-05-30T17:04:59+00:00\" \/>\n<meta property=\"og:image\" content=\"https:\/\/m-technic.com\/wp-content\/uploads\/2020\/04\/\u00f6rnek-m-bus-ba\u011flat\u0131s\u0131.jpg\" \/>\n\t<meta property=\"og:image:width\" content=\"1014\" \/>\n\t<meta property=\"og:image:height\" content=\"834\" \/>\n<meta name=\"twitter:card\" content=\"summary_large_image\" \/>\n<script type=\"application\/ld+json\" class=\"yoast-schema-graph\">{\"@context\":\"https:\/\/schema.org\",\"@graph\":[{\"@type\":\"WebSite\",\"@id\":\"https:\/\/m-technic.com\/ru\/#website\",\"url\":\"https:\/\/m-technic.com\/ru\/\",\"name\":\"M-Technic\",\"description\":\"Projelere \\u00f6zel kompakt \\u00e7\\u00f6z\\u00fcmler\",\"potentialAction\":[{\"@type\":\"SearchAction\",\"target\":\"https:\/\/m-technic.com\/ru\/?s={search_term_string}\",\"query-input\":\"required name=search_term_string\"}],\"inLanguage\":\"ru-RU\"},{\"@type\":\"ImageObject\",\"@id\":\"https:\/\/m-technic.com\/m-bus-kurulum\/#primaryimage\",\"inLanguage\":\"ru-RU\",\"url\":\"https:\/\/m-technic.com\/wp-content\/uploads\/2020\/04\/\\u00f6rnek-m-bus-ba\\u011flat\\u0131s\\u0131.jpg\",\"width\":1014,\"height\":834,\"caption\":\"m-bus kurulum\"},{\"@type\":\"WebPage\",\"@id\":\"https:\/\/m-technic.com\/m-bus-kurulum\/#webpage\",\"url\":\"https:\/\/m-technic.com\/m-bus-kurulum\/\",\"name\":\"M-Bus Sistemi Kurulum, M-Bus Kablolama ve Devreye Alma \\u0130\\u015flemleri\",\"isPartOf\":{\"@id\":\"https:\/\/m-technic.com\/ru\/#website\"},\"primaryImageOfPage\":{\"@id\":\"https:\/\/m-technic.com\/m-bus-kurulum\/#primaryimage\"},\"datePublished\":\"2020-04-11T14:10:19+00:00\",\"dateModified\":\"2020-05-30T17:04:59+00:00\",\"description\":\"M-Technic olarak; M-Bus sistemi kurulum, kablolama ve m-bus devreya alma ihtiya\\u00e7lar\\u0131n\\u0131zda \\u00fccretsiz ke\\u015fif hizmetimiz ile en uygun \\u00e7\\u00f6z\\u00fcmleri sunuyoruz.\",\"inLanguage\":\"ru-RU\",\"potentialAction\":[{\"@type\":\"ReadAction\",\"target\":[\"https:\/\/m-technic.com\/m-bus-kurulum\/\"]}]}]}<\/script>\n<!-- \/ Yoast SEO Premium plugin. -->","_links":{"self":[{"href":"https:\/\/m-technic.com\/ru\/wp-json\/wp\/v2\/pages\/2356"}],"collection":[{"href":"https:\/\/m-technic.com\/ru\/wp-json\/wp\/v2\/pages"}],"about":[{"href":"https:\/\/m-technic.com\/ru\/wp-json\/wp\/v2\/types\/page"}],"author":[{"embeddable":true,"href":"https:\/\/m-technic.com\/ru\/wp-json\/wp\/v2\/users\/1"}],"replies":[{"embeddable":true,"href":"https:\/\/m-technic.com\/ru\/wp-json\/wp\/v2\/comments?post=2356"}],"version-history":[{"count":37,"href":"https:\/\/m-technic.com\/ru\/wp-json\/wp\/v2\/pages\/2356\/revisions"}],"predecessor-version":[{"id":2741,"href":"https:\/\/m-technic.com\/ru\/wp-json\/wp\/v2\/pages\/2356\/revisions\/2741"}],"wp:featuredmedia":[{"embeddable":true,"href":"https:\/\/m-technic.com\/ru\/wp-json\/wp\/v2\/media\/2381"}],"wp:attachment":[{"href":"https:\/\/m-technic.com\/ru\/wp-json\/wp\/v2\/media?parent=2356"}],"wp:term":[{"taxonomy":"yst_prominent_words","embeddable":true,"href":"https:\/\/m-technic.com\/ru\/wp-json\/wp\/v2\/yst_prominent_words?post=2356"}],"curies":[{"name":"wp","href":"https:\/\/api.w.org\/{rel}","templated":true}]}}