{"id":1539,"date":"2020-02-08T16:59:48","date_gmt":"2020-02-08T16:59:48","guid":{"rendered":"https:\/\/m-technic.com\/?page_id=1539"},"modified":"2021-12-18T21:35:20","modified_gmt":"2021-12-18T21:35:20","slug":"qundis-isi-pay-olcer","status":"publish","type":"page","link":"https:\/\/m-technic.com\/ru\/qundis-isi-pay-olcer\/","title":{"rendered":"Qundis Is\u0131 Pay \u00d6l\u00e7er"},"content":{"rendered":"<div data-elementor-type=\"wp-page\" data-elementor-id=\"1539\" class=\"elementor elementor-1539\">\n\t\t\t\t\t\t<div class=\"elementor-inner\">\n\t\t\t\t<div class=\"elementor-section-wrap\">\n\t\t\t\t\t\t\t\t\t<section class=\"elementor-section elementor-top-section elementor-element elementor-element-6c12f29c elementor-section-boxed elementor-section-height-default elementor-section-height-default\" data-id=\"6c12f29c\" data-element_type=\"section\">\n\t\t\t\t\t\t<div class=\"elementor-container elementor-column-gap-default\">\n\t\t\t\t\t\t\t<div class=\"elementor-row\">\n\t\t\t\t\t<div class=\"elementor-column elementor-col-100 elementor-top-column elementor-element elementor-element-3be9e4c0\" data-id=\"3be9e4c0\" data-element_type=\"column\">\n\t\t\t<div class=\"elementor-column-wrap elementor-element-populated\">\n\t\t\t\t\t\t\t<div class=\"elementor-widget-wrap\">\n\t\t\t\t\t\t<div class=\"elementor-element elementor-element-33d2a7bd elementor-widget elementor-widget-text-editor\" data-id=\"33d2a7bd\" data-element_type=\"widget\" data-widget_type=\"text-editor.default\">\n\t\t\t\t<div class=\"elementor-widget-container\">\n\t\t\t\t\t\t\t\t<div class=\"elementor-text-editor elementor-clearfix\">\n\t\t\t\t<!-- wp:image {\"id\":1540,\"width\":280,\"height\":91,\"sizeSlug\":\"large\"} -->\n<figure class=\"wp-block-image size-large is-resized\"><img loading=\"lazy\" class=\"wp-image-1540\" src=\"https:\/\/m-technic.com\/wp-content\/uploads\/2020\/02\/qundis-1.jpg\" alt=\"qundis \u0131s\u0131 pay \u00f6l\u00e7er logo\" width=\"280\" height=\"91\" srcset=\"https:\/\/m-technic.com\/wp-content\/uploads\/2020\/02\/qundis-1.jpg 708w, https:\/\/m-technic.com\/wp-content\/uploads\/2020\/02\/qundis-1-300x99.jpg 300w\" sizes=\"(max-width: 280px) 100vw, 280px\" \/><\/figure>\n<!-- \/wp:image --><!-- wp:paragraph {\"fontSize\":\"normal\"} -->\n<p>Qundis Is\u0131 Pay \u00d6l\u00e7er ihtiya\u00e7lar\u0131n\u0131zda \u00fccretsiz ke\u015fif hizmetimiz ile projenize \u00f6zel en uygun \u00e7\u00f6z\u00fcmleri sunuyoruz.<\/p>\n<!-- \/wp:paragraph --><!-- wp:heading {\"level\":4,\"textColor\":\"very-dark-gray\"} -->\n<h4 class=\"has-very-dark-gray-color has-text-color\"><strong><em>\u0411\u0435\u0441\u043f\u043b\u0430\u0442\u043d\u0430\u044f \u0433\u0430\u0440\u0430\u043d\u0442\u0438\u044f \u043b\u0443\u0447\u0448\u0435\u0439 \u0446\u0435\u043d\u044b Pre-Discovery!<\/em> <\/strong><\/h4>\n<!-- \/wp:heading --><!-- wp:heading -->\n<h2><strong>Qundis Is\u0131 Pay \u00d6l\u00e7er<\/strong><\/h2>\n<!-- \/wp:heading --><!-- wp:heading {\"level\":3} -->\n<h3><strong>Is\u0131 Pay \u00d6l\u00e7er Nedir?<\/strong><\/h3>\n<!-- \/wp:heading --><!-- wp:paragraph {\"align\":\"left\",\"fontSize\":\"normal\"} -->\n<p>Is\u0131 Pay \u00d6l\u00e7er merkezi \u0131s\u0131tma sistemli binalarda radyat\u00f6r \u00fczerine tak\u0131larak t\u00fcketilen \u0131s\u0131 enerjisini payla\u015ft\u0131rmaya yarayan cihazd\u0131r. \u00c7ok kolonlu, borulu\/ dikey \u0131s\u0131tma Sistemlerindeki kullan\u0131m\u0131 i\u00e7in tasarlanm\u0131\u015ft\u0131r. Radyat\u00f6r \u00fczerinden \u00f6l\u00e7\u00fcm yaparak, dairenin bireysel \u0131s\u0131 enerjisi t\u00fcketimini hesaplanmas\u0131n\u0131 ve t\u00fcm apartmanda gider payla\u015f\u0131m\u0131 yap\u0131lmas\u0131n\u0131 sa\u011flayan \u0131s\u0131 sayac\u0131d\u0131r.<\/p>\n<!-- \/wp:paragraph --><!-- wp:image {\"align\":\"right\",\"id\":1549,\"width\":100,\"height\":212,\"sizeSlug\":\"large\"} -->\n<div class=\"wp-block-image\">\n<figure class=\"alignright size-large is-resized\"><img loading=\"lazy\" class=\"wp-image-1549 alignright\" src=\"https:\/\/m-technic.com\/wp-content\/uploads\/2020\/02\/QUNDIS_Q_caloric5.5.png\" alt=\"Is\u0131 Pay \u00d6l\u00e7er\" width=\"100\" height=\"212\" srcset=\"https:\/\/m-technic.com\/wp-content\/uploads\/2020\/02\/QUNDIS_Q_caloric5.5.png 386w, https:\/\/m-technic.com\/wp-content\/uploads\/2020\/02\/QUNDIS_Q_caloric5.5-142x300.png 142w\" sizes=\"(max-width: 100px) 100vw, 100px\" \/><\/figure>\n<\/div>\n<!-- \/wp:image --><!-- wp:heading {\"level\":3} -->\n<h3><strong>Q Caloric 5.5 Eletronik Is\u0131 Pay \u00d6l\u00e7er<\/strong><\/h3>\n<!-- \/wp:heading --><!-- wp:heading {\"level\":4} -->\n<h4><em><strong>Geli\u015fmi\u015f kablosuz aktar\u0131m performans\u0131 ve esnek okuma devreleri!<\/strong><\/em><\/h4>\n<!-- \/wp:heading --><!-- wp:paragraph {\"fontSize\":\"normal\"} -->\n<p>Yeni nesil\u00a0Q caloric 5.5\u00a0\u0131s\u0131 pay \u00f6l\u00e7eri, saya\u00e7lar\u0131n \u00f6ncesinde oldu\u011fundan daha basit ve esnek bi\u00e7imde okunmas\u0131na olanak sa\u011fl\u0131yor. Saya\u00e7lar, hem bulunduklar\u0131 konumda hem de mobil olarak okunabilir. \u00d6nceki nesil pay \u00f6l\u00e7erlere oranla daha geni\u015f olan kablosuz aktar\u0131m aral\u0131\u011f\u0131, uzaktan okumay\u0131 daha basit hale getirirken, veri kalitesini art\u0131yor ve okuma devrelerini azalt\u0131yor.<\/p>\n<p>Daha esnek okuma devreleri, daha ileri seviyede \u00fcretkenlik sa\u011flayan yeni bir \u00f6zelliktir. Yani \u00f6l\u00e7\u00fcm hizmetleri firmalar\u0131 ve y\u00f6netim firmalar\u0131 art\u0131k y\u0131l\u0131n belli zamanlar\u0131na ba\u011fl\u0131 kalmak zorunda de\u011filler. Bunun sonucu olarak, t\u00fcketim verisinin kaydedilmesi ve enerji maliyetlerinin faturaland\u0131r\u0131lmas\u0131n\u0131n planlanmas\u0131 konusunda daha fazla esnekli\u011fe sahipler.\u00a0Q caloric 5.5, kablosuz walk-by telegramlara paralel olarak AMR telegramlar\u0131 da g\u00f6nderdi\u011fi i\u00e7in saya\u00e7 okumas\u0131 hem sayac\u0131n bulundu\u011fu konumda hem de mobil olarak ger\u00e7ekle\u015ftirilebilir.<\/p>\n<!-- \/wp:paragraph --><!-- wp:heading {\"level\":4} -->\n<h4><strong>Faydalar\u0131na g\u00f6z gezdirirsek:<\/strong><\/h4>\n<!-- \/wp:heading --><!-- wp:list -->\n<ul>\n<li>C-Modu kablosuz aktar\u0131m aral\u0131\u011f\u0131n\u0131 iki kat\u0131na \u00e7\u0131kar\u0131yor<\/li>\n<li>(C-Modunda) 365 g\u00fcn okuma imk\u00e2n\u0131<\/li>\n<li>(C-Modunda) walk-by ve AMR telegramlar\u0131n\u0131n OMS standartlar\u0131yla uyumlu bi\u00e7imde paralel aktar\u0131m\u0131<\/li>\n<li>Bir \u00f6nceki Q caloric 5 modeli ile uyumlu<\/li>\n<li>Yeni \u0131s\u0131 transferi (kc) de\u011ferlerine gerek olmamas\u0131<\/li>\n<li>\u0130lave montaj gerektirmemesi<\/li>\n<li>Alanda C-Moduna ve OMS\u2019ye y\u00fckseltilebilme imkan\u0131<\/li>\n<li>Var olan QUNDIS sistemleri i\u00e7in yaz\u0131l\u0131m uyarlamas\u0131 gerektirmemesi<\/li>\n<\/ul>\n<!-- \/wp:list --><!-- wp:separator --><hr class=\"wp-block-separator\" \/><!-- \/wp:separator --><!-- wp:image {\"align\":\"left\",\"id\":1625,\"width\":167,\"height\":45} -->\n<div class=\"wp-block-image\">\n<figure class=\"alignleft is-resized\"><img loading=\"lazy\" class=\"wp-image-1625\" src=\"https:\/\/m-technic.com\/wp-content\/uploads\/2020\/02\/caloric.jpg\" alt=\"\" width=\"167\" height=\"45\" srcset=\"https:\/\/m-technic.com\/wp-content\/uploads\/2020\/02\/caloric.jpg 451w, https:\/\/m-technic.com\/wp-content\/uploads\/2020\/02\/caloric-300x80.jpg 300w\" sizes=\"(max-width: 167px) 100vw, 167px\" \/><\/figure>\n<\/div>\n<!-- \/wp:image --><!-- wp:heading -->\n<h2><strong>5.5 Is\u0131 Pay \u00d6l\u00e7er <\/strong><\/h2>\n<!-- \/wp:heading --><!-- wp:heading {\"level\":4} -->\n<h4><strong><em>Maksimum telsiz performans\u0131. Daha fazla esneklik i\u00e7in!<\/em> <\/strong><\/h4>\n<!-- \/wp:heading --><!-- wp:paragraph {\"fontSize\":\"normal\"} -->\n<p>Q caloric 5.5, bilenen Q caloric 5\u2019in sonraki modelidir. Elektronik cihaz \u0131s\u0131t\u0131c\u0131lardan verilen \u0131s\u0131n\u0131n y\u00fczdesini tespit eder ve \u00e7ok daha y\u00fcksek bir telsiz performans\u0131na sahiptir. Telsiz kapsama alan\u0131 bina i\u00e7inde C modu sayesinde iki kat\u0131na \u00e7\u0131kar\u0131labildi.<\/p>\n<p>Q caloric 5.5\u2019in di\u011fer bir yenili\u011fi de esnek okuma zamanlar\u0131d\u0131r. \u00d6nceki modelde okumak i\u00e7in 48 muhtemel g\u00fcn varken, yeni \u0131s\u0131 pay \u00f6l\u00e7er ile senenin 365 g\u00fcn\u00fc okuma yapmak m\u00fcmk\u00fcnd\u00fcr. B\u00f6ylece Q walk-by sistemi kullan\u0131ld\u0131\u011f\u0131nda \u00f6l\u00e7\u00fcm hizmeti sa\u011flay\u0131c\u0131lar\u0131 y\u0131l\u0131 belirli d\u00f6nemlerine ba\u011fl\u0131 kalmaz. Bu sayede t\u00fcketim verilerinin tespitini ve enerji maliyeti hesaplamas\u0131n\u0131 planlarken daha fazla \u00f6zg\u00fcr olursunuz.<\/p>\n<p>Saya\u00e7 okumas\u0131 hem sabit, hem de mobil olarak yap\u0131labilir; \u00e7\u00fcnk\u00fc Q caloric 5.5, walk-by telsiz telegramlar\u0131na paralel AMR telegramlar\u0131 g\u00f6ndermektedir. AMR telegramlar\u0131 C modunda ayr\u0131ca \u201eOpen Metering System Specification\u201c \u00f6zelli\u011fine sahiptir. Paralel g\u00f6nderim \u00f6zelli\u011fi ayr\u0131ca Q caloric 5.5\u2019i yeniden yap\u0131land\u0131rmaya gerek kalmadan istedi\u011finiz zaman AMR okumas\u0131na ge\u00e7ebilirsiniz. B\u00f6ylece bir y\u0131l\u0131n alt\u0131ndaki t\u00fcketim tespitlerine de haz\u0131r olursunuz.<\/p>\n<p>Q caloric 5.5 alt\u0131nda donan\u0131m ve yaz\u0131l\u0131m uyarlamalar\u0131na gerek kalma- dan QUNDIS AMR mevcut sistemleri \u00e7al\u0131\u015ft\u0131r\u0131labilir! \u00c7\u00fcnk\u00fc bizler \u00f6nceki modelle kar\u0131\u015f\u0131k i\u015fletimde alt model- lerle uygunlu\u011fa \u00f6zellikle de\u011fer verdik. Q caloric 5.5 \u00f6rne\u011fin P2 ve P3 montaj plakalar\u0131yla veya \u00e7e\u015fitli algoritmalarla uyumludur.<\/p>\n<!-- \/wp:paragraph --><!-- wp:separator --><hr class=\"wp-block-separator\" \/><!-- \/wp:separator --><!-- wp:heading {\"level\":4} -->\n<h4><strong>Temel \u00d6zellikleri:<\/strong><\/h4>\n<!-- \/wp:heading --><!-- wp:paragraph -->\n<p><strong>Telsiz \u00f6zellikleri (C modu)<\/strong><\/p>\n<!-- \/wp:paragraph --><!-- wp:list -->\n<ul>\n<li>Tipik binalarda telsiz kapsam\u0131n\u0131n 20m\u2019den 40m\u2019ye \u00e7\u0131kmas\u0131<\/li>\n<li>Y\u0131l\u0131n 365 g\u00fcn\u00fc okunabilir<\/li>\n<li>Walk-by ve AMR veri telegramlar\u0131n\u0131n paralel g\u00f6nderilmesi (S modunda da)<\/li>\n<\/ul>\n<!-- \/wp:list --><!-- wp:paragraph -->\n<p><strong>Entegrasyon<\/strong><\/p>\n<!-- \/wp:paragraph --><!-- wp:list -->\n<ul>\n<li>\u00d6nceki Q caloric 5 modeliyle uyumlu<\/li>\n<li>Yeni \u0131s\u0131 aktar\u0131m degerlerine (kc degerleri) gerek yok<\/li>\n<li>\u0130lave montaj ihtiyac\u0131na gerek yok<\/li>\n<li>Sahada C moduna y\u00fckseltmek m\u00fcmk\u00fcn<\/li>\n<li>Mevcut QUNDIS AMR sistemlerinde a\u011f bilesenlerinin yaz\u0131l\u0131m uyarlamas\u0131na gerek yoktur<\/li>\n<\/ul>\n<!-- \/wp:list --><!-- wp:image {\"id\":2592,\"width\":609,\"height\":355,\"sizeSlug\":\"large\"} -->\n<figure class=\"wp-block-image size-large is-resized\"><img loading=\"lazy\" class=\"wp-image-2592\" src=\"https:\/\/m-technic.com\/wp-content\/uploads\/2020\/05\/teknik-\u00f6zellik-1024x598.jpg\" alt=\"\" width=\"609\" height=\"355\" srcset=\"https:\/\/m-technic.com\/wp-content\/uploads\/2020\/05\/teknik-\u00f6zellik-1024x598.jpg 1024w, https:\/\/m-technic.com\/wp-content\/uploads\/2020\/05\/teknik-\u00f6zellik-300x175.jpg 300w, https:\/\/m-technic.com\/wp-content\/uploads\/2020\/05\/teknik-\u00f6zellik-768x448.jpg 768w, https:\/\/m-technic.com\/wp-content\/uploads\/2020\/05\/teknik-\u00f6zellik.jpg 1384w\" sizes=\"(max-width: 609px) 100vw, 609px\" \/><\/figure>\n<!-- \/wp:image --><!-- wp:paragraph -->\n<p>\u00a0<\/p>\n<!-- \/wp:paragraph --><!-- wp:separator --><hr class=\"wp-block-separator\" \/><!-- \/wp:separator --><!-- wp:heading {\"level\":3} -->\n<h3><strong>Qundis\u00ae Is\u0131 Pay \u00d6l\u00e7er Katalo\u011fu<\/strong><\/h3>\n<!-- \/wp:heading --><!-- wp:file {\"id\":1561,\"href\":\"https:\/\/m-technic.com\/wp-content\/uploads\/2020\/02\/Qundis-Is\u0131-Pay-\u00d6l\u00e7erler.pdf\"} -->\n<div class=\"wp-block-file\"><a href=\"https:\/\/m-technic.com\/wp-content\/uploads\/2020\/02\/Qundis-Is\u0131-Pay-\u00d6l\u00e7erler.pdf\" target=\"_blank\" rel=\"noreferrer noopener\">Qundis Is\u0131 Pay \u00d6l\u00e7er<\/a><a class=\"wp-block-file__button\" href=\"https:\/\/m-technic.com\/wp-content\/uploads\/2020\/02\/Qundis-Is\u0131-Pay-\u00d6l\u00e7erler.pdf\" download=\"\">\u0421\u041a\u0410\u0427\u0410\u0422\u042c \u041a\u0410\u0422\u0410\u041b\u041e\u0413<\/a><\/div>\n<!-- \/wp:file --><!-- wp:gallery {\"ids\":[1567,1568,1569,1570,1566],\"columns\":5} -->\n<figure class=\"wp-block-gallery columns-5 is-cropped\">\n<ul class=\"blocks-gallery-grid\">\n<li class=\"blocks-gallery-item\">\n<figure><img loading=\"lazy\" width=\"724\" height=\"1024\" class=\"wp-image-1567\" src=\"https:\/\/m-technic.com\/wp-content\/uploads\/2020\/02\/Qundis-Pay-\u00d6l\u00e7er-1-1-724x1024.png\" alt=\"\" data-id=\"1567\" data-full-url=\"https:\/\/m-technic.com\/wp-content\/uploads\/2020\/02\/Qundis-Pay-\u00d6l\u00e7er-1-1.png\" data-link=\"https:\/\/m-technic.com\/?attachment_id=1567\" srcset=\"https:\/\/m-technic.com\/wp-content\/uploads\/2020\/02\/Qundis-Pay-\u00d6l\u00e7er-1-1-724x1024.png 724w, https:\/\/m-technic.com\/wp-content\/uploads\/2020\/02\/Qundis-Pay-\u00d6l\u00e7er-1-1-212x300.png 212w, https:\/\/m-technic.com\/wp-content\/uploads\/2020\/02\/Qundis-Pay-\u00d6l\u00e7er-1-1-768x1086.png 768w, https:\/\/m-technic.com\/wp-content\/uploads\/2020\/02\/Qundis-Pay-\u00d6l\u00e7er-1-1-1086x1536.png 1086w, https:\/\/m-technic.com\/wp-content\/uploads\/2020\/02\/Qundis-Pay-\u00d6l\u00e7er-1-1.png 1414w\" sizes=\"(max-width: 724px) 100vw, 724px\" \/><\/figure>\n<\/li>\n<li class=\"blocks-gallery-item\">\n<figure><img loading=\"lazy\" width=\"724\" height=\"1024\" class=\"wp-image-1568\" src=\"https:\/\/m-technic.com\/wp-content\/uploads\/2020\/02\/Qundis-Pay-\u00d6l\u00e7er-2-1-724x1024.png\" alt=\"\" data-id=\"1568\" data-full-url=\"https:\/\/m-technic.com\/wp-content\/uploads\/2020\/02\/Qundis-Pay-\u00d6l\u00e7er-2-1.png\" data-link=\"https:\/\/m-technic.com\/?attachment_id=1568\" srcset=\"https:\/\/m-technic.com\/wp-content\/uploads\/2020\/02\/Qundis-Pay-\u00d6l\u00e7er-2-1-724x1024.png 724w, https:\/\/m-technic.com\/wp-content\/uploads\/2020\/02\/Qundis-Pay-\u00d6l\u00e7er-2-1-212x300.png 212w, https:\/\/m-technic.com\/wp-content\/uploads\/2020\/02\/Qundis-Pay-\u00d6l\u00e7er-2-1-768x1086.png 768w, https:\/\/m-technic.com\/wp-content\/uploads\/2020\/02\/Qundis-Pay-\u00d6l\u00e7er-2-1-1086x1536.png 1086w, https:\/\/m-technic.com\/wp-content\/uploads\/2020\/02\/Qundis-Pay-\u00d6l\u00e7er-2-1.png 1414w\" sizes=\"(max-width: 724px) 100vw, 724px\" \/><\/figure>\n<\/li>\n<li class=\"blocks-gallery-item\">\n<figure><img loading=\"lazy\" width=\"724\" height=\"1024\" class=\"wp-image-1569\" src=\"https:\/\/m-technic.com\/wp-content\/uploads\/2020\/02\/Qundis-Pay-\u00d6l\u00e7er-3-1-724x1024.png\" alt=\"\" data-id=\"1569\" data-full-url=\"https:\/\/m-technic.com\/wp-content\/uploads\/2020\/02\/Qundis-Pay-\u00d6l\u00e7er-3-1.png\" data-link=\"https:\/\/m-technic.com\/?attachment_id=1569\" srcset=\"https:\/\/m-technic.com\/wp-content\/uploads\/2020\/02\/Qundis-Pay-\u00d6l\u00e7er-3-1-724x1024.png 724w, https:\/\/m-technic.com\/wp-content\/uploads\/2020\/02\/Qundis-Pay-\u00d6l\u00e7er-3-1-212x300.png 212w, https:\/\/m-technic.com\/wp-content\/uploads\/2020\/02\/Qundis-Pay-\u00d6l\u00e7er-3-1-768x1086.png 768w, https:\/\/m-technic.com\/wp-content\/uploads\/2020\/02\/Qundis-Pay-\u00d6l\u00e7er-3-1-1086x1536.png 1086w, https:\/\/m-technic.com\/wp-content\/uploads\/2020\/02\/Qundis-Pay-\u00d6l\u00e7er-3-1.png 1414w\" sizes=\"(max-width: 724px) 100vw, 724px\" \/><\/figure>\n<\/li>\n<li class=\"blocks-gallery-item\">\n<figure><img loading=\"lazy\" width=\"724\" height=\"1024\" class=\"wp-image-1570\" src=\"https:\/\/m-technic.com\/wp-content\/uploads\/2020\/02\/Qundis-Pay-\u00d6l\u00e7er-4-1-724x1024.png\" alt=\"\" data-id=\"1570\" data-full-url=\"https:\/\/m-technic.com\/wp-content\/uploads\/2020\/02\/Qundis-Pay-\u00d6l\u00e7er-4-1.png\" data-link=\"https:\/\/m-technic.com\/?attachment_id=1570\" srcset=\"https:\/\/m-technic.com\/wp-content\/uploads\/2020\/02\/Qundis-Pay-\u00d6l\u00e7er-4-1-724x1024.png 724w, https:\/\/m-technic.com\/wp-content\/uploads\/2020\/02\/Qundis-Pay-\u00d6l\u00e7er-4-1-212x300.png 212w, https:\/\/m-technic.com\/wp-content\/uploads\/2020\/02\/Qundis-Pay-\u00d6l\u00e7er-4-1-768x1086.png 768w, https:\/\/m-technic.com\/wp-content\/uploads\/2020\/02\/Qundis-Pay-\u00d6l\u00e7er-4-1-1086x1536.png 1086w, https:\/\/m-technic.com\/wp-content\/uploads\/2020\/02\/Qundis-Pay-\u00d6l\u00e7er-4-1.png 1414w\" sizes=\"(max-width: 724px) 100vw, 724px\" \/><\/figure>\n<\/li>\n<li class=\"blocks-gallery-item\">\n<figure><img loading=\"lazy\" width=\"724\" height=\"1024\" class=\"wp-image-1566\" src=\"https:\/\/m-technic.com\/wp-content\/uploads\/2020\/02\/Qundis-Pay-\u00d6l\u00e7er-5-724x1024.png\" alt=\"\" data-id=\"1566\" srcset=\"https:\/\/m-technic.com\/wp-content\/uploads\/2020\/02\/Qundis-Pay-\u00d6l\u00e7er-5-724x1024.png 724w, https:\/\/m-technic.com\/wp-content\/uploads\/2020\/02\/Qundis-Pay-\u00d6l\u00e7er-5-212x300.png 212w, https:\/\/m-technic.com\/wp-content\/uploads\/2020\/02\/Qundis-Pay-\u00d6l\u00e7er-5-768x1086.png 768w, https:\/\/m-technic.com\/wp-content\/uploads\/2020\/02\/Qundis-Pay-\u00d6l\u00e7er-5-1086x1536.png 1086w, https:\/\/m-technic.com\/wp-content\/uploads\/2020\/02\/Qundis-Pay-\u00d6l\u00e7er-5.png 1414w\" sizes=\"(max-width: 724px) 100vw, 724px\" \/><\/figure>\n<\/li>\n<\/ul>\n<\/figure>\n<!-- \/wp:gallery -->\t\t\t\t\t<\/div>\n\t\t\t\t\t\t<\/div>\n\t\t\t\t<\/div>\n\t\t\t\t\t\t<\/div>\n\t\t\t\t\t<\/div>\n\t\t<\/div>\n\t\t\t\t\t\t\t\t<\/div>\n\t\t\t\t\t<\/div>\n\t\t<\/section>\n\t\t\t\t\t\t\t\t\t<\/div>\n\t\t\t<\/div>\n\t\t\t\t\t<\/div>","protected":false},"excerpt":{"rendered":"<p>Qundis Is\u0131 Pay \u00d6l\u00e7er ihtiya\u00e7lar\u0131n\u0131zda \u00fccretsiz ke\u015fif hizmetimiz ile projenize \u00f6zel en uygun \u00e7\u00f6z\u00fcmleri sunuyoruz. \u00dccretsiz \u00d6n Ke\u015fif En \u0130yi Fiyat Garantisi! Qundis Is\u0131 Pay \u00d6l\u00e7er Is\u0131 Pay \u00d6l\u00e7er Nedir? Is\u0131 Pay \u00d6l\u00e7er merkezi \u0131s\u0131tma sistemli binalarda radyat\u00f6r \u00fczerine tak\u0131larak t\u00fcketilen \u0131s\u0131 enerjisini payla\u015ft\u0131rmaya yarayan cihazd\u0131r. \u00c7ok kolonlu, borulu\/ dikey \u0131s\u0131tma Sistemlerindeki kullan\u0131m\u0131 i\u00e7in tasarlanm\u0131\u015ft\u0131r. [&hellip;]<\/p>","protected":false},"author":1,"featured_media":1547,"parent":0,"menu_order":7,"comment_status":"closed","ping_status":"closed","template":"","meta":[],"yst_prominent_words":[],"yoast_head":"<!-- This site is optimized with the Yoast SEO Premium plugin v14.1 - https:\/\/yoast.com\/wordpress\/plugins\/seo\/ -->\n<title>Qundis Is\u0131 Pay \u00d6l\u00e7er | M-Technic Projelere \u00d6zel Kompakt \u00c7\u00f6z\u00fcmler<\/title>\n<meta name=\"description\" content=\"Qundis Is\u0131 Pay \u00d6l\u00e7er ihtiya\u00e7lar\u0131n\u0131zda \u00fccretsiz ke\u015fif hizmetimiz ile projenize \u00f6zel en uygun \u00e7\u00f6z\u00fcmleri sunuyoruz. En uygun fiyat i\u00e7in bize ula\u015f\u0131n.\" \/>\n<meta name=\"robots\" content=\"index, follow\" \/>\n<meta name=\"googlebot\" content=\"index, follow, max-snippet:-1, max-image-preview:large, max-video-preview:-1\" \/>\n<meta name=\"bingbot\" content=\"index, follow, max-snippet:-1, max-image-preview:large, max-video-preview:-1\" \/>\n<link rel=\"canonical\" href=\"https:\/\/m-technic.com\/ru\/qundis-isi-pay-olcer\/\" \/>\n<meta property=\"og:locale\" content=\"ru_RU\" \/>\n<meta property=\"og:type\" content=\"article\" \/>\n<meta property=\"og:title\" content=\"Qundis Is\u0131 Pay \u00d6l\u00e7er | M-Technic Projelere \u00d6zel Kompakt \u00c7\u00f6z\u00fcmler\" \/>\n<meta property=\"og:description\" content=\"Qundis Is\u0131 Pay \u00d6l\u00e7er ihtiya\u00e7lar\u0131n\u0131zda \u00fccretsiz ke\u015fif hizmetimiz ile projenize \u00f6zel en uygun \u00e7\u00f6z\u00fcmleri sunuyoruz. En uygun fiyat i\u00e7in bize ula\u015f\u0131n.\" \/>\n<meta property=\"og:url\" content=\"https:\/\/m-technic.com\/ru\/qundis-isi-pay-olcer\/\" \/>\n<meta property=\"og:site_name\" content=\"M-Technic\" \/>\n<meta property=\"article:modified_time\" content=\"2021-12-18T21:35:20+00:00\" \/>\n<meta property=\"og:image\" content=\"https:\/\/m-technic.com\/wp-content\/uploads\/2020\/02\/QUNDIS_Q_caloric5.5_P2-AMR-WB.png\" \/>\n\t<meta property=\"og:image:width\" content=\"1000\" \/>\n\t<meta property=\"og:image:height\" content=\"1000\" \/>\n<meta name=\"twitter:card\" content=\"summary_large_image\" \/>\n<script type=\"application\/ld+json\" class=\"yoast-schema-graph\">{\"@context\":\"https:\/\/schema.org\",\"@graph\":[{\"@type\":\"WebSite\",\"@id\":\"https:\/\/m-technic.com\/ru\/#website\",\"url\":\"https:\/\/m-technic.com\/ru\/\",\"name\":\"M-Technic\",\"description\":\"Projelere \\u00f6zel kompakt \\u00e7\\u00f6z\\u00fcmler\",\"potentialAction\":[{\"@type\":\"SearchAction\",\"target\":\"https:\/\/m-technic.com\/ru\/?s={search_term_string}\",\"query-input\":\"required name=search_term_string\"}],\"inLanguage\":\"ru-RU\"},{\"@type\":\"ImageObject\",\"@id\":\"https:\/\/m-technic.com\/qundis-isi-pay-olcer\/#primaryimage\",\"inLanguage\":\"ru-RU\",\"url\":\"https:\/\/m-technic.com\/wp-content\/uploads\/2020\/02\/QUNDIS_Q_caloric5.5_P2-AMR-WB.png\",\"width\":1000,\"height\":1000,\"caption\":\"qundis \\u0131s\\u0131 pay \\u00f6l\\u00e7er\"},{\"@type\":\"WebPage\",\"@id\":\"https:\/\/m-technic.com\/qundis-isi-pay-olcer\/#webpage\",\"url\":\"https:\/\/m-technic.com\/qundis-isi-pay-olcer\/\",\"name\":\"Qundis Is\\u0131 Pay \\u00d6l\\u00e7er | M-Technic Projelere \\u00d6zel Kompakt \\u00c7\\u00f6z\\u00fcmler\",\"isPartOf\":{\"@id\":\"https:\/\/m-technic.com\/ru\/#website\"},\"primaryImageOfPage\":{\"@id\":\"https:\/\/m-technic.com\/qundis-isi-pay-olcer\/#primaryimage\"},\"datePublished\":\"2020-02-08T16:59:48+00:00\",\"dateModified\":\"2021-12-18T21:35:20+00:00\",\"description\":\"Qundis Is\\u0131 Pay \\u00d6l\\u00e7er ihtiya\\u00e7lar\\u0131n\\u0131zda \\u00fccretsiz ke\\u015fif hizmetimiz ile projenize \\u00f6zel en uygun \\u00e7\\u00f6z\\u00fcmleri sunuyoruz. En uygun fiyat i\\u00e7in bize ula\\u015f\\u0131n.\",\"inLanguage\":\"ru-RU\",\"potentialAction\":[{\"@type\":\"ReadAction\",\"target\":[\"https:\/\/m-technic.com\/qundis-isi-pay-olcer\/\"]}]}]}<\/script>\n<!-- \/ Yoast SEO Premium plugin. -->","_links":{"self":[{"href":"https:\/\/m-technic.com\/ru\/wp-json\/wp\/v2\/pages\/1539"}],"collection":[{"href":"https:\/\/m-technic.com\/ru\/wp-json\/wp\/v2\/pages"}],"about":[{"href":"https:\/\/m-technic.com\/ru\/wp-json\/wp\/v2\/types\/page"}],"author":[{"embeddable":true,"href":"https:\/\/m-technic.com\/ru\/wp-json\/wp\/v2\/users\/1"}],"replies":[{"embeddable":true,"href":"https:\/\/m-technic.com\/ru\/wp-json\/wp\/v2\/comments?post=1539"}],"version-history":[{"count":81,"href":"https:\/\/m-technic.com\/ru\/wp-json\/wp\/v2\/pages\/1539\/revisions"}],"predecessor-version":[{"id":3075,"href":"https:\/\/m-technic.com\/ru\/wp-json\/wp\/v2\/pages\/1539\/revisions\/3075"}],"wp:featuredmedia":[{"embeddable":true,"href":"https:\/\/m-technic.com\/ru\/wp-json\/wp\/v2\/media\/1547"}],"wp:attachment":[{"href":"https:\/\/m-technic.com\/ru\/wp-json\/wp\/v2\/media?parent=1539"}],"wp:term":[{"taxonomy":"yst_prominent_words","embeddable":true,"href":"https:\/\/m-technic.com\/ru\/wp-json\/wp\/v2\/yst_prominent_words?post=1539"}],"curies":[{"name":"wp","href":"https:\/\/api.w.org\/{rel}","templated":true}]}}