{"id":33,"date":"2019-03-07T19:47:58","date_gmt":"2019-03-07T19:47:58","guid":{"rendered":"http:\/\/m-technic.com\/?page_id=33"},"modified":"2021-03-22T18:20:36","modified_gmt":"2021-03-22T18:20:36","slug":"kurumsal","status":"publish","type":"page","link":"https:\/\/m-technic.com\/en\/about-us-2\/","title":{"rendered":"About Us"},"content":{"rendered":"<h2><strong>Murat CELIKLER<\/strong><\/h2>\n\n\n\n<div class=\"wp-block-image\"><figure class=\"alignright size-large is-resized\"><img loading=\"lazy\" src=\"https:\/\/m-technic.com\/wp-content\/uploads\/2020\/05\/murat-\u00e7elikler-kurumsal-1-768x1024.jpg\" alt=\"\" class=\"wp-image-2612\" width=\"154\" height=\"204\" srcset=\"https:\/\/m-technic.com\/wp-content\/uploads\/2020\/05\/murat-\u00e7elikler-kurumsal-1-768x1024.jpg 768w, https:\/\/m-technic.com\/wp-content\/uploads\/2020\/05\/murat-\u00e7elikler-kurumsal-1-225x300.jpg 225w, https:\/\/m-technic.com\/wp-content\/uploads\/2020\/05\/murat-\u00e7elikler-kurumsal-1.jpg 960w\" sizes=\"(max-width: 154px) 100vw, 154px\" \/><\/figure><\/div>\n\n\n\n<p>I worked as Dealer Sales Manager and Purchasing Manager for 8 years at DAF Energy, which has provided me the greatest experience in my 14 years of working life in the construction sector. <\/p>\n\n\n\n<p>Within this experience, in which I operate in the field of Heat Station and heat expense sharing systems, I have a portfolio of customers and suppliers from many sub-sectors, different segments, and has made me progress in human relations and purchasing strategies. <\/p>\n\n\n\n<p>Since 2018, I have been establishing M-Technic company and continue to provide products and services for heat station spare parts and heat expense sharing systems. <\/p>\n\n\n\n<p>With the motto \u201cCompact Solutions for Projects\u201d, the biggest motivation for me to enter entrepreneurship; It arises from knowing the actual costs of all products due to my purchasing experience and knowing the actual needs of customers due to my sales manager experience. I am the most competent and recognized professional in the industry to offer the desired products and solutions at the right price. Nearly 100 companies that we worked together for 2 years, when I managed my own business, are among my most valuable reference sources.\u00a0<\/p>\n\n\n\n<hr class=\"wp-block-separator\"\/>\n\n\n\n<h2><strong>M-Technic<\/strong><\/h2>\n\n\n\n<div class=\"wp-block-image\"><figure class=\"alignleft is-resized\"><img loading=\"lazy\" src=\"http:\/\/m-technic.com\/wp-content\/uploads\/2019\/04\/M-logo-1024x993.png\" alt=\"\" class=\"wp-image-325\" width=\"113\" height=\"109\" srcset=\"https:\/\/m-technic.com\/wp-content\/uploads\/2019\/04\/M-logo-1024x993.png 1024w, https:\/\/m-technic.com\/wp-content\/uploads\/2019\/04\/M-logo-300x291.png 300w, https:\/\/m-technic.com\/wp-content\/uploads\/2019\/04\/M-logo-768x745.png 768w, https:\/\/m-technic.com\/wp-content\/uploads\/2019\/04\/M-logo.png 1080w\" sizes=\"(max-width: 113px) 100vw, 113px\" \/><\/figure><\/div>\n\n\n\n<p>The driving force behind M-Technic is the desire to do our job better. Founded by Murat \u00c7elikler, M-Technic started its operations in 2018 with 11 years of experience in energy and construction, meeting with youth and dynamism. <\/p>\n\n\n\n<p>Providing the best products, customer experience and after-sales services is our main principle. <\/p>\n\n\n\n<p>But that&#039;s not all. We want to be better in everything we do.<\/p>\n\n\n\n<p>As M-Technic, we offer our customers the most suitable solutions by making use of our knowledge and experience in the sector. <\/p>\n\n\n\n<p>As M-Technic, it has been serving in more than 50.000 housing projects until today. We operate in the fields of Energy, Construction, Trade and Consulting.<\/p>\n\n\n\n<hr class=\"wp-block-separator\"\/>\n\n\n\n<h2><strong>Our Mission<\/strong><\/h2>\n\n\n\n<blockquote class=\"wp-block-quote\"><p>Making a difference in the future by adopting universal values as a principle and exceeding expectations with our inspiring solutions.<\/p><\/blockquote>\n\n\n\n<hr class=\"wp-block-separator\"\/>\n\n\n\n<h2><strong>Some of Our References<\/strong><\/h2>\n\n\n\n<p class=\"has-normal-font-size\">Dear customers, thank you for trusting us for our products and services.<\/p>\n\n\n\n<figure class=\"wp-block-image size-large is-resized\"><img loading=\"lazy\" src=\"https:\/\/m-technic.com\/wp-content\/uploads\/2020\/05\/M-Technic-Referanslar\u0131m\u0131zdan-Baz\u0131lar\u0131-1024x879.jpg\" alt=\"\" class=\"wp-image-2633\" width=\"901\" height=\"772\" srcset=\"https:\/\/m-technic.com\/wp-content\/uploads\/2020\/05\/M-Technic-Referanslar\u0131m\u0131zdan-Baz\u0131lar\u0131-1024x879.jpg 1024w, https:\/\/m-technic.com\/wp-content\/uploads\/2020\/05\/M-Technic-Referanslar\u0131m\u0131zdan-Baz\u0131lar\u0131-300x258.jpg 300w\" sizes=\"(max-width: 901px) 100vw, 901px\" \/><\/figure>\n\n\n\n<hr class=\"wp-block-separator\"\/>\n\n\n\n<h2><strong>General Product Brand and Service Catalog<\/strong><\/h2>\n\n\n\n<div class=\"wp-block-media-text alignwide has-media-on-the-right is-stacked-on-mobile\" style=\"grid-template-columns:auto 38%\"><figure class=\"wp-block-media-text__media\"><img loading=\"lazy\" width=\"724\" height=\"1024\" src=\"https:\/\/m-technic.com\/wp-content\/uploads\/2020\/05\/M-Technic-Genel-\u00dcr\u00fcn-Katalo\u011fu-724x1024.png\" alt=\"\" class=\"wp-image-2639 size-full\" srcset=\"https:\/\/m-technic.com\/wp-content\/uploads\/2020\/05\/M-Technic-Genel-\u00dcr\u00fcn-Katalo\u011fu-724x1024.png 724w, https:\/\/m-technic.com\/wp-content\/uploads\/2020\/05\/M-Technic-Genel-\u00dcr\u00fcn-Katalo\u011fu-212x300.png 212w, https:\/\/m-technic.com\/wp-content\/uploads\/2020\/05\/M-Technic-Genel-\u00dcr\u00fcn-Katalo\u011fu-768x1086.png 768w, https:\/\/m-technic.com\/wp-content\/uploads\/2020\/05\/M-Technic-Genel-\u00dcr\u00fcn-Katalo\u011fu-1086x1536.png 1086w, https:\/\/m-technic.com\/wp-content\/uploads\/2020\/05\/M-Technic-Genel-\u00dcr\u00fcn-Katalo\u011fu.png 1414w\" sizes=\"(max-width: 724px) 100vw, 724px\" \/><\/figure><div class=\"wp-block-media-text__content\">\n<h3><strong><em><a rel=\"noreferrer noopener\" href=\"https:\/\/drive.google.com\/file\/d\/1VSVhQzjkG-3x82tGN62Pbke0Hrd4d28-\/view\" target=\"_blank\">You can download our M-Technic General Product Brand and Service Catalog here.<\/a><\/em><\/strong><\/h3>\n<\/div><\/div>\n\n\n\n<hr class=\"wp-block-separator\"\/>\n\n\n\n<h2><strong>Contact us<\/strong><\/h2>\n\n\n<div class=\"wpforms-container wpforms-container-full\" id=\"wpforms-88\"><form id=\"wpforms-form-88\" class=\"wpforms-validate wpforms-form\" data-formid=\"88\" method=\"post\" enctype=\"multipart\/form-data\" action=\"\/en\/wp-json\/wp\/v2\/pages\/33\" data-token=\"b46006816aa46f0dc5a4713a82e1a558\" data-trp-original-action=\"\/en\/wp-json\/wp\/v2\/pages\/33\"><noscript class=\"wpforms-error-noscript\">Please enable JavaScript in your browser to complete this form.<\/noscript><div class=\"wpforms-field-container\"><div id=\"wpforms-88-field_0-container\" class=\"wpforms-field wpforms-field-name\" data-field-id=\"0\"><label class=\"wpforms-field-label\" for=\"wpforms-88-field_0\">your name and your surname <span class=\"wpforms-required-label\">*<\/span><\/label><input type=\"text\" id=\"wpforms-88-field_0\" class=\"wpforms-field-medium wpforms-field-required\" name=\"wpforms[fields][0]\" required><\/div><div id=\"wpforms-88-field_1-container\" class=\"wpforms-field wpforms-field-email\" data-field-id=\"1\"><label class=\"wpforms-field-label\" for=\"wpforms-88-field_1\">Email <span class=\"wpforms-required-label\">*<\/span><\/label><input type=\"email\" id=\"wpforms-88-field_1\" class=\"wpforms-field-medium wpforms-field-required\" name=\"wpforms[fields][1]\" required><\/div><div id=\"wpforms-88-field_2-container\" class=\"wpforms-field wpforms-field-textarea\" data-field-id=\"2\"><label class=\"wpforms-field-label\" for=\"wpforms-88-field_2\">your Message <span class=\"wpforms-required-label\">*<\/span><\/label><textarea id=\"wpforms-88-field_2\" class=\"wpforms-field-medium wpforms-field-required\" name=\"wpforms[fields][2]\" required><\/textarea><\/div><\/div><div class=\"wpforms-field wpforms-field-hp\"><label for=\"wpforms-88-field-hp\" class=\"wpforms-field-label\">E-mail<\/label><input type=\"text\" name=\"wpforms[hp]\" id=\"wpforms-88-field-hp\" class=\"wpforms-field-medium\"><\/div><div class=\"wpforms-submit-container\"><input type=\"hidden\" name=\"wpforms[id]\" value=\"88\"><input type=\"hidden\" name=\"wpforms[author]\" value=\"1\"><button type=\"submit\" name=\"wpforms[submit]\" id=\"wpforms-submit-88\" class=\"wpforms-submit\" data-alt-text=\"Sending...\" data-submit-text=\"Submit\" aria-live=\"assertive\" value=\"wpforms-submit\">submit<\/button><\/div><input type=\"hidden\" name=\"trp-form-language\" value=\"en\"\/><\/form><\/div>  <!-- .wpforms-container -->","protected":false},"excerpt":{"rendered":"<p>Murat \u00c7EL\u0130KLER \u0130n\u015faat sekt\u00f6r\u00fcnde, 14 y\u0131ll\u0131k \u00e7al\u0131\u015fma hayat\u0131mda bana en b\u00fcy\u00fck deneyimi sa\u011flayan DAF Enerji b\u00fcnyesinde 8 y\u0131l Bayi Sat\u0131\u015f M\u00fcd\u00fcr\u00fc ve Sat\u0131nalma M\u00fcd\u00fcr\u00fc olarak g\u00f6rev ald\u0131m. Is\u0131 \u0130stasyonu ve \u0131s\u0131 gider payla\u015f\u0131m sistemleri alan\u0131nda faaliyet g\u00f6sterdi\u011fim bu s\u00fcre\u00e7te bir\u00e7ok alt sekt\u00f6rden, farkl\u0131 segmentten m\u00fc\u015fteri ve tedarik\u00e7i portf\u00f6y\u00fcne sahip olmam, insan ili\u015fkilerinde ve sat\u0131nalma stratejilerimde [&hellip;]<\/p>","protected":false},"author":1,"featured_media":97,"parent":0,"menu_order":0,"comment_status":"closed","ping_status":"closed","template":"","meta":[],"yst_prominent_words":[],"yoast_head":"<!-- This site is optimized with the Yoast SEO Premium plugin v14.1 - https:\/\/yoast.com\/wordpress\/plugins\/seo\/ -->\n<title>Kurumsal | M-Technic<\/title>\n<meta name=\"description\" content=\"Kalorimetre hizmeti veren firma m\u0131 ar\u0131yorsunuz? Kalorimetre Is\u0131 istasyonu, saya\u00e7, kalorimetre \u00fcr\u00fcn sat\u0131\u015f\u0131, teknik servis ve bak\u0131m alan\u0131nda uzman \u015firketiz.\" \/>\n<meta name=\"robots\" content=\"index, follow\" \/>\n<meta name=\"googlebot\" content=\"index, follow, max-snippet:-1, max-image-preview:large, max-video-preview:-1\" \/>\n<meta name=\"bingbot\" content=\"index, follow, max-snippet:-1, max-image-preview:large, max-video-preview:-1\" \/>\n<link rel=\"canonical\" href=\"https:\/\/m-technic.com\/en\/about-us-2\/\" \/>\n<meta property=\"og:locale\" content=\"en_GB\" \/>\n<meta property=\"og:type\" content=\"article\" \/>\n<meta property=\"og:title\" content=\"Kurumsal | M-Technic\" \/>\n<meta property=\"og:description\" content=\"Kalorimetre hizmeti veren firma m\u0131 ar\u0131yorsunuz? Kalorimetre Is\u0131 istasyonu, saya\u00e7, kalorimetre \u00fcr\u00fcn sat\u0131\u015f\u0131, teknik servis ve bak\u0131m alan\u0131nda uzman \u015firketiz.\" \/>\n<meta property=\"og:url\" content=\"https:\/\/m-technic.com\/en\/about-us-2\/\" \/>\n<meta property=\"og:site_name\" content=\"M-Technic\" \/>\n<meta property=\"article:modified_time\" content=\"2021-03-22T18:20:36+00:00\" \/>\n<meta property=\"og:image\" content=\"https:\/\/m-technic.com\/wp-content\/uploads\/2019\/03\/m-technic-M-logo-png.png\" \/>\n\t<meta property=\"og:image:width\" content=\"613\" \/>\n\t<meta property=\"og:image:height\" content=\"626\" \/>\n<meta name=\"twitter:card\" content=\"summary_large_image\" \/>\n<script type=\"application\/ld+json\" class=\"yoast-schema-graph\">{\"@context\":\"https:\/\/schema.org\",\"@graph\":[{\"@type\":\"WebSite\",\"@id\":\"https:\/\/m-technic.com\/en\/#website\",\"url\":\"https:\/\/m-technic.com\/en\/\",\"name\":\"M-Technic\",\"description\":\"Projelere \\u00f6zel kompakt \\u00e7\\u00f6z\\u00fcmler\",\"potentialAction\":[{\"@type\":\"SearchAction\",\"target\":\"https:\/\/m-technic.com\/en\/?s={search_term_string}\",\"query-input\":\"required name=search_term_string\"}],\"inLanguage\":\"en-GB\"},{\"@type\":\"ImageObject\",\"@id\":\"https:\/\/m-technic.com\/kurumsal\/#primaryimage\",\"inLanguage\":\"en-GB\",\"url\":\"https:\/\/m-technic.com\/wp-content\/uploads\/2019\/03\/m-technic-M-logo-png.png\",\"width\":613,\"height\":626,\"caption\":\"M-technic logo\"},{\"@type\":\"WebPage\",\"@id\":\"https:\/\/m-technic.com\/kurumsal\/#webpage\",\"url\":\"https:\/\/m-technic.com\/kurumsal\/\",\"name\":\"Kurumsal | M-Technic\",\"isPartOf\":{\"@id\":\"https:\/\/m-technic.com\/en\/#website\"},\"primaryImageOfPage\":{\"@id\":\"https:\/\/m-technic.com\/kurumsal\/#primaryimage\"},\"datePublished\":\"2019-03-07T19:47:58+00:00\",\"dateModified\":\"2021-03-22T18:20:36+00:00\",\"description\":\"Kalorimetre hizmeti veren firma m\\u0131 ar\\u0131yorsunuz? Kalorimetre Is\\u0131 istasyonu, saya\\u00e7, kalorimetre \\u00fcr\\u00fcn sat\\u0131\\u015f\\u0131, teknik servis ve bak\\u0131m alan\\u0131nda uzman \\u015firketiz.\",\"inLanguage\":\"en-GB\",\"potentialAction\":[{\"@type\":\"ReadAction\",\"target\":[\"https:\/\/m-technic.com\/kurumsal\/\"]}]}]}<\/script>\n<!-- \/ Yoast SEO Premium plugin. -->","_links":{"self":[{"href":"https:\/\/m-technic.com\/en\/wp-json\/wp\/v2\/pages\/33"}],"collection":[{"href":"https:\/\/m-technic.com\/en\/wp-json\/wp\/v2\/pages"}],"about":[{"href":"https:\/\/m-technic.com\/en\/wp-json\/wp\/v2\/types\/page"}],"author":[{"embeddable":true,"href":"https:\/\/m-technic.com\/en\/wp-json\/wp\/v2\/users\/1"}],"replies":[{"embeddable":true,"href":"https:\/\/m-technic.com\/en\/wp-json\/wp\/v2\/comments?post=33"}],"version-history":[{"count":33,"href":"https:\/\/m-technic.com\/en\/wp-json\/wp\/v2\/pages\/33\/revisions"}],"predecessor-version":[{"id":3027,"href":"https:\/\/m-technic.com\/en\/wp-json\/wp\/v2\/pages\/33\/revisions\/3027"}],"wp:featuredmedia":[{"embeddable":true,"href":"https:\/\/m-technic.com\/en\/wp-json\/wp\/v2\/media\/97"}],"wp:attachment":[{"href":"https:\/\/m-technic.com\/en\/wp-json\/wp\/v2\/media?parent=33"}],"wp:term":[{"taxonomy":"yst_prominent_words","embeddable":true,"href":"https:\/\/m-technic.com\/en\/wp-json\/wp\/v2\/yst_prominent_words?post=33"}],"curies":[{"name":"wp","href":"https:\/\/api.w.org\/{rel}","templated":true}]}}