{"id":2437,"date":"2020-04-12T13:07:42","date_gmt":"2020-04-12T13:07:42","guid":{"rendered":"https:\/\/m-technic.com\/?page_id=2437"},"modified":"2020-05-30T16:40:26","modified_gmt":"2020-05-30T16:40:26","slug":"atlas-kalorimetre-su-sayaclari","status":"publish","type":"page","link":"https:\/\/m-technic.com\/en\/atlas-heatmeter-watermeter\/","title":{"rendered":"Atlas Heat Meter and Water Meters"},"content":{"rendered":"<figure class=\"wp-block-image size-large is-resized\"><img loading=\"lazy\" src=\"https:\/\/m-technic.com\/wp-content\/uploads\/2020\/04\/atlas-logo.png\" alt=\"\" class=\"wp-image-2430\" width=\"257\" height=\"80\" srcset=\"https:\/\/m-technic.com\/wp-content\/uploads\/2020\/04\/atlas-logo.png 886w, https:\/\/m-technic.com\/wp-content\/uploads\/2020\/04\/atlas-logo-300x94.png 300w, https:\/\/m-technic.com\/wp-content\/uploads\/2020\/04\/atlas-logo-768x241.png 768w\" sizes=\"(max-width: 257px) 100vw, 257px\" \/><\/figure>\n\n\n\n<p>Atlas calorimeter and hot and cold water meter needs are special for your project with our free discovery service. <a href=\"https:\/\/m-technic.com\/en\/brands\/\">we offer the most suitable solutions<\/a>.<\/p>\n\n\n\n<h4><strong><em>Free Pre-Discovery Best Price Guarantee!<\/em><\/strong><\/h4>\n\n\n\n<h2><strong>Atlas <strong>UKM-20 Ultrasonic Calorimeter<\/strong><\/strong><\/h2>\n\n\n\n<h4><strong>General features:<\/strong><\/h4>\n\n\n\n<div class=\"wp-block-image\"><figure class=\"alignright size-large is-resized\"><img loading=\"lazy\" src=\"https:\/\/m-technic.com\/wp-content\/uploads\/2020\/04\/Atlas-UKM20-1-1024x972.jpg\" alt=\"Atlas UKM calorimeter\" class=\"wp-image-2440\" width=\"193\" height=\"183\" srcset=\"https:\/\/m-technic.com\/wp-content\/uploads\/2020\/04\/Atlas-UKM20-1-1024x972.jpg 1024w, https:\/\/m-technic.com\/wp-content\/uploads\/2020\/04\/Atlas-UKM20-1-300x285.jpg 300w, https:\/\/m-technic.com\/wp-content\/uploads\/2020\/04\/Atlas-UKM20-1-768x729.jpg 768w, https:\/\/m-technic.com\/wp-content\/uploads\/2020\/04\/Atlas-UKM20-1-1536x1459.jpg 1536w, https:\/\/m-technic.com\/wp-content\/uploads\/2020\/04\/Atlas-UKM20-1.jpg 1588w\" sizes=\"(max-width: 193px) 100vw, 193px\" \/><\/figure><\/div>\n\n\n\n<ul><li>Complies with EN 1434 Standard.<\/li><li>MID Certified.<\/li><li>With its ultrasonic measuring principle, it is much more sensitive than mechanical meters.<\/li><li>Since it does not contain any moving parts, it has 2 times longer life than mechanical meters.<\/li><li>It provides long battery life (10 years) with low energy consumption.<\/li><li>The screen part can be separated from the calorimeter body and mounted in an easier place to read.<\/li><li>Measuring Range: 5 \u02daC - 90 \u02daC<\/li><li>Atlas UKM Test pressure: 16 bar<\/li><\/ul>\n\n\n\n<hr class=\"wp-block-separator\"\/>\n\n\n\n<h4><strong>Product features:<\/strong><\/h4>\n\n\n\n<h5><strong>Ultrasonic Flowmeter<\/strong>: <br><em>It has the ability to measure at low flow rates.<\/em><\/h5>\n\n\n\n<h5><strong>Flow measurement range:<\/strong><br><em>Minimum flow (qi): 0.05 m3 \/ h<br>Nominal flow (qp): 2.5 m3 \/ h<br>Maximum flow (qs): 5 m3 \/ h<\/em><\/h5>\n\n\n\n<ul><li>Temperature sensor pair capable of linear measurement.<\/li><li>The minimum temperature difference started to be calculated is 0.1 \u00b0 C.<\/li><li>The temperature range it can measure is between 5 and 90 \u00b0 C.<\/li><li>Maximum applicable pressure (MAP) is 16 bar.<\/li><li>Atlas calorimeter has nonmagnetic technology.<\/li><\/ul>\n\n\n\n<hr class=\"wp-block-separator\"\/>\n\n\n\n<h4><strong>Metrological Features:<\/strong><\/h4>\n\n\n\n<ul><li>It is produced in accordance with TS EN 1434 standards.<\/li><li>It is produced according to 2004\/22 \/ EC + 2009\/137 \/ EC MID.<\/li><li>Accuracy class is 2.<\/li><li>Protection class is IP54.<\/li><\/ul>\n\n\n\n<hr class=\"wp-block-separator\"\/>\n\n\n\n<h4><strong>Communication and Interfaces:<\/strong><\/h4>\n\n\n\n<ul><li>It has M-Bus and Optical interface as standard.<\/li><li>Optionally, it is manufactured with Pulse and RF interfaces.<\/li><li>It has a battery life of up to 10 years with low energy consumption.<\/li><li>With the help of LCD screen, it provides the opportunity to view consumption information for the last 12 months from the statistics menu.<\/li><\/ul>\n\n\n\n<hr class=\"wp-block-separator\"\/>\n\n\n\n<figure class=\"wp-block-image size-large\"><img loading=\"lazy\" width=\"815\" height=\"835\" src=\"https:\/\/m-technic.com\/wp-content\/uploads\/2020\/05\/kalorimetre-\u00f6l\u00e7\u00fcleri.png\" alt=\"Atlas UKM technical drawing\" class=\"wp-image-2577\" srcset=\"https:\/\/m-technic.com\/wp-content\/uploads\/2020\/05\/kalorimetre-\u00f6l\u00e7\u00fcleri.png 815w, https:\/\/m-technic.com\/wp-content\/uploads\/2020\/05\/kalorimetre-\u00f6l\u00e7\u00fcleri-293x300.png 293w, https:\/\/m-technic.com\/wp-content\/uploads\/2020\/05\/kalorimetre-\u00f6l\u00e7\u00fcleri-768x787.png 768w\" sizes=\"(max-width: 815px) 100vw, 815px\" \/><\/figure>\n\n\n\n<div class=\"wp-container-1 wp-block-group\"><div class=\"wp-block-group__inner-container\">\n<hr class=\"wp-block-separator\"\/>\n<\/div><\/div>\n\n\n\n<h2><strong>Atlas <strong>EC-20 \/ EH-20 Hot and Cold Water Meter<\/strong><\/strong><\/h2>\n\n\n\n<div class=\"wp-block-image\"><figure class=\"alignright size-large is-resized\"><img loading=\"lazy\" src=\"https:\/\/m-technic.com\/wp-content\/uploads\/2020\/04\/Atlas-EC-20-Su-Sayac\u0131.png\" alt=\"Atlas water meter\" class=\"wp-image-2460\" width=\"167\" height=\"166\" srcset=\"https:\/\/m-technic.com\/wp-content\/uploads\/2020\/04\/Atlas-EC-20-Su-Sayac\u0131.png 499w, https:\/\/m-technic.com\/wp-content\/uploads\/2020\/04\/Atlas-EC-20-Su-Sayac\u0131-300x298.png 300w, https:\/\/m-technic.com\/wp-content\/uploads\/2020\/04\/Atlas-EC-20-Su-Sayac\u0131-150x150.png 150w\" sizes=\"(max-width: 167px) 100vw, 167px\" \/><\/figure><\/div>\n\n\n\n<h4><strong><strong>General features:<\/strong><\/strong><\/h4>\n\n\n\n<ul><li>Atlas Meter provides up to 10 years of battery life with low energy consumption.<\/li><li>It gains reliable results without being affected by magnetic fields with the measurement techniques it uses.<\/li><li>Linear measuring platinum temperature sensor pair Communication with M-Bus protocol.<\/li><li>It can be rotated 360 \u00b0 and offers easy reading with its angled screen.<\/li><li>Measuring range from 30 \u00b0 to 90 \u00b0.<\/li><li>Safe design that does not allow outside intervention.<\/li><\/ul>\n\n\n\n<hr class=\"wp-block-separator\"\/>\n\n\n\n<h4><strong><strong>Product features:<\/strong><\/strong><\/h4>\n\n\n\n<h5><strong>Single Jet Flowmeter:<\/strong>&nbsp;<br><em>It has the ability to measure at low flow rates.&nbsp;<\/em><\/h5>\n\n\n\n<h5><strong>Flow measurement range:<br><\/strong><em>Q1 = 40 L \/ hQ2 = 64 L \/ h<br>Q3 = 4 m3 \/ hQ4 = 5 m3 \/ h<br>Measuring range, T30 \/ 90 \u00b0 C<br>Pressure loss at nominal flow rate (Qn) (Dp = 250 mbar)<\/em><\/h5>\n\n\n\n<hr class=\"wp-block-separator\"\/>\n\n\n\n<h4><strong>Metrological Features:<\/strong><\/h4>\n\n\n\n<ul><li>Accuracy class is 2 (Class 2).<\/li><li>Protection class is IP54.<\/li><li>OIML D11, OIML R 49-1, OIML R 49-2, OIML R 49-3<br>provides standards.<\/li><li>Maximum applicable pressure (MAP) is 16 bar.<\/li><\/ul>\n\n\n\n<hr class=\"wp-block-separator\"\/>\n\n\n\n<h4><strong>Communication and Interfaces:<\/strong><\/h4>\n\n\n\n<ul><li>Wired communication has standard M-Bus interface.<\/li><li>RF Communication uses the Wireless M-bus interface.<\/li><li>It has a battery life of up to 10 years with low energy consumption.<\/li><li>With the help of the LCD screen, the consumption information for the last 12 months can be viewed from the statistics menu.<\/li><\/ul>\n\n\n\n<hr class=\"wp-block-separator\"\/>\n\n\n\n<figure class=\"wp-block-image size-large\"><img loading=\"lazy\" width=\"616\" height=\"546\" src=\"https:\/\/m-technic.com\/wp-content\/uploads\/2020\/05\/su-sayac\u0131-\u00f6l\u00e7\u00fcleri.png\" alt=\"Atlas water meter technical drawing\" class=\"wp-image-2580\" srcset=\"https:\/\/m-technic.com\/wp-content\/uploads\/2020\/05\/su-sayac\u0131-\u00f6l\u00e7\u00fcleri.png 616w, https:\/\/m-technic.com\/wp-content\/uploads\/2020\/05\/su-sayac\u0131-\u00f6l\u00e7\u00fcleri-300x266.png 300w\" sizes=\"(max-width: 616px) 100vw, 616px\" \/><\/figure>\n\n\n\n<hr class=\"wp-block-separator\"\/>","protected":false},"excerpt":{"rendered":"<p>For your Atlas calorimeter and hot and cold water meter needs, we offer the most suitable solutions for your project with our free discovery service. Free Pre-Discovery Best Price Guarantee! Atlas UKM-20 Ultrasonic Calorimeter General Features: Conforms to EN 1434 Standard. MID Approved. With its ultrasonic measuring principle, it is much more sensitive than mechanical meters. Since it does not contain moving parts, it is 2 times higher than mechanical meters [\u2026]<\/p>","protected":false},"author":1,"featured_media":2440,"parent":0,"menu_order":0,"comment_status":"closed","ping_status":"closed","template":"","meta":[],"yst_prominent_words":[],"yoast_head":"<!-- This site is optimized with the Yoast SEO Premium plugin v14.1 - https:\/\/yoast.com\/wordpress\/plugins\/seo\/ -->\n<title>Atlas Kalorimetre ve Su Saya\u00e7lar\u0131 En Uygun Fiyat| M-Technic<\/title>\n<meta name=\"description\" content=\"Atlas kalorimetre ve s\u0131cak ve so\u011fuk su sayac\u0131 ihtiya\u00e7lar\u0131n\u0131zda \u00fccretsiz ke\u015fif hizmetimiz ile projenize \u00f6zel en uygun \u00e7\u00f6z\u00fcmleri sunuyoruz.\" \/>\n<meta name=\"robots\" content=\"index, follow\" \/>\n<meta name=\"googlebot\" content=\"index, follow, max-snippet:-1, max-image-preview:large, max-video-preview:-1\" \/>\n<meta name=\"bingbot\" content=\"index, follow, max-snippet:-1, max-image-preview:large, max-video-preview:-1\" \/>\n<link rel=\"canonical\" href=\"https:\/\/m-technic.com\/en\/atlas-heatmeter-watermeter\/\" \/>\n<meta property=\"og:locale\" content=\"en_GB\" \/>\n<meta property=\"og:type\" content=\"article\" \/>\n<meta property=\"og:title\" content=\"Atlas Kalorimetre ve Su Saya\u00e7lar\u0131 En Uygun Fiyat| M-Technic\" \/>\n<meta property=\"og:description\" content=\"Atlas kalorimetre ve s\u0131cak ve so\u011fuk su sayac\u0131 ihtiya\u00e7lar\u0131n\u0131zda \u00fccretsiz ke\u015fif hizmetimiz ile projenize \u00f6zel en uygun \u00e7\u00f6z\u00fcmleri sunuyoruz.\" \/>\n<meta property=\"og:url\" content=\"https:\/\/m-technic.com\/en\/atlas-heatmeter-watermeter\/\" \/>\n<meta property=\"og:site_name\" content=\"M-Technic\" \/>\n<meta property=\"article:modified_time\" content=\"2020-05-30T16:40:26+00:00\" \/>\n<meta property=\"og:image\" content=\"https:\/\/m-technic.com\/wp-content\/uploads\/2020\/04\/Atlas-UKM20-1.jpg\" \/>\n\t<meta property=\"og:image:width\" content=\"1588\" \/>\n\t<meta property=\"og:image:height\" content=\"1508\" \/>\n<meta name=\"twitter:card\" content=\"summary_large_image\" \/>\n<script type=\"application\/ld+json\" class=\"yoast-schema-graph\">{\"@context\":\"https:\/\/schema.org\",\"@graph\":[{\"@type\":\"WebSite\",\"@id\":\"https:\/\/m-technic.com\/en\/#website\",\"url\":\"https:\/\/m-technic.com\/en\/\",\"name\":\"M-Technic\",\"description\":\"Projelere \\u00f6zel kompakt \\u00e7\\u00f6z\\u00fcmler\",\"potentialAction\":[{\"@type\":\"SearchAction\",\"target\":\"https:\/\/m-technic.com\/en\/?s={search_term_string}\",\"query-input\":\"required name=search_term_string\"}],\"inLanguage\":\"en-GB\"},{\"@type\":\"ImageObject\",\"@id\":\"https:\/\/m-technic.com\/atlas-kalorimetre-su-sayaclari\/#primaryimage\",\"inLanguage\":\"en-GB\",\"url\":\"https:\/\/m-technic.com\/wp-content\/uploads\/2020\/04\/Atlas-UKM20-1.jpg\",\"width\":1588,\"height\":1508},{\"@type\":\"WebPage\",\"@id\":\"https:\/\/m-technic.com\/atlas-kalorimetre-su-sayaclari\/#webpage\",\"url\":\"https:\/\/m-technic.com\/atlas-kalorimetre-su-sayaclari\/\",\"name\":\"Atlas Kalorimetre ve Su Saya\\u00e7lar\\u0131 En Uygun Fiyat| M-Technic\",\"isPartOf\":{\"@id\":\"https:\/\/m-technic.com\/en\/#website\"},\"primaryImageOfPage\":{\"@id\":\"https:\/\/m-technic.com\/atlas-kalorimetre-su-sayaclari\/#primaryimage\"},\"datePublished\":\"2020-04-12T13:07:42+00:00\",\"dateModified\":\"2020-05-30T16:40:26+00:00\",\"description\":\"Atlas kalorimetre ve s\\u0131cak ve so\\u011fuk su sayac\\u0131 ihtiya\\u00e7lar\\u0131n\\u0131zda \\u00fccretsiz ke\\u015fif hizmetimiz ile projenize \\u00f6zel en uygun \\u00e7\\u00f6z\\u00fcmleri sunuyoruz.\",\"inLanguage\":\"en-GB\",\"potentialAction\":[{\"@type\":\"ReadAction\",\"target\":[\"https:\/\/m-technic.com\/atlas-kalorimetre-su-sayaclari\/\"]}]}]}<\/script>\n<!-- \/ Yoast SEO Premium plugin. -->","_links":{"self":[{"href":"https:\/\/m-technic.com\/en\/wp-json\/wp\/v2\/pages\/2437"}],"collection":[{"href":"https:\/\/m-technic.com\/en\/wp-json\/wp\/v2\/pages"}],"about":[{"href":"https:\/\/m-technic.com\/en\/wp-json\/wp\/v2\/types\/page"}],"author":[{"embeddable":true,"href":"https:\/\/m-technic.com\/en\/wp-json\/wp\/v2\/users\/1"}],"replies":[{"embeddable":true,"href":"https:\/\/m-technic.com\/en\/wp-json\/wp\/v2\/comments?post=2437"}],"version-history":[{"count":32,"href":"https:\/\/m-technic.com\/en\/wp-json\/wp\/v2\/pages\/2437\/revisions"}],"predecessor-version":[{"id":2737,"href":"https:\/\/m-technic.com\/en\/wp-json\/wp\/v2\/pages\/2437\/revisions\/2737"}],"wp:featuredmedia":[{"embeddable":true,"href":"https:\/\/m-technic.com\/en\/wp-json\/wp\/v2\/media\/2440"}],"wp:attachment":[{"href":"https:\/\/m-technic.com\/en\/wp-json\/wp\/v2\/media?parent=2437"}],"wp:term":[{"taxonomy":"yst_prominent_words","embeddable":true,"href":"https:\/\/m-technic.com\/en\/wp-json\/wp\/v2\/yst_prominent_words?post=2437"}],"curies":[{"name":"wp","href":"https:\/\/api.w.org\/{rel}","templated":true}]}}