{"id":2356,"date":"2020-04-11T14:10:19","date_gmt":"2020-04-11T14:10:19","guid":{"rendered":"https:\/\/m-technic.com\/?page_id=2356"},"modified":"2020-05-30T17:04:59","modified_gmt":"2020-05-30T17:04:59","slug":"m-bus-kurulum","status":"publish","type":"page","link":"https:\/\/m-technic.com\/en\/m-bus-kurulum\/","title":{"rendered":"M-Bus System Installation, M-Bus Wiring and Commissioning Operations"},"content":{"rendered":"<figure class=\"wp-block-image size-large is-resized\"><img loading=\"lazy\" src=\"https:\/\/m-technic.com\/wp-content\/uploads\/2019\/04\/M-Technic-1024x326.png\" alt=\"\" class=\"wp-image-323\" width=\"305\" height=\"96\" srcset=\"https:\/\/m-technic.com\/wp-content\/uploads\/2019\/04\/M-Technic-1024x326.png 1024w, https:\/\/m-technic.com\/wp-content\/uploads\/2019\/04\/M-Technic-768x245.png 768w, https:\/\/m-technic.com\/wp-content\/uploads\/2019\/04\/M-Technic.png 1080w\" sizes=\"(max-width: 305px) 100vw, 305px\" \/><\/figure>\n\n\n\n<p>As M-Technic; M-Bus system installation, M-Bus cabling and commissioning needs for your project with our free discovery service <a href=\"https:\/\/m-technic.com\/en\/services\/\">we offer the most suitable solutions.<\/a> <\/p>\n\n\n\n<h4><strong> By M-Technic technical team;<\/strong><\/h4>\n\n\n\n<div class=\"wp-block-image\"><figure class=\"alignright size-large is-resized\"><img loading=\"lazy\" src=\"https:\/\/m-technic.com\/wp-content\/uploads\/2019\/11\/servis-personeli1.jpg\" alt=\"Heat Station Service\" class=\"wp-image-1067\" width=\"114\" height=\"140\" srcset=\"https:\/\/m-technic.com\/wp-content\/uploads\/2019\/11\/servis-personeli1.jpg 509w, https:\/\/m-technic.com\/wp-content\/uploads\/2019\/11\/servis-personeli1-245x300.jpg 245w\" sizes=\"(max-width: 114px) 100vw, 114px\" \/><\/figure><\/div>\n\n\n\n<ul><li>Meters in the project and their environments<\/li><li>Block floor, mechanical and electrical shaft lengths<\/li><li>High current states<\/li><li>Converter ports<\/li><\/ul>\n\n\n\n<h4><strong>field checks are made and detailed discovery is made. As a result of the discovery, our price offer is presented to our customers.<\/strong><\/h4>\n\n\n\n<hr class=\"wp-block-separator\"\/>\n\n\n\n<h3><strong>What is MBus?<\/strong><\/h3>\n\n\n\n<div class=\"wp-block-image\"><figure class=\"alignright size-large is-resized\"><img loading=\"lazy\" src=\"https:\/\/m-technic.com\/wp-content\/uploads\/2020\/04\/mbus-logo.png\" alt=\"M-bus logo\" class=\"wp-image-2359\" width=\"173\" height=\"97\"\/><\/figure><\/div>\n\n\n\n<p>M-Bus An abbreviation produced from the words Metering Bus. As the name implies, it is a standard developed for the communication of measuring devices. This standard is a standard used in the measurement of measurement devices such as Electricity, Hot water and Cold water, which are generally used at home. It is a communication protocol in accordance with TS EN 1434-3 standard.<\/p>\n\n\n\n<p>M-Bus equipments can be powered by batteries as well as they can receive energy via cable. MBus counters collect the information they collect when questioned by a master converter. <a rel=\"noreferrer noopener\" href=\"https:\/\/m-technic.com\/en\/m-bus-converter\/\" target=\"_blank\">to master converter<\/a> They transmission.<\/p>\n\n\n\n<p>MBus equipment should not be questioned very often, especially when they are powered by batteries. The ideal query frequency is once a day, as each query generates an energy consumption.<\/p>\n\n\n\n<p>If cable infrastructure is ready, counters can take their energy over cable. In this case, making inquiries more often will not be a problem.<\/p>\n\n\n\n<hr class=\"wp-block-separator\"\/>\n\n\n\n<h3><strong>MBus System Setup<\/strong>MBus Commissioning<\/h3>\n\n\n\n<p>In the wired M-Bus installation application, a pair of signal cables are installed and all MBus equipment is connected parallel to the cable (BUS). Devices connected with the MBus collector in the center receive the energy supply via cable. At the same time, counter information is transmitted to the central converter via cable.<\/p>\n\n\n\n<p>This system, whose cabling cost is very low due to the use of bus topology, is especially suitable for apartments and sites.<\/p>\n\n\n\n<p>MBus is a protocol that communicates serially over a pair of cables. If this structure is installed, it is possible to energize the meters remotely.<\/p>\n\n\n\n<p>A maximum of 250 meters can be connected in an M-Bus segment.<\/p>\n\n\n\n<h4><strong>Sample<\/strong> <strong>Installation Connection, M-Bus Wiring:<\/strong><\/h4>\n\n\n\n<figure class=\"wp-block-image size-large\"><img loading=\"lazy\" width=\"1014\" height=\"834\" src=\"https:\/\/m-technic.com\/wp-content\/uploads\/2020\/04\/\u00f6rnek-m-bus-ba\u011flat\u0131s\u0131-1.jpg\" alt=\"Mbus installation scheme\" class=\"wp-image-2501\" srcset=\"https:\/\/m-technic.com\/wp-content\/uploads\/2020\/04\/\u00f6rnek-m-bus-ba\u011flat\u0131s\u0131-1.jpg 1014w, https:\/\/m-technic.com\/wp-content\/uploads\/2020\/04\/\u00f6rnek-m-bus-ba\u011flat\u0131s\u0131-1-300x247.jpg 300w, https:\/\/m-technic.com\/wp-content\/uploads\/2020\/04\/\u00f6rnek-m-bus-ba\u011flat\u0131s\u0131-1-768x632.jpg 768w\" sizes=\"(max-width: 1014px) 100vw, 1014px\" \/><\/figure>\n\n\n\n<hr class=\"wp-block-separator\"\/>","protected":false},"excerpt":{"rendered":"<p>As M-Technic; We offer the most suitable solutions for your project with our free discovery service for your M-Bus system installation, M-Bus cabling and commissioning needs. By M-Technic technical team; Meters in the project and their environments Block floor, mechanical and electrical shaft lengths High current situations Field controls of converter connection points are made and detailed exploration is made. As a result of the discovery made, the price [\u2026]<\/p>","protected":false},"author":1,"featured_media":2381,"parent":0,"menu_order":0,"comment_status":"closed","ping_status":"closed","template":"","meta":[],"yst_prominent_words":[],"yoast_head":"<!-- This site is optimized with the Yoast SEO Premium plugin v14.1 - https:\/\/yoast.com\/wordpress\/plugins\/seo\/ -->\n<title>M-Bus Sistemi Kurulum, M-Bus Kablolama ve Devreye Alma \u0130\u015flemleri<\/title>\n<meta name=\"description\" content=\"M-Technic olarak; M-Bus sistemi kurulum, kablolama ve m-bus devreya alma ihtiya\u00e7lar\u0131n\u0131zda \u00fccretsiz ke\u015fif hizmetimiz ile en uygun \u00e7\u00f6z\u00fcmleri sunuyoruz.\" \/>\n<meta name=\"robots\" content=\"index, follow\" \/>\n<meta name=\"googlebot\" content=\"index, follow, max-snippet:-1, max-image-preview:large, max-video-preview:-1\" \/>\n<meta name=\"bingbot\" content=\"index, follow, max-snippet:-1, max-image-preview:large, max-video-preview:-1\" \/>\n<link rel=\"canonical\" href=\"https:\/\/m-technic.com\/en\/m-bus-kurulum\/\" \/>\n<meta property=\"og:locale\" content=\"en_GB\" \/>\n<meta property=\"og:type\" content=\"article\" \/>\n<meta property=\"og:title\" content=\"M-Bus Sistemi Kurulum, M-Bus Kablolama ve Devreye Alma \u0130\u015flemleri\" \/>\n<meta property=\"og:description\" content=\"M-Technic olarak; M-Bus sistemi kurulum, kablolama ve m-bus devreya alma ihtiya\u00e7lar\u0131n\u0131zda \u00fccretsiz ke\u015fif hizmetimiz ile en uygun \u00e7\u00f6z\u00fcmleri sunuyoruz.\" \/>\n<meta property=\"og:url\" content=\"https:\/\/m-technic.com\/en\/m-bus-kurulum\/\" \/>\n<meta property=\"og:site_name\" content=\"M-Technic\" \/>\n<meta property=\"article:modified_time\" content=\"2020-05-30T17:04:59+00:00\" \/>\n<meta property=\"og:image\" content=\"https:\/\/m-technic.com\/wp-content\/uploads\/2020\/04\/\u00f6rnek-m-bus-ba\u011flat\u0131s\u0131.jpg\" \/>\n\t<meta property=\"og:image:width\" content=\"1014\" \/>\n\t<meta property=\"og:image:height\" content=\"834\" \/>\n<meta name=\"twitter:card\" content=\"summary_large_image\" \/>\n<script type=\"application\/ld+json\" class=\"yoast-schema-graph\">{\"@context\":\"https:\/\/schema.org\",\"@graph\":[{\"@type\":\"WebSite\",\"@id\":\"https:\/\/m-technic.com\/en\/#website\",\"url\":\"https:\/\/m-technic.com\/en\/\",\"name\":\"M-Technic\",\"description\":\"Projelere \\u00f6zel kompakt \\u00e7\\u00f6z\\u00fcmler\",\"potentialAction\":[{\"@type\":\"SearchAction\",\"target\":\"https:\/\/m-technic.com\/en\/?s={search_term_string}\",\"query-input\":\"required name=search_term_string\"}],\"inLanguage\":\"en-GB\"},{\"@type\":\"ImageObject\",\"@id\":\"https:\/\/m-technic.com\/m-bus-kurulum\/#primaryimage\",\"inLanguage\":\"en-GB\",\"url\":\"https:\/\/m-technic.com\/wp-content\/uploads\/2020\/04\/\\u00f6rnek-m-bus-ba\\u011flat\\u0131s\\u0131.jpg\",\"width\":1014,\"height\":834,\"caption\":\"m-bus kurulum\"},{\"@type\":\"WebPage\",\"@id\":\"https:\/\/m-technic.com\/m-bus-kurulum\/#webpage\",\"url\":\"https:\/\/m-technic.com\/m-bus-kurulum\/\",\"name\":\"M-Bus Sistemi Kurulum, M-Bus Kablolama ve Devreye Alma \\u0130\\u015flemleri\",\"isPartOf\":{\"@id\":\"https:\/\/m-technic.com\/en\/#website\"},\"primaryImageOfPage\":{\"@id\":\"https:\/\/m-technic.com\/m-bus-kurulum\/#primaryimage\"},\"datePublished\":\"2020-04-11T14:10:19+00:00\",\"dateModified\":\"2020-05-30T17:04:59+00:00\",\"description\":\"M-Technic olarak; M-Bus sistemi kurulum, kablolama ve m-bus devreya alma ihtiya\\u00e7lar\\u0131n\\u0131zda \\u00fccretsiz ke\\u015fif hizmetimiz ile en uygun \\u00e7\\u00f6z\\u00fcmleri sunuyoruz.\",\"inLanguage\":\"en-GB\",\"potentialAction\":[{\"@type\":\"ReadAction\",\"target\":[\"https:\/\/m-technic.com\/m-bus-kurulum\/\"]}]}]}<\/script>\n<!-- \/ Yoast SEO Premium plugin. -->","_links":{"self":[{"href":"https:\/\/m-technic.com\/en\/wp-json\/wp\/v2\/pages\/2356"}],"collection":[{"href":"https:\/\/m-technic.com\/en\/wp-json\/wp\/v2\/pages"}],"about":[{"href":"https:\/\/m-technic.com\/en\/wp-json\/wp\/v2\/types\/page"}],"author":[{"embeddable":true,"href":"https:\/\/m-technic.com\/en\/wp-json\/wp\/v2\/users\/1"}],"replies":[{"embeddable":true,"href":"https:\/\/m-technic.com\/en\/wp-json\/wp\/v2\/comments?post=2356"}],"version-history":[{"count":37,"href":"https:\/\/m-technic.com\/en\/wp-json\/wp\/v2\/pages\/2356\/revisions"}],"predecessor-version":[{"id":2741,"href":"https:\/\/m-technic.com\/en\/wp-json\/wp\/v2\/pages\/2356\/revisions\/2741"}],"wp:featuredmedia":[{"embeddable":true,"href":"https:\/\/m-technic.com\/en\/wp-json\/wp\/v2\/media\/2381"}],"wp:attachment":[{"href":"https:\/\/m-technic.com\/en\/wp-json\/wp\/v2\/media?parent=2356"}],"wp:term":[{"taxonomy":"yst_prominent_words","embeddable":true,"href":"https:\/\/m-technic.com\/en\/wp-json\/wp\/v2\/yst_prominent_words?post=2356"}],"curies":[{"name":"wp","href":"https:\/\/api.w.org\/{rel}","templated":true}]}}