{"id":1787,"date":"2020-02-22T14:18:54","date_gmt":"2020-02-22T14:18:54","guid":{"rendered":"https:\/\/m-technic.com\/?page_id=1787"},"modified":"2020-05-30T17:09:59","modified_gmt":"2020-05-30T17:09:59","slug":"hizmetlerimiz","status":"publish","type":"page","link":"https:\/\/m-technic.com\/en\/services\/","title":{"rendered":"M-Technic\u00ae Services"},"content":{"rendered":"<div class=\"wp-block-media-text alignwide has-media-on-the-right\" style=\"grid-template-columns:auto 29%\"><figure class=\"wp-block-media-text__media\"><img loading=\"lazy\" width=\"1024\" height=\"1021\" src=\"https:\/\/m-technic.com\/wp-content\/uploads\/2020\/04\/osos-web-site-men\u00fc-ikon-1024x1021.jpg\" alt=\"\" class=\"wp-image-2339\" srcset=\"https:\/\/m-technic.com\/wp-content\/uploads\/2020\/04\/osos-web-site-men\u00fc-ikon-1024x1021.jpg 1024w, https:\/\/m-technic.com\/wp-content\/uploads\/2020\/04\/osos-web-site-men\u00fc-ikon-300x300.jpg 300w, https:\/\/m-technic.com\/wp-content\/uploads\/2020\/04\/osos-web-site-men\u00fc-ikon-150x150.jpg 150w, https:\/\/m-technic.com\/wp-content\/uploads\/2020\/04\/osos-web-site-men\u00fc-ikon-768x766.jpg 768w, https:\/\/m-technic.com\/wp-content\/uploads\/2020\/04\/osos-web-site-men\u00fc-ikon-1536x1532.jpg 1536w, https:\/\/m-technic.com\/wp-content\/uploads\/2020\/04\/osos-web-site-men\u00fc-ikon.jpg 1584w\" sizes=\"(max-width: 1024px) 100vw, 1024px\" \/><\/figure><div class=\"wp-block-media-text__content\">\n<h3><strong><em><a href=\"https:\/\/m-technic.com\/en\/osos-automatic-meter-reading\/\">OSOS Remote Meter Reading and Heat Expense Sharing Services<\/a><\/em><\/strong><\/h3>\n<\/div><\/div>\n\n\n\n<hr class=\"wp-block-separator\"\/>\n\n\n\n<div class=\"wp-block-media-text alignwide has-media-on-the-right\" style=\"grid-template-columns:auto 30%\"><figure class=\"wp-block-media-text__media\"><img loading=\"lazy\" width=\"968\" height=\"1024\" src=\"https:\/\/m-technic.com\/wp-content\/uploads\/2020\/04\/M-Technic-Merkezi-Is\u0131tma-\u00dcr\u00fcnleri-Logo-968x1024.jpg\" alt=\"\" class=\"wp-image-2239\" srcset=\"https:\/\/m-technic.com\/wp-content\/uploads\/2020\/04\/M-Technic-Merkezi-Is\u0131tma-\u00dcr\u00fcnleri-Logo-968x1024.jpg 968w, https:\/\/m-technic.com\/wp-content\/uploads\/2020\/04\/M-Technic-Merkezi-Is\u0131tma-\u00dcr\u00fcnleri-Logo-284x300.jpg 284w, https:\/\/m-technic.com\/wp-content\/uploads\/2020\/04\/M-Technic-Merkezi-Is\u0131tma-\u00dcr\u00fcnleri-Logo-768x813.jpg 768w, https:\/\/m-technic.com\/wp-content\/uploads\/2020\/04\/M-Technic-Merkezi-Is\u0131tma-\u00dcr\u00fcnleri-Logo-1452x1536.jpg 1452w, https:\/\/m-technic.com\/wp-content\/uploads\/2020\/04\/M-Technic-Merkezi-Is\u0131tma-\u00dcr\u00fcnleri-Logo.jpg 1586w\" sizes=\"(max-width: 968px) 100vw, 968px\" \/><\/figure><div class=\"wp-block-media-text__content\">\n<h3><em><a href=\"https:\/\/m-technic.com\/en\/brands\/\"><strong>Central Heating, Cooling and Heat Expense Sharing System Products Sales <\/strong><\/a><\/em><\/h3>\n<\/div><\/div>\n\n\n\n<hr class=\"wp-block-separator\"\/>\n\n\n\n<div class=\"wp-block-media-text alignwide has-media-on-the-right\" style=\"grid-template-columns:auto 28%\"><figure class=\"wp-block-media-text__media\"><img loading=\"lazy\" width=\"712\" height=\"1024\" src=\"https:\/\/m-technic.com\/wp-content\/uploads\/2020\/03\/HE71-712x1024.jpg\" alt=\"\" class=\"wp-image-2106\" srcset=\"https:\/\/m-technic.com\/wp-content\/uploads\/2020\/03\/HE71-712x1024.jpg 712w, https:\/\/m-technic.com\/wp-content\/uploads\/2020\/03\/HE71-209x300.jpg 209w, https:\/\/m-technic.com\/wp-content\/uploads\/2020\/03\/HE71-768x1105.jpg 768w, https:\/\/m-technic.com\/wp-content\/uploads\/2020\/03\/HE71-1068x1536.jpg 1068w, https:\/\/m-technic.com\/wp-content\/uploads\/2020\/03\/HE71.jpg 1226w\" sizes=\"(max-width: 712px) 100vw, 712px\" \/><\/figure><div class=\"wp-block-media-text__content\">\n<h3><a href=\"https:\/\/m-technic.com\/en\/heat-station-maintanence-spares\/\"><strong><em>Heat Interface Unit Periodic Maintenance, Service Operations and Spare Parts Sales <\/em><\/strong><\/a><\/h3>\n<\/div><\/div>\n\n\n\n<hr class=\"wp-block-separator\"\/>\n\n\n\n<div class=\"wp-block-media-text alignwide has-media-on-the-right\" style=\"grid-template-columns:auto 29%\"><figure class=\"wp-block-media-text__media\"><img loading=\"lazy\" width=\"491\" height=\"398\" src=\"https:\/\/m-technic.com\/wp-content\/uploads\/2020\/02\/daf-sonic.jpg\" alt=\"DAF Calorimeter\" class=\"wp-image-1792\" srcset=\"https:\/\/m-technic.com\/wp-content\/uploads\/2020\/02\/daf-sonic.jpg 491w, https:\/\/m-technic.com\/wp-content\/uploads\/2020\/02\/daf-sonic-300x243.jpg 300w\" sizes=\"(max-width: 491px) 100vw, 491px\" \/><\/figure><div class=\"wp-block-media-text__content\">\n<h3 class=\"has-vivid-cyan-blue-color has-text-color\"><strong><a href=\"https:\/\/m-technic.com\/en\/m-technic-isi-sayaci-kalorimetre-muayene-islemleri\/\"><em>Heat Meter - Calorimeter Inspection and Calibration Procedures<\/em><\/a><\/strong><\/h3>\n<\/div><\/div>\n\n\n\n<hr class=\"wp-block-separator\"\/>\n\n\n\n<div class=\"wp-block-media-text alignwide has-media-on-the-right\" style=\"grid-template-columns:auto 31%\"><figure class=\"wp-block-media-text__media\"><img loading=\"lazy\" width=\"1024\" height=\"830\" src=\"https:\/\/m-technic.com\/wp-content\/uploads\/2020\/04\/M-Technic-Kalorimetre-ve-Su-Sayac\u0131-Montaj-Logo-1024x830.jpg\" alt=\"\" class=\"wp-image-2248\" srcset=\"https:\/\/m-technic.com\/wp-content\/uploads\/2020\/04\/M-Technic-Kalorimetre-ve-Su-Sayac\u0131-Montaj-Logo-1024x830.jpg 1024w, https:\/\/m-technic.com\/wp-content\/uploads\/2020\/04\/M-Technic-Kalorimetre-ve-Su-Sayac\u0131-Montaj-Logo-300x243.jpg 300w, https:\/\/m-technic.com\/wp-content\/uploads\/2020\/04\/M-Technic-Kalorimetre-ve-Su-Sayac\u0131-Montaj-Logo-768x623.jpg 768w, https:\/\/m-technic.com\/wp-content\/uploads\/2020\/04\/M-Technic-Kalorimetre-ve-Su-Sayac\u0131-Montaj-Logo-1536x1245.jpg 1536w, https:\/\/m-technic.com\/wp-content\/uploads\/2020\/04\/M-Technic-Kalorimetre-ve-Su-Sayac\u0131-Montaj-Logo.jpg 1584w\" sizes=\"(max-width: 1024px) 100vw, 1024px\" \/><\/figure><div class=\"wp-block-media-text__content\">\n<h3><em><strong><a href=\"https:\/\/m-technic.com\/en\/kalorimetre-su-sayaci-montaj\/\">Heat Meter - Calorimeter, Water Meter, Heat Share Meter Installation and Maintenance Procedures<\/a><\/strong><\/em><\/h3>\n<\/div><\/div>\n\n\n\n<hr class=\"wp-block-separator\"\/>\n\n\n\n<div class=\"wp-block-media-text alignwide has-media-on-the-right\" style=\"grid-template-columns:auto 31%\"><figure class=\"wp-block-media-text__media\"><img loading=\"lazy\" width=\"1024\" height=\"776\" src=\"https:\/\/m-technic.com\/wp-content\/uploads\/2020\/04\/M-Technic-M-Bus-Kablolama-Montaj-ve-Devreye-Alma-1024x776.png\" alt=\"\" class=\"wp-image-2250\" srcset=\"https:\/\/m-technic.com\/wp-content\/uploads\/2020\/04\/M-Technic-M-Bus-Kablolama-Montaj-ve-Devreye-Alma-1024x776.png 1024w, https:\/\/m-technic.com\/wp-content\/uploads\/2020\/04\/M-Technic-M-Bus-Kablolama-Montaj-ve-Devreye-Alma-300x227.png 300w, https:\/\/m-technic.com\/wp-content\/uploads\/2020\/04\/M-Technic-M-Bus-Kablolama-Montaj-ve-Devreye-Alma-768x582.png 768w, https:\/\/m-technic.com\/wp-content\/uploads\/2020\/04\/M-Technic-M-Bus-Kablolama-Montaj-ve-Devreye-Alma-1536x1164.png 1536w, https:\/\/m-technic.com\/wp-content\/uploads\/2020\/04\/M-Technic-M-Bus-Kablolama-Montaj-ve-Devreye-Alma.png 1584w\" sizes=\"(max-width: 1024px) 100vw, 1024px\" \/><\/figure><div class=\"wp-block-media-text__content\">\n<h3><strong><em><a href=\"https:\/\/m-technic.com\/en\/m-bus-kurulum\/\">M-Bus System Installation, Wiring and Commissioning Operations<\/a><\/em><\/strong><\/h3>\n<\/div><\/div>\n\n\n\n<hr class=\"wp-block-separator\"\/>\n\n\n\n<p><\/p>","protected":false},"excerpt":{"rendered":"<p>OSOS Remote Meter Reading and Heat Expense Sharing Services Central Heating, Cooling and Heat Expense Sharing System Products Sales Heat Station Periodic Maintenance, Service Operations and Spare Parts Sales Heat Meter - Calorimeter Inspection and Calibration Operations Heat Meter - Calorimeter, Water Meter, Heat Allocation Meter Installation and Maintenance Procedures M-Bus System Installation, Wiring [\u2026]<\/p>","protected":false},"author":1,"featured_media":1067,"parent":0,"menu_order":0,"comment_status":"closed","ping_status":"closed","template":"","meta":[],"yst_prominent_words":[],"yoast_head":"<!-- This site is optimized with the Yoast SEO Premium plugin v14.1 - https:\/\/yoast.com\/wordpress\/plugins\/seo\/ -->\n<title>M-Technic\u00ae Hizmetlerimiz | M-Technic Kalorimetre Montaj - Teknik Servis<\/title>\n<meta name=\"description\" content=\"Is\u0131 Sayac\u0131 - Kalorimetre Montaj, Is\u0131 istasyonu Servis ve Devreye Alma \u0130\u015flemleri M-Bus Sistemi Kurulum, Kablolama ve Devreye Alma \u0130\u015flemleri. Teknik Servis\" \/>\n<meta name=\"robots\" content=\"index, follow\" \/>\n<meta name=\"googlebot\" content=\"index, follow, max-snippet:-1, max-image-preview:large, max-video-preview:-1\" \/>\n<meta name=\"bingbot\" content=\"index, follow, max-snippet:-1, max-image-preview:large, max-video-preview:-1\" \/>\n<link rel=\"canonical\" href=\"https:\/\/m-technic.com\/en\/services\/\" \/>\n<meta property=\"og:locale\" content=\"en_GB\" \/>\n<meta property=\"og:type\" content=\"article\" \/>\n<meta property=\"og:title\" content=\"M-Technic\u00ae Hizmetlerimiz | M-Technic Kalorimetre Montaj - Teknik Servis\" \/>\n<meta property=\"og:description\" content=\"Is\u0131 Sayac\u0131 - Kalorimetre Montaj, Is\u0131 istasyonu Servis ve Devreye Alma \u0130\u015flemleri M-Bus Sistemi Kurulum, Kablolama ve Devreye Alma \u0130\u015flemleri. Teknik Servis\" \/>\n<meta property=\"og:url\" content=\"https:\/\/m-technic.com\/en\/services\/\" \/>\n<meta property=\"og:site_name\" content=\"M-Technic\" \/>\n<meta property=\"article:modified_time\" content=\"2020-05-30T17:09:59+00:00\" \/>\n<meta property=\"og:image\" content=\"https:\/\/m-technic.com\/wp-content\/uploads\/2019\/11\/servis-personeli1.jpg\" \/>\n\t<meta property=\"og:image:width\" content=\"509\" \/>\n\t<meta property=\"og:image:height\" content=\"622\" \/>\n<meta name=\"twitter:card\" content=\"summary_large_image\" \/>\n<script type=\"application\/ld+json\" class=\"yoast-schema-graph\">{\"@context\":\"https:\/\/schema.org\",\"@graph\":[{\"@type\":\"WebSite\",\"@id\":\"https:\/\/m-technic.com\/en\/#website\",\"url\":\"https:\/\/m-technic.com\/en\/\",\"name\":\"M-Technic\",\"description\":\"Projelere \\u00f6zel kompakt \\u00e7\\u00f6z\\u00fcmler\",\"potentialAction\":[{\"@type\":\"SearchAction\",\"target\":\"https:\/\/m-technic.com\/en\/?s={search_term_string}\",\"query-input\":\"required name=search_term_string\"}],\"inLanguage\":\"en-GB\"},{\"@type\":\"ImageObject\",\"@id\":\"https:\/\/m-technic.com\/hizmetlerimiz\/#primaryimage\",\"inLanguage\":\"en-GB\",\"url\":\"https:\/\/m-technic.com\/wp-content\/uploads\/2019\/11\/servis-personeli1.jpg\",\"width\":509,\"height\":622,\"caption\":\"Is\\u0131 \\u0130stasyonu Servis\"},{\"@type\":\"WebPage\",\"@id\":\"https:\/\/m-technic.com\/hizmetlerimiz\/#webpage\",\"url\":\"https:\/\/m-technic.com\/hizmetlerimiz\/\",\"name\":\"M-Technic\\u00ae Hizmetlerimiz | M-Technic Kalorimetre Montaj - Teknik Servis\",\"isPartOf\":{\"@id\":\"https:\/\/m-technic.com\/en\/#website\"},\"primaryImageOfPage\":{\"@id\":\"https:\/\/m-technic.com\/hizmetlerimiz\/#primaryimage\"},\"datePublished\":\"2020-02-22T14:18:54+00:00\",\"dateModified\":\"2020-05-30T17:09:59+00:00\",\"description\":\"Is\\u0131 Sayac\\u0131 - Kalorimetre Montaj, Is\\u0131 istasyonu Servis ve Devreye Alma \\u0130\\u015flemleri M-Bus Sistemi Kurulum, Kablolama ve Devreye Alma \\u0130\\u015flemleri. Teknik Servis\",\"inLanguage\":\"en-GB\",\"potentialAction\":[{\"@type\":\"ReadAction\",\"target\":[\"https:\/\/m-technic.com\/hizmetlerimiz\/\"]}]}]}<\/script>\n<!-- \/ Yoast SEO Premium plugin. -->","_links":{"self":[{"href":"https:\/\/m-technic.com\/en\/wp-json\/wp\/v2\/pages\/1787"}],"collection":[{"href":"https:\/\/m-technic.com\/en\/wp-json\/wp\/v2\/pages"}],"about":[{"href":"https:\/\/m-technic.com\/en\/wp-json\/wp\/v2\/types\/page"}],"author":[{"embeddable":true,"href":"https:\/\/m-technic.com\/en\/wp-json\/wp\/v2\/users\/1"}],"replies":[{"embeddable":true,"href":"https:\/\/m-technic.com\/en\/wp-json\/wp\/v2\/comments?post=1787"}],"version-history":[{"count":67,"href":"https:\/\/m-technic.com\/en\/wp-json\/wp\/v2\/pages\/1787\/revisions"}],"predecessor-version":[{"id":2482,"href":"https:\/\/m-technic.com\/en\/wp-json\/wp\/v2\/pages\/1787\/revisions\/2482"}],"wp:featuredmedia":[{"embeddable":true,"href":"https:\/\/m-technic.com\/en\/wp-json\/wp\/v2\/media\/1067"}],"wp:attachment":[{"href":"https:\/\/m-technic.com\/en\/wp-json\/wp\/v2\/media?parent=1787"}],"wp:term":[{"taxonomy":"yst_prominent_words","embeddable":true,"href":"https:\/\/m-technic.com\/en\/wp-json\/wp\/v2\/yst_prominent_words?post=1787"}],"curies":[{"name":"wp","href":"https:\/\/api.w.org\/{rel}","templated":true}]}}