{"id":1742,"date":"2020-02-22T13:25:09","date_gmt":"2020-02-22T13:25:09","guid":{"rendered":"https:\/\/m-technic.com\/?page_id=1742"},"modified":"2021-01-27T13:31:04","modified_gmt":"2021-01-27T13:31:04","slug":"m-technic-isi-sayaci-kalorimetre-muayene-islemleri","status":"publish","type":"page","link":"https:\/\/m-technic.com\/en\/m-technic-isi-sayaci-kalorimetre-muayene-islemleri\/","title":{"rendered":"Heat Meter - Calorimeter Inspection Procedures"},"content":{"rendered":"<figure class=\"wp-block-image size-large is-resized\"><img loading=\"lazy\" src=\"https:\/\/m-technic.com\/wp-content\/uploads\/2019\/04\/M-Technic-1024x326.png\" alt=\"\" class=\"wp-image-323\" width=\"309\" height=\"96\"\/><\/figure>\n\n\n\n<p>As M-Technic; Heat meter - calorimeter meter inspection and calibration process needs, with our free discovery service, <a href=\"https:\/\/m-technic.com\/en\/services\/\">we offer the most suitable solutions.<\/a><\/p>\n\n\n\n<h2><strong>Our Heat Meter Inspection Services<\/strong><\/h2>\n\n\n\n<h3><strong>Discovery Before Inspection <\/strong><\/h3>\n\n\n\n<p>During the project discovery, information about the heat meters and the facility where they are located is collected. Planning is made as a result of this information.<\/p>\n\n\n\n<div class=\"wp-block-image\"><figure class=\"alignright size-large is-resized\"><img loading=\"lazy\" src=\"https:\/\/m-technic.com\/wp-content\/uploads\/2019\/11\/servis-personeli1.jpg\" alt=\"Heat Station Service\" class=\"wp-image-1067\" width=\"191\" height=\"233\" srcset=\"https:\/\/m-technic.com\/wp-content\/uploads\/2019\/11\/servis-personeli1.jpg 509w, https:\/\/m-technic.com\/wp-content\/uploads\/2019\/11\/servis-personeli1-245x300.jpg 245w\" sizes=\"(max-width: 191px) 100vw, 191px\" \/><\/figure><\/div>\n\n\n\n<div class=\"wp-container-3 wp-block-group\"><div class=\"wp-block-group__inner-container\">\n<div class=\"wp-container-2 wp-block-group has-background\" style=\"background-color:#ffffff\"><div class=\"wp-block-group__inner-container\">\n<div class=\"wp-container-1 wp-block-group\"><div class=\"wp-block-group__inner-container\">\n<ul><li>Brand, model etc. of heat meters. properties,<\/li><li>Heat meter locations (inside \/ outside the apartment) and the number of them,<\/li><li>Connection diameter,<\/li><li>The length of heat meters,<\/li><li>Addressing control,<\/li><li>Temperature sensor sleeve diameter,<\/li><li>Function controls of shutoff valves,<\/li><\/ul>\n<\/div><\/div>\n<\/div><\/div>\n<\/div><\/div>\n\n\n\n<p>After the discovery of the project (building) with heat meters, a proposal is prepared for assembly and de-assembly operations. The pricing of de-assembly and assembly processes is done separately from inspection procedures.<\/p>\n\n\n\n<h3><strong>Heat Meter Disassembly and Assembly Services<\/strong><\/h3>\n\n\n\n<div class=\"wp-block-image\"><figure class=\"alignright size-large is-resized\"><img loading=\"lazy\" src=\"https:\/\/m-technic.com\/wp-content\/uploads\/2019\/11\/servis-personeli2.jpg\" alt=\"\" class=\"wp-image-1070\" width=\"180\" height=\"217\" srcset=\"https:\/\/m-technic.com\/wp-content\/uploads\/2019\/11\/servis-personeli2.jpg 521w, https:\/\/m-technic.com\/wp-content\/uploads\/2019\/11\/servis-personeli2-249x300.jpg 249w\" sizes=\"(max-width: 180px) 100vw, 180px\" \/><\/figure><\/div>\n\n\n\n<p>This service is the service of picking up the heat meters that will be subject to inspection and delivering them to their addresses after the inspection process.<\/p>\n\n\n\n<p>Especially in projects where the number of heat meters are high, there are procedures that we carry out meticulously to avoid confusion. After the de-assembly (dismantling) of the heat meters is completed and the inspection operations are carried out, traceability is important for the mounting of the heat meter to the owner.<\/p>\n\n\n\n<h4><strong>Processes to be applied during disassembly:<\/strong><\/h4>\n\n\n\n<ul><li>In the installation where the meter is located, all water flow is stopped with shut-off valves,<\/li><li>The meter is disconnected with mbus automation and the disconnected connection is isolated, preventing a short circuit in the mbus system.<\/li><li>Mechanical controls of the meter are made, temperature sensors and stamp control are notified to the owner of the device in case of a non-compliance. In addition, if there is any error warning electronically on the heat meter screen, an error is detected and it is evaluated whether it will have an impact on the inspection process,<\/li><li>The locations of the heat meters removed from the installation are blinded and the flow is re-established in the installation system,<\/li><li>Flow sensors and temperature sensors of the meters leaving the installation are protected and stacked to be brought to the laboratory,<\/li><li>While the counter is stacked, traceability is provided by typing block-circle, counter serial number, box number information according to the order in the box.<\/li><\/ul>\n\n\n\n<h4><strong>Processes to be applied during assembly:<\/strong><\/h4>\n\n\n\n<ul><li>The heat meters, whose inspection procedures have been completed and stamped, are installed in the same box,<\/li><li>Flow directions of the meters, heating and return sensor connections are checked and assembled,<\/li><li>After the body assembly of the meters, all leak tests are done,<\/li><li>The meters inside the heat station are mounted with gaskets suitable for the station type,<\/li><li>After assembly, tightness checks of connection records are made,<\/li><li>The information form created after the assembly is delivered to the site \/ apartment management,<\/li><li>After the physical assembly of the meters, short-circuit checks are made by making M-Bus cable connections,<\/li><li>After all the assembly processes are completed, the M-bus line is checked and the delivery of its meters is completed.<\/li><\/ul>\n\n\n\n<h4><strong>Heat Meter Periodic Inspection Procedures<\/strong><\/h4>\n\n\n\n<p>Periodic meter inspection; It is a general inspection for heat meters every 5 years. Inspection processes consist of steps specified in EN-1434-5: 2014 standards. For heat meters, the production year is accepted as the 1st year and the inspection periods are followed. The last two digits of the production year of the heat meter are marked on the device as follows. <\/p>\n\n\n\n<figure class=\"wp-block-image size-large\"><img loading=\"lazy\" width=\"1024\" height=\"451\" src=\"https:\/\/m-technic.com\/wp-content\/uploads\/2020\/04\/Saya\u00e7-Model-Tarihi-\u00d6rnek-1024x451.png\" alt=\"\" class=\"wp-image-2552\" srcset=\"https:\/\/m-technic.com\/wp-content\/uploads\/2020\/04\/Saya\u00e7-Model-Tarihi-\u00d6rnek-1024x451.png 1024w, https:\/\/m-technic.com\/wp-content\/uploads\/2020\/04\/Saya\u00e7-Model-Tarihi-\u00d6rnek-300x132.png 300w, https:\/\/m-technic.com\/wp-content\/uploads\/2020\/04\/Saya\u00e7-Model-Tarihi-\u00d6rnek-768x338.png 768w, https:\/\/m-technic.com\/wp-content\/uploads\/2020\/04\/Saya\u00e7-Model-Tarihi-\u00d6rnek.png 1336w\" sizes=\"(max-width: 1024px) 100vw, 1024px\" \/><\/figure>\n\n\n\n<p>The seals and stamps of the heat meters to which the Meter Inspection process will be applied must be intact, in case the device is intervened, the inspection process is appropriate. If the stamp time of the heat meter has expired, the heat meter is penalized and the inspection process cannot be applied.<\/p>\n\n\n\n<p>During the inspection procedures applied to the heat meters, the results of the flow measurement, temperature measurement and calculation of the device are evaluated according to the accuracy class of the heat meter.<\/p>\n\n\n\n<p>As a result of the evaluations, if the heat meter is measuring within the limits of the highest permissible error limits (M\u0130H), it is stamped, and if the error is outside the limits, a non-compliance report is issued.<\/p>\n\n\n\n<p>Improper heat meters may be subject to repair and adjustment, if possible, and replacement of heat meters that cannot be repaired or adjusted is required.<\/p>\n\n\n\n<p>Comparison with etalon (test setup) during the heat meter inspection. The error value made by the heat meter is calculated in % by comparing with the heat energy calculated by the heat meter by calculating with the heat energy value measured by the test device under 3 different conditions. This value should not exceed the maximum allowable error value.<\/p>\n\n\n\n<figure class=\"wp-block-image size-large\"><img loading=\"lazy\" width=\"800\" height=\"513\" src=\"https:\/\/m-technic.com\/wp-content\/uploads\/2020\/04\/sayac-demonte.jpg\" alt=\"\" class=\"wp-image-2424\" srcset=\"https:\/\/m-technic.com\/wp-content\/uploads\/2020\/04\/sayac-demonte.jpg 800w, https:\/\/m-technic.com\/wp-content\/uploads\/2020\/04\/sayac-demonte-300x192.jpg 300w, https:\/\/m-technic.com\/wp-content\/uploads\/2020\/04\/sayac-demonte-768x492.jpg 768w\" sizes=\"(max-width: 800px) 100vw, 800px\" \/><\/figure>\n\n\n\n<p><\/p>","protected":false},"excerpt":{"rendered":"<p>M-Technic olarak; Is\u0131 sayac\u0131 &#8211; kalorimetre saya\u00e7 muayene ve kalibrasyon i\u015flemi ihtiya\u00e7lar\u0131n\u0131zda \u00fccretsiz ke\u015fif hizmetimiz ile projenize \u00f6zel en uygun \u00e7\u00f6z\u00fcmleri sunuyoruz. Is\u0131 Sayac\u0131 Muayene Hizmetlerimiz Muayene \u00d6ncesi Ke\u015fif Proje ke\u015fifi s\u0131ras\u0131nda \u0131s\u0131 saya\u00e7lar\u0131na ve bulundu\u011fu tesisata ait bilgiler toplan\u0131r. Bu bilgiler neticesinde planlama yap\u0131lmaktad\u0131r. Is\u0131 saya\u00e7lar\u0131n\u0131n marka,model vb. \u00f6zellikleri, Is\u0131 saya\u00e7 yerleri (daire i\u00e7i\/d\u0131\u015f\u0131) [&hellip;]<\/p>","protected":false},"author":1,"featured_media":2550,"parent":0,"menu_order":5,"comment_status":"closed","ping_status":"closed","template":"","meta":[],"yst_prominent_words":[],"yoast_head":"<!-- This site is optimized with the Yoast SEO Premium plugin v14.1 - https:\/\/yoast.com\/wordpress\/plugins\/seo\/ -->\n<title>Is\u0131 Sayac\u0131 - Kalorimetre Muayene \u0130\u015flemleri | Saya\u00e7 Muayene Kalibrasyon<\/title>\n<meta name=\"description\" content=\"Saya\u00e7 muayene i\u015flemleri s\u0131ras\u0131nda cihaza ait ak\u0131\u015f \u00f6l\u00e7\u00fcm\u00fc, s\u0131cakl\u0131k \u00f6l\u00e7\u00fcm\u00fc ve hesaplama sonu\u00e7lar\u0131 \u0131s\u0131 sayac\u0131na ait do\u011fruluk s\u0131n\u0131f\u0131na g\u00f6re de\u011ferlendirilir.\" \/>\n<meta name=\"robots\" content=\"index, follow\" \/>\n<meta name=\"googlebot\" content=\"index, follow, max-snippet:-1, max-image-preview:large, max-video-preview:-1\" \/>\n<meta name=\"bingbot\" content=\"index, follow, max-snippet:-1, max-image-preview:large, max-video-preview:-1\" \/>\n<link rel=\"canonical\" href=\"https:\/\/m-technic.com\/en\/m-technic-isi-sayaci-kalorimetre-muayene-islemleri\/\" \/>\n<meta property=\"og:locale\" content=\"en_GB\" \/>\n<meta property=\"og:type\" content=\"article\" \/>\n<meta property=\"og:title\" content=\"Is\u0131 Sayac\u0131 - Kalorimetre Muayene \u0130\u015flemleri | Saya\u00e7 Muayene Kalibrasyon\" \/>\n<meta property=\"og:description\" content=\"Saya\u00e7 muayene i\u015flemleri s\u0131ras\u0131nda cihaza ait ak\u0131\u015f \u00f6l\u00e7\u00fcm\u00fc, s\u0131cakl\u0131k \u00f6l\u00e7\u00fcm\u00fc ve hesaplama sonu\u00e7lar\u0131 \u0131s\u0131 sayac\u0131na ait do\u011fruluk s\u0131n\u0131f\u0131na g\u00f6re de\u011ferlendirilir.\" \/>\n<meta property=\"og:url\" content=\"https:\/\/m-technic.com\/en\/m-technic-isi-sayaci-kalorimetre-muayene-islemleri\/\" \/>\n<meta property=\"og:site_name\" content=\"M-Technic\" \/>\n<meta property=\"article:modified_time\" content=\"2021-01-27T13:31:04+00:00\" \/>\n<meta property=\"og:image\" content=\"https:\/\/m-technic.com\/wp-content\/uploads\/2020\/04\/M15-2015-Model-bir-\u0131s\u0131-sayac\u0131d\u0131r.png\" \/>\n\t<meta property=\"og:image:width\" content=\"1584\" \/>\n\t<meta property=\"og:image:height\" content=\"1208\" \/>\n<meta name=\"twitter:card\" content=\"summary_large_image\" \/>\n<script type=\"application\/ld+json\" class=\"yoast-schema-graph\">{\"@context\":\"https:\/\/schema.org\",\"@graph\":[{\"@type\":\"WebSite\",\"@id\":\"https:\/\/m-technic.com\/en\/#website\",\"url\":\"https:\/\/m-technic.com\/en\/\",\"name\":\"M-Technic\",\"description\":\"Projelere \\u00f6zel kompakt \\u00e7\\u00f6z\\u00fcmler\",\"potentialAction\":[{\"@type\":\"SearchAction\",\"target\":\"https:\/\/m-technic.com\/en\/?s={search_term_string}\",\"query-input\":\"required name=search_term_string\"}],\"inLanguage\":\"en-GB\"},{\"@type\":\"ImageObject\",\"@id\":\"https:\/\/m-technic.com\/m-technic-isi-sayaci-kalorimetre-muayene-islemleri\/#primaryimage\",\"inLanguage\":\"en-GB\",\"url\":\"https:\/\/m-technic.com\/wp-content\/uploads\/2020\/04\/M15-2015-Model-bir-\\u0131s\\u0131-sayac\\u0131d\\u0131r.png\",\"width\":1584,\"height\":1208,\"caption\":\"saya\\u00e7 muayene\"},{\"@type\":\"WebPage\",\"@id\":\"https:\/\/m-technic.com\/m-technic-isi-sayaci-kalorimetre-muayene-islemleri\/#webpage\",\"url\":\"https:\/\/m-technic.com\/m-technic-isi-sayaci-kalorimetre-muayene-islemleri\/\",\"name\":\"Is\\u0131 Sayac\\u0131 - Kalorimetre Muayene \\u0130\\u015flemleri | Saya\\u00e7 Muayene Kalibrasyon\",\"isPartOf\":{\"@id\":\"https:\/\/m-technic.com\/en\/#website\"},\"primaryImageOfPage\":{\"@id\":\"https:\/\/m-technic.com\/m-technic-isi-sayaci-kalorimetre-muayene-islemleri\/#primaryimage\"},\"datePublished\":\"2020-02-22T13:25:09+00:00\",\"dateModified\":\"2021-01-27T13:31:04+00:00\",\"description\":\"Saya\\u00e7 muayene i\\u015flemleri s\\u0131ras\\u0131nda cihaza ait ak\\u0131\\u015f \\u00f6l\\u00e7\\u00fcm\\u00fc, s\\u0131cakl\\u0131k \\u00f6l\\u00e7\\u00fcm\\u00fc ve hesaplama sonu\\u00e7lar\\u0131 \\u0131s\\u0131 sayac\\u0131na ait do\\u011fruluk s\\u0131n\\u0131f\\u0131na g\\u00f6re de\\u011ferlendirilir.\",\"inLanguage\":\"en-GB\",\"potentialAction\":[{\"@type\":\"ReadAction\",\"target\":[\"https:\/\/m-technic.com\/m-technic-isi-sayaci-kalorimetre-muayene-islemleri\/\"]}]}]}<\/script>\n<!-- \/ Yoast SEO Premium plugin. -->","_links":{"self":[{"href":"https:\/\/m-technic.com\/en\/wp-json\/wp\/v2\/pages\/1742"}],"collection":[{"href":"https:\/\/m-technic.com\/en\/wp-json\/wp\/v2\/pages"}],"about":[{"href":"https:\/\/m-technic.com\/en\/wp-json\/wp\/v2\/types\/page"}],"author":[{"embeddable":true,"href":"https:\/\/m-technic.com\/en\/wp-json\/wp\/v2\/users\/1"}],"replies":[{"embeddable":true,"href":"https:\/\/m-technic.com\/en\/wp-json\/wp\/v2\/comments?post=1742"}],"version-history":[{"count":40,"href":"https:\/\/m-technic.com\/en\/wp-json\/wp\/v2\/pages\/1742\/revisions"}],"predecessor-version":[{"id":2794,"href":"https:\/\/m-technic.com\/en\/wp-json\/wp\/v2\/pages\/1742\/revisions\/2794"}],"wp:featuredmedia":[{"embeddable":true,"href":"https:\/\/m-technic.com\/en\/wp-json\/wp\/v2\/media\/2550"}],"wp:attachment":[{"href":"https:\/\/m-technic.com\/en\/wp-json\/wp\/v2\/media?parent=1742"}],"wp:term":[{"taxonomy":"yst_prominent_words","embeddable":true,"href":"https:\/\/m-technic.com\/en\/wp-json\/wp\/v2\/yst_prominent_words?post=1742"}],"curies":[{"name":"wp","href":"https:\/\/api.w.org\/{rel}","templated":true}]}}