{"id":1472,"date":"2020-02-05T21:38:43","date_gmt":"2020-02-05T21:38:43","guid":{"rendered":"https:\/\/m-technic.com\/?page_id=1472"},"modified":"2021-12-18T21:21:36","modified_gmt":"2021-12-18T21:21:36","slug":"danfoss","status":"publish","type":"page","link":"https:\/\/m-technic.com\/en\/danfoss\/","title":{"rendered":"Danfoss Thermostatic Radiator Valves"},"content":{"rendered":"<div data-elementor-type=\"wp-page\" data-elementor-id=\"1472\" class=\"elementor elementor-1472\">\n\t\t\t\t\t\t<div class=\"elementor-inner\">\n\t\t\t\t<div class=\"elementor-section-wrap\">\n\t\t\t\t\t\t\t\t\t<section class=\"elementor-section elementor-top-section elementor-element elementor-element-248a346f elementor-section-boxed elementor-section-height-default elementor-section-height-default\" data-id=\"248a346f\" data-element_type=\"section\">\n\t\t\t\t\t\t<div class=\"elementor-container elementor-column-gap-default\">\n\t\t\t\t\t\t\t<div class=\"elementor-row\">\n\t\t\t\t\t<div class=\"elementor-column elementor-col-100 elementor-top-column elementor-element elementor-element-e7beece\" data-id=\"e7beece\" data-element_type=\"column\">\n\t\t\t<div class=\"elementor-column-wrap elementor-element-populated\">\n\t\t\t\t\t\t\t<div class=\"elementor-widget-wrap\">\n\t\t\t\t\t\t<div class=\"elementor-element elementor-element-2aeca40d elementor-widget elementor-widget-text-editor\" data-id=\"2aeca40d\" data-element_type=\"widget\" data-widget_type=\"text-editor.default\">\n\t\t\t\t<div class=\"elementor-widget-container\">\n\t\t\t\t\t\t\t\t<div class=\"elementor-text-editor elementor-clearfix\">\n\t\t\t\t<p><!-- wp:image {\"id\":1480,\"width\":275,\"height\":115,\"sizeSlug\":\"large\"} --><\/p>\n<figure class=\"wp-block-image size-large is-resized\"><img loading=\"lazy\" src=\"https:\/\/m-technic.com\/wp-content\/uploads\/2020\/02\/Danfoss.png\" alt=\"\" class=\"wp-image-1480\" width=\"275\" height=\"115\" srcset=\"https:\/\/m-technic.com\/wp-content\/uploads\/2020\/02\/Danfoss.png 349w, https:\/\/m-technic.com\/wp-content\/uploads\/2020\/02\/Danfoss-300x126.png 300w\" sizes=\"(max-width: 275px) 100vw, 275px\" \/><\/figure>\n<p><!-- \/wp:image --><\/p>\n<p><!-- wp:paragraph --><\/p>\n<p>We offer the most suitable solutions for your project with our free discovery service for your Danfoss thermostatic radiator valve needs.  <\/p>\n<p><!-- \/wp:paragraph --><\/p>\n<p><!-- wp:paragraph --><\/p>\n<p> <strong><em>Free Pre-Discovery Best Price Guarantee!<\/em> <\/strong> <\/p>\n<p><!-- \/wp:paragraph --><\/p>\n<p><!-- wp:heading --><\/p>\n<h2><strong>Danfoss Thermostatic Valve<\/strong><\/h2>\n<p><!-- \/wp:heading --><\/p>\n<p><!-- wp:image {\"align\":\"right\",\"id\":2080,\"width\":183,\"height\":187,\"sizeSlug\":\"large\",\"className\":\"is-style-circle-mask\"} --><\/p>\n<div class=\"wp-block-image is-style-circle-mask\">\n<figure class=\"alignright size-large is-resized\"><img loading=\"lazy\" src=\"https:\/\/m-technic.com\/wp-content\/uploads\/2020\/03\/Danfoss-TRV-998x1024.jpg\" alt=\"Danfoss thermostatic valve picture\" class=\"wp-image-2080\" width=\"183\" height=\"187\" srcset=\"https:\/\/m-technic.com\/wp-content\/uploads\/2020\/03\/Danfoss-TRV-998x1024.jpg 998w, https:\/\/m-technic.com\/wp-content\/uploads\/2020\/03\/Danfoss-TRV-292x300.jpg 292w, https:\/\/m-technic.com\/wp-content\/uploads\/2020\/03\/Danfoss-TRV-768x788.jpg 768w, https:\/\/m-technic.com\/wp-content\/uploads\/2020\/03\/Danfoss-TRV.jpg 1064w\" sizes=\"(max-width: 183px) 100vw, 183px\" \/><\/figure>\n<\/div>\n<p><!-- \/wp:image --><\/p>\n<p><!-- wp:heading {\"level\":3} --><\/p>\n<h3><strong>What is Thermostatic Radiator Valve (TRV)? <\/strong><\/h3>\n<p><!-- \/wp:heading --><\/p>\n<p><!-- wp:paragraph --><\/p>\n<p>TRV is the 'Thermostatic Radiator Valve' which is used instead of manually controlled (manual) radiator valves in radiator (honeycomb) heating systems. <\/p>\n<p><!-- \/wp:paragraph --><\/p>\n<p><!-- wp:paragraph --><\/p>\n<p>TRV offers the opportunity to adjust the room temperature to the desired value, to keep it constant and to re-adjust if desired. <\/p>\n<p><!-- \/wp:paragraph --><\/p>\n<p><!-- wp:paragraph --><\/p>\n<p>TRV, thanks to its mechanism; automatically adjusts (decreases or increases) the amount of water going to the radiator to keep the room temperature at the desired value. In this way, TRV; It allows you to experience comfort at the desired room temperature. <\/p>\n<p><!-- \/wp:paragraph --><\/p>\n<p><!-- wp:paragraph --><\/p>\n<p>TRV prevents the unnecessary temperature fluctuations by detecting the effects of heat emitted from other external (solar etc.) and internal (environment people, working electrical devices, etc.) that increase the room temperature, thus saving energy up to .  <\/p>\n<p><!-- \/wp:paragraph --><\/p>\n<p><!-- wp:heading {\"level\":3} --><\/p>\n<h3><strong>Outstanding Features of Danfoss Thermostatic Radiator Valves:<\/strong><\/h3>\n<p><!-- \/wp:heading --><\/p>\n<p><!-- wp:paragraph --><\/p>\n<p> \u2022 High Performance, energy saving up to <\/p>\n<p><!-- \/wp:paragraph --><\/p>\n<p><!-- wp:paragraph --><\/p>\n<p>\u2022 Long Lifetime<\/p>\n<p><!-- \/wp:paragraph --><\/p>\n<p><!-- wp:paragraph --><\/p>\n<p>\u2022 Precise and high quality workmanship <\/p>\n<p><!-- \/wp:paragraph --><\/p>\n<p><!-- wp:paragraph --><\/p>\n<p>\u2022 Fast Assembly <\/p>\n<p><!-- \/wp:paragraph --><\/p>\n<p><!-- wp:paragraph --><\/p>\n<p>\u2022 Easy Preset Possibility <\/p>\n<p><!-- \/wp:paragraph --><\/p>\n<p><!-- wp:paragraph --><\/p>\n<p>\u2022 Different Solutions According to Need. Wide product range <\/p>\n<p><!-- \/wp:paragraph --><\/p>\n<p><!-- wp:paragraph --><\/p>\n<p>\u2022 Patented Plug Click Connection <\/p>\n<p><!-- \/wp:paragraph --><\/p>\n<p><!-- wp:quote --><\/p>\n<blockquote class=\"wp-block-quote\">\n<p><strong>Inventor of Thermostatic Radiator Valve (TRV) and market leader all over the world; Stop Danfoss. <\/strong><\/p>\n<\/blockquote>\n<p><!-- \/wp:quote --><\/p>\n<p><!-- wp:separator --><\/p>\n<hr class=\"wp-block-separator\">\n<p><!-- \/wp:separator --><\/p>\n<p><!-- wp:image {\"id\":1864,\"width\":671,\"height\":300,\"sizeSlug\":\"large\"} --><\/p>\n<figure class=\"wp-block-image size-large is-resized\"><img loading=\"lazy\" src=\"https:\/\/m-technic.com\/wp-content\/uploads\/2020\/02\/trv-modeller-1024x459.jpg\" alt=\"Danfoss thermostatic valve models\" class=\"wp-image-1864\" width=\"671\" height=\"300\" srcset=\"https:\/\/m-technic.com\/wp-content\/uploads\/2020\/02\/trv-modeller-1024x459.jpg 1024w, https:\/\/m-technic.com\/wp-content\/uploads\/2020\/02\/trv-modeller-300x134.jpg 300w, https:\/\/m-technic.com\/wp-content\/uploads\/2020\/02\/trv-modeller-768x344.jpg 768w, https:\/\/m-technic.com\/wp-content\/uploads\/2020\/02\/trv-modeller.jpg 1395w\" sizes=\"(max-width: 671px) 100vw, 671px\" \/><\/figure>\n<p><!-- \/wp:image --><\/p>\n<p><!-- wp:heading {\"level\":4} --><\/p>\n<h4><strong>1. Installation of Valve Body to Radiator Installation <\/strong><\/h4>\n<p><!-- \/wp:heading --><\/p>\n<p><!-- wp:paragraph --><\/p>\n<p><strong>The following steps are applied during the assembly of the valve body.<\/strong><\/p>\n<p><!-- \/wp:paragraph --><\/p>\n<p><!-- wp:list --><\/p>\n<ul>\n<li>The union on the valve body is removed. The part to which the valve will be connected to the radiator is wrapped with sealing element (linen, paste, telfon etc.) and mounted on the radiator.  <\/li>\n<li>The sealing element is wrapped in the pipe to which the valve will be connected and the valve body is mounted on the pipe. <\/li>\n<li>Then, the valve body, which is mounted on the pipe with the fitting on the radiator, is tightened with a wrench and the valve body assembly is completed.  <\/li>\n<\/ul>\n<p><!-- \/wp:list --><\/p>\n<p><!-- wp:heading {\"level\":4} --><\/p>\n<h4><strong>2. Sensor Installation <\/strong><\/h4>\n<p><!-- \/wp:heading --><\/p>\n<p><!-- wp:paragraph --><\/p>\n<p>After the valve body is properly mounted on the radiator, the valve body cover is removed. The sensor is easily connected to the valve without requiring any equipment. When the sensor is attached to the body, the spring-lock connection is activated and the sensor is securely connected.  <\/p>\n<p><!-- \/wp:paragraph --><\/p>\n<p><!-- wp:separator --><\/p>\n<hr class=\"wp-block-separator\">\n<p><!-- \/wp:separator --><\/p>\n<p><!-- wp:heading {\"level\":3} --><\/p>\n<h3><b>Danfoss<\/b> <strong>Temperature Setting with Thermostatic Valve <\/strong><\/h3>\n<p><!-- \/wp:heading --><\/p>\n<p><!-- wp:paragraph --><\/p>\n<p>By using Danfoss Thermostatic Radiator Valve, you will have the opportunity to adjust and control the temperature of each independent section (room) individually in your home or office. By turning the adjustment dial on the sensor (sensor), the desired room temperature is set.  <\/p>\n<p><!-- \/wp:paragraph --><\/p>\n<p><!-- wp:image {\"id\":1512,\"sizeSlug\":\"large\"} --><\/p>\n<figure class=\"wp-block-image size-large\"><img loading=\"lazy\" width=\"1024\" height=\"303\" src=\"https:\/\/m-technic.com\/wp-content\/uploads\/2020\/02\/s\u0131cakl\u0131k-ayar-tablosu-1024x303.jpg\" alt=\"\" class=\"wp-image-1512\" srcset=\"https:\/\/m-technic.com\/wp-content\/uploads\/2020\/02\/s\u0131cakl\u0131k-ayar-tablosu-1024x303.jpg 1024w, https:\/\/m-technic.com\/wp-content\/uploads\/2020\/02\/s\u0131cakl\u0131k-ayar-tablosu-300x89.jpg 300w, https:\/\/m-technic.com\/wp-content\/uploads\/2020\/02\/s\u0131cakl\u0131k-ayar-tablosu-768x227.jpg 768w, https:\/\/m-technic.com\/wp-content\/uploads\/2020\/02\/s\u0131cakl\u0131k-ayar-tablosu.jpg 1143w\" sizes=\"(max-width: 1024px) 100vw, 1024px\" \/><\/figure>\n<p><!-- \/wp:image --><\/p>\n<p><!-- wp:separator --><\/p>\n<hr class=\"wp-block-separator\">\n<p><!-- \/wp:separator --><\/p>\n<p><!-- wp:heading {\"level\":4} --><\/p>\n<h4><strong>Temperature Limiting in Thermostatic Radiator Valve<\/strong><\/h4>\n<p><!-- \/wp:heading --><\/p>\n<p><!-- wp:paragraph --><\/p>\n<p>The Sensor  can be limited to operate in certain temperature ranges by using the upper and lower limiting pins on it.<\/p>\n<p><!-- \/wp:paragraph --><\/p>\n<p><!-- wp:heading {\"level\":5} --><\/p>\n<h5><strong>Temperature Lower Limit<\/strong><\/h5>\n<p><!-- \/wp:heading --><\/p>\n<p><!-- wp:paragraph --><\/p>\n<p>After the Thermostatic Radiator Valve (TRV) is installed in the installation, the sensor temperature indicator is set to * (star) for the lower limit of temperature. By holding down the lower limit pin with the help of a screwdriver, the sensor scale is rotated to the point where the lower limit will be made and the limiting pin is left at the temperature where the lower limit will be made.<\/p>\n<p><!-- \/wp:paragraph --><\/p>\n<p><!-- wp:heading {\"level\":5} --><\/p>\n<h5><strong>Temperature Upper Limiting<\/strong><\/h5>\n<p><!-- \/wp:heading --><\/p>\n<p><!-- wp:paragraph --><\/p>\n<p>For the upper limit of the temperature, the sensor temperature indicator is set to the 5 (five) position. By holding the upper limit pin with the help of a screwdriver, the sensor scale is rotated to the point where the upper limit will be made and the limiting pin is left at the temperature where the upper limit will be made.<\/p>\n<p><!-- \/wp:paragraph --><\/p>\n<p><!-- wp:separator --><\/p>\n<hr class=\"wp-block-separator\">\n<p><!-- \/wp:separator --><\/p>\n<p><!-- wp:heading {\"level\":3} --><\/p>\n<h3><strong>Danfoss\u00ae<\/strong> <strong> Thermostatic Radiator Valves Catalog<\/strong><\/h3>\n<p><!-- \/wp:heading --><\/p>\n<p><!-- wp:file {\"id\":2083,\"href\":\"https:\/\/m-technic.com\/wp-content\/uploads\/2020\/03\/Danfoss-TRV.pdf\"} --><\/p>\n<div class=\"wp-block-file\"><a href=\"https:\/\/m-technic.com\/wp-content\/uploads\/2020\/03\/Danfoss-TRV.pdf\"><strong><em>Danfoss TRV Catalog<\/em><\/strong><\/a><a href=\"https:\/\/m-technic.com\/wp-content\/uploads\/2020\/03\/Danfoss-TRV.pdf\" class=\"wp-block-file__button\" download=\"\">Download Catalog<\/a><\/div>\n<p><!-- \/wp:file --><\/p>\n<p><!-- wp:gallery {\"ids\":[2085,2086,2087,2088,2089],\"columns\":5} --><\/p>\n<figure class=\"wp-block-gallery columns-5 is-cropped\">\n<ul class=\"blocks-gallery-grid\">\n<li class=\"blocks-gallery-item\">\n<figure><img loading=\"lazy\" width=\"724\" height=\"1024\" src=\"https:\/\/m-technic.com\/wp-content\/uploads\/2020\/03\/Danfoss-1-724x1024.png\" alt=\"\" data-id=\"2085\" data-full-url=\"https:\/\/m-technic.com\/wp-content\/uploads\/2020\/03\/Danfoss-1.png\" data-link=\"https:\/\/m-technic.com\/danfoss\/danfoss-1\/\" class=\"wp-image-2085\" srcset=\"https:\/\/m-technic.com\/wp-content\/uploads\/2020\/03\/Danfoss-1-724x1024.png 724w, https:\/\/m-technic.com\/wp-content\/uploads\/2020\/03\/Danfoss-1-212x300.png 212w, https:\/\/m-technic.com\/wp-content\/uploads\/2020\/03\/Danfoss-1-768x1086.png 768w, https:\/\/m-technic.com\/wp-content\/uploads\/2020\/03\/Danfoss-1-1086x1536.png 1086w, https:\/\/m-technic.com\/wp-content\/uploads\/2020\/03\/Danfoss-1.png 1414w\" sizes=\"(max-width: 724px) 100vw, 724px\" \/><\/figure>\n<\/li>\n<li class=\"blocks-gallery-item\">\n<figure><img loading=\"lazy\" width=\"724\" height=\"1024\" src=\"https:\/\/m-technic.com\/wp-content\/uploads\/2020\/03\/Danfoss-2-724x1024.png\" alt=\"\" data-id=\"2086\" data-full-url=\"https:\/\/m-technic.com\/wp-content\/uploads\/2020\/03\/Danfoss-2.png\" data-link=\"https:\/\/m-technic.com\/danfoss\/danfoss-2-3\/\" class=\"wp-image-2086\" srcset=\"https:\/\/m-technic.com\/wp-content\/uploads\/2020\/03\/Danfoss-2-724x1024.png 724w, https:\/\/m-technic.com\/wp-content\/uploads\/2020\/03\/Danfoss-2-212x300.png 212w, https:\/\/m-technic.com\/wp-content\/uploads\/2020\/03\/Danfoss-2-768x1086.png 768w, https:\/\/m-technic.com\/wp-content\/uploads\/2020\/03\/Danfoss-2-1086x1536.png 1086w, https:\/\/m-technic.com\/wp-content\/uploads\/2020\/03\/Danfoss-2.png 1414w\" sizes=\"(max-width: 724px) 100vw, 724px\" \/><\/figure>\n<\/li>\n<li class=\"blocks-gallery-item\">\n<figure><img loading=\"lazy\" width=\"724\" height=\"1024\" src=\"https:\/\/m-technic.com\/wp-content\/uploads\/2020\/03\/Danfoss-3-724x1024.png\" alt=\"\" data-id=\"2087\" data-full-url=\"https:\/\/m-technic.com\/wp-content\/uploads\/2020\/03\/Danfoss-3.png\" data-link=\"https:\/\/m-technic.com\/danfoss\/danfoss-3-3\/\" class=\"wp-image-2087\" srcset=\"https:\/\/m-technic.com\/wp-content\/uploads\/2020\/03\/Danfoss-3-724x1024.png 724w, https:\/\/m-technic.com\/wp-content\/uploads\/2020\/03\/Danfoss-3-212x300.png 212w, https:\/\/m-technic.com\/wp-content\/uploads\/2020\/03\/Danfoss-3-768x1086.png 768w, https:\/\/m-technic.com\/wp-content\/uploads\/2020\/03\/Danfoss-3-1086x1536.png 1086w, https:\/\/m-technic.com\/wp-content\/uploads\/2020\/03\/Danfoss-3.png 1414w\" sizes=\"(max-width: 724px) 100vw, 724px\" \/><\/figure>\n<\/li>\n<li class=\"blocks-gallery-item\">\n<figure><img loading=\"lazy\" width=\"724\" height=\"1024\" src=\"https:\/\/m-technic.com\/wp-content\/uploads\/2020\/03\/Danfoss-4-724x1024.png\" alt=\"\" data-id=\"2088\" data-full-url=\"https:\/\/m-technic.com\/wp-content\/uploads\/2020\/03\/Danfoss-4.png\" data-link=\"https:\/\/m-technic.com\/danfoss\/danfoss-4-2\/\" class=\"wp-image-2088\" srcset=\"https:\/\/m-technic.com\/wp-content\/uploads\/2020\/03\/Danfoss-4-724x1024.png 724w, https:\/\/m-technic.com\/wp-content\/uploads\/2020\/03\/Danfoss-4-212x300.png 212w, https:\/\/m-technic.com\/wp-content\/uploads\/2020\/03\/Danfoss-4-768x1086.png 768w, https:\/\/m-technic.com\/wp-content\/uploads\/2020\/03\/Danfoss-4-1086x1536.png 1086w, https:\/\/m-technic.com\/wp-content\/uploads\/2020\/03\/Danfoss-4.png 1414w\" sizes=\"(max-width: 724px) 100vw, 724px\" \/><\/figure>\n<\/li>\n<li class=\"blocks-gallery-item\">\n<figure><img loading=\"lazy\" width=\"724\" height=\"1024\" src=\"https:\/\/m-technic.com\/wp-content\/uploads\/2020\/03\/Danfoss-5-724x1024.png\" alt=\"\" data-id=\"2089\" data-full-url=\"https:\/\/m-technic.com\/wp-content\/uploads\/2020\/03\/Danfoss-5.png\" data-link=\"https:\/\/m-technic.com\/danfoss\/danfoss-5-2\/\" class=\"wp-image-2089\" srcset=\"https:\/\/m-technic.com\/wp-content\/uploads\/2020\/03\/Danfoss-5-724x1024.png 724w, https:\/\/m-technic.com\/wp-content\/uploads\/2020\/03\/Danfoss-5-212x300.png 212w, https:\/\/m-technic.com\/wp-content\/uploads\/2020\/03\/Danfoss-5-768x1086.png 768w, https:\/\/m-technic.com\/wp-content\/uploads\/2020\/03\/Danfoss-5-1086x1536.png 1086w, https:\/\/m-technic.com\/wp-content\/uploads\/2020\/03\/Danfoss-5.png 1414w\" sizes=\"(max-width: 724px) 100vw, 724px\" \/><\/figure>\n<\/li>\n<\/ul>\n<\/figure>\n<p><!-- \/wp:gallery --><\/p>\t\t\t\t\t<\/div>\n\t\t\t\t\t\t<\/div>\n\t\t\t\t<\/div>\n\t\t\t\t\t\t<\/div>\n\t\t\t\t\t<\/div>\n\t\t<\/div>\n\t\t\t\t\t\t\t\t<\/div>\n\t\t\t\t\t<\/div>\n\t\t<\/section>\n\t\t\t\t\t\t\t\t\t<\/div>\n\t\t\t<\/div>\n\t\t\t\t\t<\/div>","protected":false},"excerpt":{"rendered":"<p>We offer the most suitable solutions for your Danfoss thermostatic valve needs with our free discovery service. Free Pre-Discovery Best Price Guarantee! What is Danfoss Thermostatic Valve Thermostatic Radiator Valve (TRV)? TRV is an &#039;Automatic Radiator Valve&#039; used instead of manually operated (manual) radiator valves in radiator (core) heating systems. TRV, setting the room temperature at the desired value, keeping it constant and when desired [\u2026]<\/p>","protected":false},"author":1,"featured_media":2080,"parent":0,"menu_order":8,"comment_status":"closed","ping_status":"closed","template":"","meta":[],"yst_prominent_words":[],"yoast_head":"<!-- This site is optimized with the Yoast SEO Premium plugin v14.1 - https:\/\/yoast.com\/wordpress\/plugins\/seo\/ -->\n<title>Danfoss Termostatik Radyat\u00f6r Vanalar\u0131 | M-Technic En Uygun Fiyat<\/title>\n<meta name=\"description\" content=\"Danfoss termostatik vana ihtiya\u00e7lar\u0131n\u0131zda \u00fccretsiz ke\u015fif hizmetimiz ile projenize \u00f6zel en uygun \u00e7\u00f6z\u00fcmleri sunuyoruz. Bilgi i\u00e7in 0 850 303 14 80\" \/>\n<meta name=\"robots\" content=\"index, follow\" \/>\n<meta name=\"googlebot\" content=\"index, follow, max-snippet:-1, max-image-preview:large, max-video-preview:-1\" \/>\n<meta name=\"bingbot\" content=\"index, follow, max-snippet:-1, max-image-preview:large, max-video-preview:-1\" \/>\n<link rel=\"canonical\" href=\"https:\/\/m-technic.com\/en\/danfoss\/\" \/>\n<meta property=\"og:locale\" content=\"en_GB\" \/>\n<meta property=\"og:type\" content=\"article\" \/>\n<meta property=\"og:title\" content=\"Danfoss Termostatik Radyat\u00f6r Vanalar\u0131 | M-Technic En Uygun Fiyat\" \/>\n<meta property=\"og:description\" content=\"Danfoss termostatik vana ihtiya\u00e7lar\u0131n\u0131zda \u00fccretsiz ke\u015fif hizmetimiz ile projenize \u00f6zel en uygun \u00e7\u00f6z\u00fcmleri sunuyoruz. Bilgi i\u00e7in 0 850 303 14 80\" \/>\n<meta property=\"og:url\" content=\"https:\/\/m-technic.com\/en\/danfoss\/\" \/>\n<meta property=\"og:site_name\" content=\"M-Technic\" \/>\n<meta property=\"article:modified_time\" content=\"2021-12-18T21:21:36+00:00\" \/>\n<meta property=\"og:image\" content=\"https:\/\/m-technic.com\/wp-content\/uploads\/2020\/03\/Danfoss-TRV.jpg\" \/>\n\t<meta property=\"og:image:width\" content=\"1064\" \/>\n\t<meta property=\"og:image:height\" content=\"1092\" \/>\n<meta name=\"twitter:card\" content=\"summary_large_image\" \/>\n<script type=\"application\/ld+json\" class=\"yoast-schema-graph\">{\"@context\":\"https:\/\/schema.org\",\"@graph\":[{\"@type\":\"WebSite\",\"@id\":\"https:\/\/m-technic.com\/en\/#website\",\"url\":\"https:\/\/m-technic.com\/en\/\",\"name\":\"M-Technic\",\"description\":\"Projelere \\u00f6zel kompakt \\u00e7\\u00f6z\\u00fcmler\",\"potentialAction\":[{\"@type\":\"SearchAction\",\"target\":\"https:\/\/m-technic.com\/en\/?s={search_term_string}\",\"query-input\":\"required name=search_term_string\"}],\"inLanguage\":\"en-GB\"},{\"@type\":\"ImageObject\",\"@id\":\"https:\/\/m-technic.com\/danfoss\/#primaryimage\",\"inLanguage\":\"en-GB\",\"url\":\"https:\/\/m-technic.com\/wp-content\/uploads\/2020\/03\/Danfoss-TRV.jpg\",\"width\":1064,\"height\":1092,\"caption\":\"danfoss termostatik vana\"},{\"@type\":\"WebPage\",\"@id\":\"https:\/\/m-technic.com\/danfoss\/#webpage\",\"url\":\"https:\/\/m-technic.com\/danfoss\/\",\"name\":\"Danfoss Termostatik Radyat\\u00f6r Vanalar\\u0131 | M-Technic En Uygun Fiyat\",\"isPartOf\":{\"@id\":\"https:\/\/m-technic.com\/en\/#website\"},\"primaryImageOfPage\":{\"@id\":\"https:\/\/m-technic.com\/danfoss\/#primaryimage\"},\"datePublished\":\"2020-02-05T21:38:43+00:00\",\"dateModified\":\"2021-12-18T21:21:36+00:00\",\"description\":\"Danfoss termostatik vana ihtiya\\u00e7lar\\u0131n\\u0131zda \\u00fccretsiz ke\\u015fif hizmetimiz ile projenize \\u00f6zel en uygun \\u00e7\\u00f6z\\u00fcmleri sunuyoruz. Bilgi i\\u00e7in 0 850 303 14 80\",\"inLanguage\":\"en-GB\",\"potentialAction\":[{\"@type\":\"ReadAction\",\"target\":[\"https:\/\/m-technic.com\/danfoss\/\"]}]}]}<\/script>\n<!-- \/ Yoast SEO Premium plugin. -->","_links":{"self":[{"href":"https:\/\/m-technic.com\/en\/wp-json\/wp\/v2\/pages\/1472"}],"collection":[{"href":"https:\/\/m-technic.com\/en\/wp-json\/wp\/v2\/pages"}],"about":[{"href":"https:\/\/m-technic.com\/en\/wp-json\/wp\/v2\/types\/page"}],"author":[{"embeddable":true,"href":"https:\/\/m-technic.com\/en\/wp-json\/wp\/v2\/users\/1"}],"replies":[{"embeddable":true,"href":"https:\/\/m-technic.com\/en\/wp-json\/wp\/v2\/comments?post=1472"}],"version-history":[{"count":43,"href":"https:\/\/m-technic.com\/en\/wp-json\/wp\/v2\/pages\/1472\/revisions"}],"predecessor-version":[{"id":3065,"href":"https:\/\/m-technic.com\/en\/wp-json\/wp\/v2\/pages\/1472\/revisions\/3065"}],"wp:featuredmedia":[{"embeddable":true,"href":"https:\/\/m-technic.com\/en\/wp-json\/wp\/v2\/media\/2080"}],"wp:attachment":[{"href":"https:\/\/m-technic.com\/en\/wp-json\/wp\/v2\/media?parent=1472"}],"wp:term":[{"taxonomy":"yst_prominent_words","embeddable":true,"href":"https:\/\/m-technic.com\/en\/wp-json\/wp\/v2\/yst_prominent_words?post=1472"}],"curies":[{"name":"wp","href":"https:\/\/api.w.org\/{rel}","templated":true}]}}