{"id":33,"date":"2019-03-07T19:47:58","date_gmt":"2019-03-07T19:47:58","guid":{"rendered":"http:\/\/m-technic.com\/?page_id=33"},"modified":"2021-03-22T18:20:36","modified_gmt":"2021-03-22T18:20:36","slug":"kurumsal","status":"publish","type":"page","link":"https:\/\/m-technic.com\/de\/corporate\/","title":{"rendered":"Corporate"},"content":{"rendered":"<h2><strong>Murat CELIKLER<\/strong><\/h2>\n\n\n\n<div class=\"wp-block-image\"><figure class=\"alignright size-large is-resized\"><img loading=\"lazy\" src=\"https:\/\/m-technic.com\/wp-content\/uploads\/2020\/05\/murat-\u00e7elikler-kurumsal-1-768x1024.jpg\" alt=\"\" class=\"wp-image-2612\" width=\"154\" height=\"204\" srcset=\"https:\/\/m-technic.com\/wp-content\/uploads\/2020\/05\/murat-\u00e7elikler-kurumsal-1-768x1024.jpg 768w, https:\/\/m-technic.com\/wp-content\/uploads\/2020\/05\/murat-\u00e7elikler-kurumsal-1-225x300.jpg 225w, https:\/\/m-technic.com\/wp-content\/uploads\/2020\/05\/murat-\u00e7elikler-kurumsal-1.jpg 960w\" sizes=\"(max-width: 154px) 100vw, 154px\" \/><\/figure><\/div>\n\n\n\n<p>Ich habe 8 Jahre als Dealer Sales Manager und Purchasing Manager bei DAF Energy gearbeitet, was mir die gr\u00f6\u00dfte Erfahrung in meinem 14-j\u00e4hrigen Berufsleben im Bausektor gebracht hat. <\/p>\n\n\n\n<p>Innerhalb dieser Erfahrung, in der ich im Bereich von Heat Station und W\u00e4rmekostenteilungssystemen t\u00e4tig bin, habe ich ein Portfolio von Kunden und Lieferanten aus vielen Untersektoren und verschiedenen Segmenten, und hat mich in menschlichen Beziehungen und Einkaufsstrategien weitergebracht. <\/p>\n\n\n\n<p>Seit 2018 baue ich die Firma M-Technic auf und biete weiterhin Produkte und Dienstleistungen f\u00fcr W\u00e4rmezentralen-Ersatzteile und W\u00e4rmekostenbeteiligungssysteme an. <\/p>\n\n\n\n<p>Unter dem Motto \"Kompakte L\u00f6sungen f\u00fcr Projekte\" ist die gr\u00f6\u00dfte Motivation f\u00fcr mich, in die Selbstst\u00e4ndigkeit einzusteigen; Sie ergibt sich aus der Kenntnis der tats\u00e4chlichen Kosten aller Produkte aufgrund meiner Erfahrung im Einkauf und der Kenntnis der tats\u00e4chlichen Bed\u00fcrfnisse der Kunden aufgrund meiner Erfahrung als Verkaufsleiter. Ich bin der kompetenteste und anerkannteste Fachmann in der Branche, um die gew\u00fcnschten Produkte und L\u00f6sungen zum richtigen Preis anzubieten. Fast 100 Unternehmen, mit denen wir 3 Jahre lang zusammengearbeitet haben, als ich mein eigenes Unternehmen leitete, geh\u00f6ren zu meinen wertvollsten Referenzquellen.\u00a0<\/p>\n\n\n\n<hr class=\"wp-block-separator\"\/>\n\n\n\n<h2><strong>M-Technic<\/strong><\/h2>\n\n\n\n<div class=\"wp-block-image\"><figure class=\"alignleft is-resized\"><img loading=\"lazy\" src=\"http:\/\/m-technic.com\/wp-content\/uploads\/2019\/04\/M-logo-1024x993.png\" alt=\"\" class=\"wp-image-325\" width=\"113\" height=\"109\" srcset=\"https:\/\/m-technic.com\/wp-content\/uploads\/2019\/04\/M-logo-1024x993.png 1024w, https:\/\/m-technic.com\/wp-content\/uploads\/2019\/04\/M-logo-300x291.png 300w, https:\/\/m-technic.com\/wp-content\/uploads\/2019\/04\/M-logo-768x745.png 768w, https:\/\/m-technic.com\/wp-content\/uploads\/2019\/04\/M-logo.png 1080w\" sizes=\"(max-width: 113px) 100vw, 113px\" \/><\/figure><\/div>\n\n\n\n<p>Die treibende Kraft hinter M-Technic ist der Wunsch, unsere Arbeit besser zu machen. Gegr\u00fcndet von Murat \u00c7elikler, begann M-Technic seine T\u00e4tigkeit 2018 mit 11 Jahren Erfahrung in der Energie- und Baubranche, die sich mit Jugend und Dynamik trifft. <\/p>\n\n\n\n<p>Die Bereitstellung der besten Produkte, Kundenerfahrungen und After-Sales-Services ist unser Hauptprinzip. <\/p>\n\n\n\n<p>Aber das ist noch nicht alles. Wir wollen in allem, was wir tun, besser sein.<\/p>\n\n\n\n<p>Als M-Technic bieten wir unseren Kunden die am besten geeigneten L\u00f6sungen, indem wir unser Wissen und unsere Erfahrung in der Branche nutzen. <\/p>\n\n\n\n<p>Als M-Technic hat es bis heute in mehr als 50.000 Wohnprojekten gedient. Wir sind in den Bereichen Energie, Bau, Handel und Consulting t\u00e4tig.<\/p>\n\n\n\n<hr class=\"wp-block-separator\"\/>\n\n\n\n<h2><strong>Unser Auftrag<\/strong><\/h2>\n\n\n\n<blockquote class=\"wp-block-quote\"><p>Einen Unterschied in der Zukunft machen, indem wir universelle Werte zum Prinzip erheben und die Erwartungen mit unseren inspirierenden L\u00f6sungen \u00fcbertreffen.<\/p><\/blockquote>\n\n\n\n<hr class=\"wp-block-separator\"\/>\n\n\n\n<h2><strong>Einige unserer Referenzen<\/strong><\/h2>\n\n\n\n<p class=\"has-normal-font-size\">Sehr geehrte Kunden, wir danken Ihnen, dass Sie uns f\u00fcr Ihre Produkt-, Service- und Servicepr\u00e4ferenzen f\u00fcr Systeme zur Aufteilung der W\u00e4rmekosten vertrauen und uns diesen Erfolg in kurzer Zeit bringen.<\/p>\n\n\n\n<figure class=\"wp-block-image size-large is-resized\"><img loading=\"lazy\" src=\"https:\/\/m-technic.com\/wp-content\/uploads\/2020\/05\/M-Technic-Referanslar\u0131m\u0131zdan-Baz\u0131lar\u0131-1024x879.jpg\" alt=\"\" class=\"wp-image-2633\" width=\"901\" height=\"772\" srcset=\"https:\/\/m-technic.com\/wp-content\/uploads\/2020\/05\/M-Technic-Referanslar\u0131m\u0131zdan-Baz\u0131lar\u0131-1024x879.jpg 1024w, https:\/\/m-technic.com\/wp-content\/uploads\/2020\/05\/M-Technic-Referanslar\u0131m\u0131zdan-Baz\u0131lar\u0131-300x258.jpg 300w\" sizes=\"(max-width: 901px) 100vw, 901px\" \/><\/figure>\n\n\n\n<hr class=\"wp-block-separator\"\/>\n\n\n\n<h2><strong>Allgemeiner Produktmarken- und Servicekatalog<\/strong><\/h2>\n\n\n\n<div class=\"wp-block-media-text alignwide has-media-on-the-right is-stacked-on-mobile\" style=\"grid-template-columns:auto 38%\"><figure class=\"wp-block-media-text__media\"><img loading=\"lazy\" width=\"724\" height=\"1024\" src=\"https:\/\/m-technic.com\/wp-content\/uploads\/2020\/05\/M-Technic-Genel-\u00dcr\u00fcn-Katalo\u011fu-724x1024.png\" alt=\"\" class=\"wp-image-2639 size-full\" srcset=\"https:\/\/m-technic.com\/wp-content\/uploads\/2020\/05\/M-Technic-Genel-\u00dcr\u00fcn-Katalo\u011fu-724x1024.png 724w, https:\/\/m-technic.com\/wp-content\/uploads\/2020\/05\/M-Technic-Genel-\u00dcr\u00fcn-Katalo\u011fu-212x300.png 212w, https:\/\/m-technic.com\/wp-content\/uploads\/2020\/05\/M-Technic-Genel-\u00dcr\u00fcn-Katalo\u011fu-768x1086.png 768w, https:\/\/m-technic.com\/wp-content\/uploads\/2020\/05\/M-Technic-Genel-\u00dcr\u00fcn-Katalo\u011fu-1086x1536.png 1086w, https:\/\/m-technic.com\/wp-content\/uploads\/2020\/05\/M-Technic-Genel-\u00dcr\u00fcn-Katalo\u011fu.png 1414w\" sizes=\"(max-width: 724px) 100vw, 724px\" \/><\/figure><div class=\"wp-block-media-text__content\">\n<h3><strong><em><a rel=\"noreferrer noopener\" href=\"https:\/\/drive.google.com\/file\/d\/1VSVhQzjkG-3x82tGN62Pbke0Hrd4d28-\/view\" target=\"_blank\">Hier k\u00f6nnen Sie unseren M-Technic General Product Brand and Service Catalog herunterladen.<\/a><\/em><\/strong><\/h3>\n<\/div><\/div>\n\n\n\n<hr class=\"wp-block-separator\"\/>\n\n\n\n<h2><strong>Kontaktiere uns<\/strong><\/h2>\n\n\n<div class=\"wpforms-container wpforms-container-full\" id=\"wpforms-88\"><form id=\"wpforms-form-88\" class=\"wpforms-validate wpforms-form\" data-formid=\"88\" method=\"post\" enctype=\"multipart\/form-data\" action=\"\/de\/wp-json\/wp\/v2\/pages\/33\" data-token=\"b296ccc545c19dcdd81b4793aaf9cc77\" data-trp-original-action=\"\/de\/wp-json\/wp\/v2\/pages\/33\"><noscript class=\"wpforms-error-noscript\">Bitte aktiviere JavaScript in deinem Browser, um dieses Formular fertigzustellen.<\/noscript><div class=\"wpforms-field-container\"><div id=\"wpforms-88-field_0-container\" class=\"wpforms-field wpforms-field-name\" data-field-id=\"0\"><label class=\"wpforms-field-label\" for=\"wpforms-88-field_0\">Ihr Name und Ihr Nachname <span class=\"wpforms-required-label\">*<\/span><\/label><input type=\"text\" id=\"wpforms-88-field_0\" class=\"wpforms-field-medium wpforms-field-required\" name=\"wpforms[fields][0]\" required><\/div><div id=\"wpforms-88-field_1-container\" class=\"wpforms-field wpforms-field-email\" data-field-id=\"1\"><label class=\"wpforms-field-label\" for=\"wpforms-88-field_1\">Email <span class=\"wpforms-required-label\">*<\/span><\/label><input type=\"email\" id=\"wpforms-88-field_1\" class=\"wpforms-field-medium wpforms-field-required\" name=\"wpforms[fields][1]\" required><\/div><div id=\"wpforms-88-field_2-container\" class=\"wpforms-field wpforms-field-textarea\" data-field-id=\"2\"><label class=\"wpforms-field-label\" for=\"wpforms-88-field_2\">Deine Nachricht <span class=\"wpforms-required-label\">*<\/span><\/label><textarea id=\"wpforms-88-field_2\" class=\"wpforms-field-medium wpforms-field-required\" name=\"wpforms[fields][2]\" required><\/textarea><\/div><\/div><div class=\"wpforms-field wpforms-field-hp\"><label for=\"wpforms-88-field-hp\" class=\"wpforms-field-label\">Website<\/label><input type=\"text\" name=\"wpforms[hp]\" id=\"wpforms-88-field-hp\" class=\"wpforms-field-medium\"><\/div><div class=\"wpforms-submit-container\"><input type=\"hidden\" name=\"wpforms[id]\" value=\"88\"><input type=\"hidden\" name=\"wpforms[author]\" value=\"1\"><button type=\"submit\" name=\"wpforms[submit]\" id=\"wpforms-submit-88\" class=\"wpforms-submit\" data-alt-text=\"Sending...\" data-submit-text=\"Submit\" aria-live=\"assertive\" value=\"wpforms-submit\">einreichen<\/button><\/div><input type=\"hidden\" name=\"trp-form-language\" value=\"de\"\/><\/form><\/div>  <!-- .wpforms-container -->","protected":false},"excerpt":{"rendered":"<p>Murat \u00c7EL\u0130KLER \u0130n\u015faat sekt\u00f6r\u00fcnde, 14 y\u0131ll\u0131k \u00e7al\u0131\u015fma hayat\u0131mda bana en b\u00fcy\u00fck deneyimi sa\u011flayan DAF Enerji b\u00fcnyesinde 8 y\u0131l Bayi Sat\u0131\u015f M\u00fcd\u00fcr\u00fc ve Sat\u0131nalma M\u00fcd\u00fcr\u00fc olarak g\u00f6rev ald\u0131m. Is\u0131 \u0130stasyonu ve \u0131s\u0131 gider payla\u015f\u0131m sistemleri alan\u0131nda faaliyet g\u00f6sterdi\u011fim bu s\u00fcre\u00e7te bir\u00e7ok alt sekt\u00f6rden, farkl\u0131 segmentten m\u00fc\u015fteri ve tedarik\u00e7i portf\u00f6y\u00fcne sahip olmam, insan ili\u015fkilerinde ve sat\u0131nalma stratejilerimde [&hellip;]<\/p>","protected":false},"author":1,"featured_media":97,"parent":0,"menu_order":0,"comment_status":"closed","ping_status":"closed","template":"","meta":[],"yst_prominent_words":[],"yoast_head":"<!-- This site is optimized with the Yoast SEO Premium plugin v14.1 - https:\/\/yoast.com\/wordpress\/plugins\/seo\/ -->\n<title>Kurumsal | M-Technic<\/title>\n<meta name=\"description\" content=\"Kalorimetre hizmeti veren firma m\u0131 ar\u0131yorsunuz? Kalorimetre Is\u0131 istasyonu, saya\u00e7, kalorimetre \u00fcr\u00fcn sat\u0131\u015f\u0131, teknik servis ve bak\u0131m alan\u0131nda uzman \u015firketiz.\" \/>\n<meta name=\"robots\" content=\"index, follow\" \/>\n<meta name=\"googlebot\" content=\"index, follow, max-snippet:-1, max-image-preview:large, max-video-preview:-1\" \/>\n<meta name=\"bingbot\" content=\"index, follow, max-snippet:-1, max-image-preview:large, max-video-preview:-1\" \/>\n<link rel=\"canonical\" href=\"https:\/\/m-technic.com\/de\/corporate\/\" \/>\n<meta property=\"og:locale\" content=\"de_DE\" \/>\n<meta property=\"og:type\" content=\"article\" \/>\n<meta property=\"og:title\" content=\"Kurumsal | M-Technic\" \/>\n<meta property=\"og:description\" content=\"Kalorimetre hizmeti veren firma m\u0131 ar\u0131yorsunuz? Kalorimetre Is\u0131 istasyonu, saya\u00e7, kalorimetre \u00fcr\u00fcn sat\u0131\u015f\u0131, teknik servis ve bak\u0131m alan\u0131nda uzman \u015firketiz.\" \/>\n<meta property=\"og:url\" content=\"https:\/\/m-technic.com\/de\/corporate\/\" \/>\n<meta property=\"og:site_name\" content=\"M-Technic\" \/>\n<meta property=\"article:modified_time\" content=\"2021-03-22T18:20:36+00:00\" \/>\n<meta property=\"og:image\" content=\"https:\/\/m-technic.com\/wp-content\/uploads\/2019\/03\/m-technic-M-logo-png.png\" \/>\n\t<meta property=\"og:image:width\" content=\"613\" \/>\n\t<meta property=\"og:image:height\" content=\"626\" \/>\n<meta name=\"twitter:card\" content=\"summary_large_image\" \/>\n<script type=\"application\/ld+json\" class=\"yoast-schema-graph\">{\"@context\":\"https:\/\/schema.org\",\"@graph\":[{\"@type\":\"WebSite\",\"@id\":\"https:\/\/m-technic.com\/de\/#website\",\"url\":\"https:\/\/m-technic.com\/de\/\",\"name\":\"M-Technic\",\"description\":\"Projelere \\u00f6zel kompakt \\u00e7\\u00f6z\\u00fcmler\",\"potentialAction\":[{\"@type\":\"SearchAction\",\"target\":\"https:\/\/m-technic.com\/de\/?s={search_term_string}\",\"query-input\":\"required name=search_term_string\"}],\"inLanguage\":\"de\"},{\"@type\":\"ImageObject\",\"@id\":\"https:\/\/m-technic.com\/kurumsal\/#primaryimage\",\"inLanguage\":\"de\",\"url\":\"https:\/\/m-technic.com\/wp-content\/uploads\/2019\/03\/m-technic-M-logo-png.png\",\"width\":613,\"height\":626,\"caption\":\"M-technic logo\"},{\"@type\":\"WebPage\",\"@id\":\"https:\/\/m-technic.com\/kurumsal\/#webpage\",\"url\":\"https:\/\/m-technic.com\/kurumsal\/\",\"name\":\"Kurumsal | M-Technic\",\"isPartOf\":{\"@id\":\"https:\/\/m-technic.com\/de\/#website\"},\"primaryImageOfPage\":{\"@id\":\"https:\/\/m-technic.com\/kurumsal\/#primaryimage\"},\"datePublished\":\"2019-03-07T19:47:58+00:00\",\"dateModified\":\"2021-03-22T18:20:36+00:00\",\"description\":\"Kalorimetre hizmeti veren firma m\\u0131 ar\\u0131yorsunuz? Kalorimetre Is\\u0131 istasyonu, saya\\u00e7, kalorimetre \\u00fcr\\u00fcn sat\\u0131\\u015f\\u0131, teknik servis ve bak\\u0131m alan\\u0131nda uzman \\u015firketiz.\",\"inLanguage\":\"de\",\"potentialAction\":[{\"@type\":\"ReadAction\",\"target\":[\"https:\/\/m-technic.com\/kurumsal\/\"]}]}]}<\/script>\n<!-- \/ Yoast SEO Premium plugin. -->","_links":{"self":[{"href":"https:\/\/m-technic.com\/de\/wp-json\/wp\/v2\/pages\/33"}],"collection":[{"href":"https:\/\/m-technic.com\/de\/wp-json\/wp\/v2\/pages"}],"about":[{"href":"https:\/\/m-technic.com\/de\/wp-json\/wp\/v2\/types\/page"}],"author":[{"embeddable":true,"href":"https:\/\/m-technic.com\/de\/wp-json\/wp\/v2\/users\/1"}],"replies":[{"embeddable":true,"href":"https:\/\/m-technic.com\/de\/wp-json\/wp\/v2\/comments?post=33"}],"version-history":[{"count":33,"href":"https:\/\/m-technic.com\/de\/wp-json\/wp\/v2\/pages\/33\/revisions"}],"predecessor-version":[{"id":3027,"href":"https:\/\/m-technic.com\/de\/wp-json\/wp\/v2\/pages\/33\/revisions\/3027"}],"wp:featuredmedia":[{"embeddable":true,"href":"https:\/\/m-technic.com\/de\/wp-json\/wp\/v2\/media\/97"}],"wp:attachment":[{"href":"https:\/\/m-technic.com\/de\/wp-json\/wp\/v2\/media?parent=33"}],"wp:term":[{"taxonomy":"yst_prominent_words","embeddable":true,"href":"https:\/\/m-technic.com\/de\/wp-json\/wp\/v2\/yst_prominent_words?post=33"}],"curies":[{"name":"wp","href":"https:\/\/api.w.org\/{rel}","templated":true}]}}