{"id":2288,"date":"2020-04-09T22:19:59","date_gmt":"2020-04-09T22:19:59","guid":{"rendered":"https:\/\/m-technic.com\/?page_id=2288"},"modified":"2020-05-27T17:28:32","modified_gmt":"2020-05-27T17:28:32","slug":"kalorimetre-su-sayaci-montaj","status":"publish","type":"page","link":"https:\/\/m-technic.com\/de\/kalorimetre-su-sayaci-montaj\/","title":{"rendered":"Is\u0131 Sayac\u0131 &#8211; Kalorimetre, Su Sayac\u0131, Is\u0131 Pay \u00d6l\u00e7er Montaj ve Bak\u0131m \u0130\u015flemleri"},"content":{"rendered":"<figure class=\"wp-block-image size-large is-resized\"><img loading=\"lazy\" src=\"https:\/\/m-technic.com\/wp-content\/uploads\/2019\/04\/M-Technic-1024x326.png\" alt=\"\" class=\"wp-image-323\" width=\"306\" height=\"96\" srcset=\"https:\/\/m-technic.com\/wp-content\/uploads\/2019\/04\/M-Technic-1024x326.png 1024w, https:\/\/m-technic.com\/wp-content\/uploads\/2019\/04\/M-Technic.png 1080w\" sizes=\"(max-width: 306px) 100vw, 306px\" \/><\/figure>\n\n\n\n<p>M-Technic olarak; Is\u0131 sayac\u0131 &#8211; kalorimetre, su sayac\u0131, \u0131s\u0131 pay \u00f6l\u00e7er montaj\u0131 ve bak\u0131m ihtiya\u00e7lar\u0131n\u0131zda \u00fccretsiz ke\u015fif hizmetimiz ile projenize \u00f6zel <a href=\"https:\/\/m-technic.com\/de\/hizmetlerimiz\/\">Wir bieten die am besten geeigneten L\u00f6sungen.<\/a><\/p>\n\n\n\n<h3><strong>Is\u0131 Sayac\u0131 &#8211; Kalorimetre Montaj\u0131 <\/strong><\/h3>\n\n\n\n<div class=\"wp-block-image\"><figure class=\"alignright size-large is-resized\"><img loading=\"lazy\" src=\"https:\/\/m-technic.com\/wp-content\/uploads\/2019\/11\/servis-personeli1.jpg\" alt=\"W\u00e4rmestationsservice\" class=\"wp-image-1067\" width=\"138\" height=\"169\" srcset=\"https:\/\/m-technic.com\/wp-content\/uploads\/2019\/11\/servis-personeli1.jpg 509w, https:\/\/m-technic.com\/wp-content\/uploads\/2019\/11\/servis-personeli1-245x300.jpg 245w\" sizes=\"(max-width: 138px) 100vw, 138px\" \/><\/figure><\/div>\n\n\n\n<p>Binalarda \u0131s\u0131 kontrol\u00fc ve her dairenin ne kadar enerji t\u00fcketti\u011finin hesaplanmas\u0131 amac\u0131 ile kullan\u0131lan kalorimetre cihazlar\u0131n\u0131n sa\u011fl\u0131kl\u0131 bi\u00e7imde \u00e7al\u0131\u015fmas\u0131 i\u00e7in montaj\u0131n\u0131n gerekti\u011fi gibi yap\u0131lmas\u0131 ve zaman zaman kontrol niteli\u011finde bak\u0131mlar\u0131n\u0131n sa\u011flanmas\u0131 \u015fartt\u0131r. Bu i\u015flemler ancak uzman biri&nbsp;arac\u0131l\u0131\u011f\u0131 ile yap\u0131lmal\u0131d\u0131r. Aksi durumda bilin\u00e7siz \u015fekilde yap\u0131lan montaj ve bak\u0131mlar cihazlar\u0131n \u00f6mr\u00fcn\u00fcn k\u0131salmas\u0131na ve \u00f6l\u00e7\u00fcm problemlerine neden olacakt\u0131r.<\/p>\n\n\n\n<p class=\"has-text-align-left\">Kalorimetre cihazlari mekanik ve ultrasonik olmak \u00fczere iki t\u00fcrl\u00fcd\u00fcr. Bu cihazlar\u0131n montaj\u0131 s\u0131ras\u0131nda kalorimetrenin niteliklerini g\u00f6z \u00f6n\u00fcnde bulundurmak ve bu farkl\u0131l\u0131klara uygun bir montaj sa\u011flamak gerekmektedir. Ayr\u0131ca cihaz\u0131n montaj\u0131ndan \u00f6nce se\u00e7ilecek olan kalorimetrenin kaliteli ve sa\u011fl\u0131kl\u0131 bir cihaz olmas\u0131na \u00f6nem verilmelidir. Bu \u015fartlar g\u00f6zetilerek sat\u0131n al\u0131nan ve montaj\u0131 do\u011fru \u015fekilde yap\u0131lan cihazlar uzun s\u00fcreli ve sorunsuz bir kullan\u0131m sunmaktad\u0131r.<\/p>\n\n\n\n<p>Montajdan sonra herhangi bir sorun olu\u015fturmadan \u00e7al\u0131\u015facak olan kalorimetre sistemlerinin en az y\u0131lda bir kez bak\u0131mlar\u0131n\u0131n yap\u0131lmas\u0131na ve gerekti\u011fi zamanlarda kalorimetre pil de\u011fi\u015fimi&nbsp;sa\u011flanmas\u0131na gerek duyulmaktad\u0131r.<\/p>\n\n\n\n<h4><strong>M-Technic taraf\u0131ndan DN15-20 Kalorimetre de\u011fi\u015fimi esnas\u0131nda dikkat edilen hususlar:<\/strong><\/h4>\n\n\n\n<ul><li>Kalorimetrelerin ak\u0131\u015f y\u00f6nleri, \u0131s\u0131tma gidi\u015f &#8211; d\u00f6n\u00fc\u015f sens\u00f6r ba\u011flant\u0131lar\u0131 kontrol edilerek montajlar\u0131 yap\u0131l\u0131r,<\/li><li>Kalorimetre montaj\u0131 sonras\u0131nda t\u00fcm s\u0131zd\u0131rmazl\u0131k testleri yap\u0131l\u0131r,<\/li><li>Kalorimetrelerin fiziki montajlar\u0131ndan sonra M-Bus kablo ba\u011flant\u0131lar\u0131 yap\u0131larak k\u0131sa devre kontrolleri yap\u0131l\u0131r,<\/li><li>Is\u0131 istasyonu i\u00e7inde bulunan kalorimetrelerin de\u011fi\u015fimleri istasyon tipine uygun contalar ile yap\u0131l\u0131r ve yap\u0131ld\u0131ktan sonra \u0131s\u0131 istasyonu \u00fczerinde bulunan t\u00fcm rekorlar\u0131n s\u0131zd\u0131rmazl\u0131k kontrolleri yap\u0131l\u0131r,<\/li><li>Kalorimetrelerinin marka, model ve seri numaralar\u0131 bilgi formuna yaz\u0131l\u0131r, <\/li><li>Olu\u015fturulan bilgi formu 1 n\u00fcsha m\u00fc\u015fteriye 1 n\u00fcsha site\/apartman y\u00f6netimine teslim edilir. <\/li><\/ul>\n\n\n\n<h4><strong>M-Technic taraf\u0131ndan DN25 ve \u00dczeri Olan Kalorimetre montaj\u0131 esnas\u0131nda dikkat edilen hususlar:<\/strong><\/h4>\n\n\n\n<ul><li>Kalorimetrelerin ve kombine tip cihazlarda debi metrelerin ak\u0131\u015f y\u00f6nleri, \u0131s\u0131tma gidi\u015f &#8211; d\u00f6n\u00fc\u015f sens\u00f6r ba\u011flant\u0131lar\u0131 ve hesap \u00fcnitelerinin kablo ba\u011flant\u0131lar\u0131 kontrol edilerek montajlar\u0131 yap\u0131l\u0131r,<\/li><li>DN25 ve \u00fczeri saya\u00e7lar\u0131n montajlar\u0131 ba\u011flant\u0131 \u00e7ap\u0131na uygun rekor, flan\u015f ve contalar ile yap\u0131l\u0131r,<\/li><li>Kaynak i\u015flemi gereken tesisatlarda kaynak i\u015f\u00e7ilikleri do\u011fru teknik, titizlik ve uygun ekipmanlar ile yap\u0131l\u0131r,<\/li><li>Kalorimetrelerin montajlar\u0131 sonras\u0131nda t\u00fcm s\u0131zd\u0131rmazl\u0131k testleri yap\u0131l\u0131r,<\/li><li>Kalorimetrelerin fiziki montajlar\u0131ndan sonra <a href=\"https:\/\/m-technic.com\/de\/m-bus-kurulum\/\">M-Bus kablo ba\u011flant\u0131lar\u0131 yap\u0131larak<\/a> k\u0131sa devre kontrolleri yap\u0131l\u0131r,<\/li><li>Kalorimetrelerinin marka, model ve seri numaralar\u0131 bilgi formuna yaz\u0131l\u0131r,<\/li><li>Olu\u015fturulan bilgi formu 1 n\u00fcsha m\u00fc\u015fteriye 1 n\u00fcsha site\/apartman y\u00f6netimine teslim edilir.  <\/li><\/ul>\n\n\n\n<hr class=\"wp-block-separator\"\/>\n\n\n\n<h3><strong>\u00d6rnek Kalorimetre Montaj\u0131:<\/strong><\/h3>\n\n\n\n<h4><em><strong>DN15 &#8211; DN20 Ultrasonik ve Mekanik Kalorimetre<\/strong><\/em><\/h4>\n\n\n\n<figure class=\"wp-container-2 wp-block-gallery-1 wp-block-gallery columns-2\"><ul class=\"blocks-gallery-grid\"><li class=\"blocks-gallery-item\"><figure><img loading=\"lazy\" width=\"700\" height=\"390\" src=\"https:\/\/m-technic.com\/wp-content\/uploads\/2020\/04\/\u00f6rnek-mekanik-kalorimetre-montaj-resmi.png\" alt=\"\" data-id=\"2316\" data-full-url=\"https:\/\/m-technic.com\/wp-content\/uploads\/2020\/04\/\u00f6rnek-mekanik-kalorimetre-montaj-resmi.png\" data-link=\"https:\/\/m-technic.com\/?attachment_id=2316\" class=\"wp-image-2316\" srcset=\"https:\/\/m-technic.com\/wp-content\/uploads\/2020\/04\/\u00f6rnek-mekanik-kalorimetre-montaj-resmi.png 700w, https:\/\/m-technic.com\/wp-content\/uploads\/2020\/04\/\u00f6rnek-mekanik-kalorimetre-montaj-resmi-300x167.png 300w\" sizes=\"(max-width: 700px) 100vw, 700px\" \/><\/figure><\/li><li class=\"blocks-gallery-item\"><figure><img loading=\"lazy\" width=\"1024\" height=\"702\" src=\"https:\/\/m-technic.com\/wp-content\/uploads\/2020\/04\/\u00d6rnek-Kalorimetre-Montaj-Resmi-1024x702.jpg\" alt=\"\" data-id=\"2306\" class=\"wp-image-2306\" srcset=\"https:\/\/m-technic.com\/wp-content\/uploads\/2020\/04\/\u00d6rnek-Kalorimetre-Montaj-Resmi-1024x702.jpg 1024w, https:\/\/m-technic.com\/wp-content\/uploads\/2020\/04\/\u00d6rnek-Kalorimetre-Montaj-Resmi-300x206.jpg 300w, https:\/\/m-technic.com\/wp-content\/uploads\/2020\/04\/\u00d6rnek-Kalorimetre-Montaj-Resmi-768x526.jpg 768w, https:\/\/m-technic.com\/wp-content\/uploads\/2020\/04\/\u00d6rnek-Kalorimetre-Montaj-Resmi-1536x1053.jpg 1536w, https:\/\/m-technic.com\/wp-content\/uploads\/2020\/04\/\u00d6rnek-Kalorimetre-Montaj-Resmi-2048x1404.jpg 2048w\" sizes=\"(max-width: 1024px) 100vw, 1024px\" \/><\/figure><\/li><\/ul><\/figure>\n\n\n\n<h4><strong><em>DN25 &#8211; DN300 Aras\u0131 \u00c7aplar Ultrasonik ve Mekanik Kombine Kalorimetre<\/em><\/strong><\/h4>\n\n\n\n<figure class=\"wp-container-4 wp-block-gallery-3 wp-block-gallery columns-2 is-cropped\"><ul class=\"blocks-gallery-grid\"><li class=\"blocks-gallery-item\"><figure><img loading=\"lazy\" width=\"700\" height=\"492\" src=\"https:\/\/m-technic.com\/wp-content\/uploads\/2020\/04\/\u00d6rnek-B\u00fcy\u00fck-Tip-Ultrasonik-Kalorimetre-Montaj-Resmi.png\" alt=\"\" data-id=\"2305\" data-full-url=\"https:\/\/m-technic.com\/wp-content\/uploads\/2020\/04\/\u00d6rnek-B\u00fcy\u00fck-Tip-Ultrasonik-Kalorimetre-Montaj-Resmi.png\" data-link=\"https:\/\/m-technic.com\/?attachment_id=2305\" class=\"wp-image-2305\" srcset=\"https:\/\/m-technic.com\/wp-content\/uploads\/2020\/04\/\u00d6rnek-B\u00fcy\u00fck-Tip-Ultrasonik-Kalorimetre-Montaj-Resmi.png 700w, https:\/\/m-technic.com\/wp-content\/uploads\/2020\/04\/\u00d6rnek-B\u00fcy\u00fck-Tip-Ultrasonik-Kalorimetre-Montaj-Resmi-300x211.png 300w\" sizes=\"(max-width: 700px) 100vw, 700px\" \/><\/figure><\/li><li class=\"blocks-gallery-item\"><figure><img loading=\"lazy\" width=\"700\" height=\"492\" src=\"https:\/\/m-technic.com\/wp-content\/uploads\/2020\/04\/\u00d6rnek-Mekanik-Kombine-Kalorimetre-Montaj-Resmi.png\" alt=\"\" data-id=\"2307\" data-full-url=\"https:\/\/m-technic.com\/wp-content\/uploads\/2020\/04\/\u00d6rnek-Mekanik-Kombine-Kalorimetre-Montaj-Resmi.png\" data-link=\"https:\/\/m-technic.com\/?attachment_id=2307\" class=\"wp-image-2307\" srcset=\"https:\/\/m-technic.com\/wp-content\/uploads\/2020\/04\/\u00d6rnek-Mekanik-Kombine-Kalorimetre-Montaj-Resmi.png 700w, https:\/\/m-technic.com\/wp-content\/uploads\/2020\/04\/\u00d6rnek-Mekanik-Kombine-Kalorimetre-Montaj-Resmi-300x211.png 300w\" sizes=\"(max-width: 700px) 100vw, 700px\" \/><\/figure><\/li><\/ul><\/figure>\n\n\n\n<hr class=\"wp-block-separator\"\/>\n\n\n\n<h3><strong>Su Sayac\u0131 Montaj \u0130\u015flemleri <\/strong><\/h3>\n\n\n\n<div class=\"wp-block-image\"><figure class=\"alignright size-large is-resized\"><img loading=\"lazy\" src=\"https:\/\/m-technic.com\/wp-content\/uploads\/2020\/05\/\u00f6rnek-su-saati-montaj-resmi.jpg\" alt=\"su sayac\u0131 de\u011fi\u015fimi\" class=\"wp-image-2615\" width=\"162\" height=\"160\" srcset=\"https:\/\/m-technic.com\/wp-content\/uploads\/2020\/05\/\u00f6rnek-su-saati-montaj-resmi.jpg 392w, https:\/\/m-technic.com\/wp-content\/uploads\/2020\/05\/\u00f6rnek-su-saati-montaj-resmi-300x294.jpg 300w\" sizes=\"(max-width: 162px) 100vw, 162px\" \/><\/figure><\/div>\n\n\n\n<p>Saya\u00e7lar\u0131n montaj pozisyonu do\u011fru \u00e7al\u0131\u015fmalar\u0131yla do\u011frudan ilgilidir. Baz\u0131 saya\u00e7lar sadece belirli \u015fekillerde (yatay veya dikey) monte edilebilirken baz\u0131lar\u0131 her pozisyonda monte edilebilir. Yine baz\u0131 saya\u00e7lar\u0131 vana, dirsek, red\u00fcksiyon vb. ba\u011flant\u0131lardan belirli bir uzakl\u0131\u011fa ba\u011flamak gerekirken baz\u0131 saya\u00e7lar i\u00e7in bunlara gerek yoktur.<\/p>\n\n\n\n<p>Montaj k\u0131lavuzlar\u0131nda belirtilen sayaca en uygun pozisyon se\u00e7ilmeli ve mevcut bir tesisat varsa sayaca uygunlu\u011fu kontrol edilmelidir. B\u00fct\u00fcn saya\u00e7larda montaj&nbsp;ile ilgili dikkat edilmesi gereken en \u00f6nemli konu saya\u00e7tan hava ge\u00e7mesinin \u00f6nlenmesidir. Saya\u00e7tan ge\u00e7ecek olan hava hem yanl\u0131\u015f \u00f6l\u00e7\u00fcm de\u011ferine hem de saya\u00e7ta hasara sebep olur.<\/p>\n\n\n\n<p>Tesisatta saya\u00e7tan \u00f6nce mutlaka bir filtre sistemi bulunmal\u0131d\u0131r. Zira \u00f6zel modeller hari\u00e7 b\u00fct\u00fcn saya\u00e7lar temiz s\u0131v\u0131lar\u0131n \u00f6l\u00e7\u00fcm\u00fc i\u00e7in tasarlanm\u0131\u015ft\u0131r. \u00dcretici firmalar pislik sebebiyle ar\u0131zalanan saya\u00e7lar\u0131 garanti kapsam\u0131 d\u0131\u015f\u0131nda tutar. Saya\u00e7 ar\u0131zalar\u0131n\u0131n sebebi, %50 den fazla s\u0131v\u0131n\u0131n i\u00e7indeki yabanc\u0131 maddelerdir.<\/p>\n\n\n\n<p>Saya\u00e7 montaj\u0131nda dikkat edilmesi gereken \u00f6n \u00f6nemli kural, sayac\u0131n zemine paralel ve kolona dik olmas\u0131d\u0131r.<\/p>\n\n\n\n<p>Su sayac\u0131n\u0131 \u015febekeye do\u011fru y\u00f6nde ve do\u011fru a\u00e7\u0131da ba\u011flamak \u00e7ok \u00f6nemlidir.&nbsp;Su sayac\u0131&nbsp;ba\u011flarken \u00fcretici firman\u0131n vermi\u015f oldu\u011fu ba\u011flant\u0131 \u015femas\u0131na veya sayac\u0131n \u00fczerindeki ok ve i\u015faretlere dikkat edilmelidir. <\/p>\n\n\n\n<hr class=\"wp-block-separator\"\/>\n\n\n\n<h3><strong>Is\u0131 Pay \u00d6l\u00e7er Montaj \u0130\u015flemleri<\/strong><\/h3>\n\n\n\n<div class=\"wp-block-image\"><figure class=\"alignright size-large is-resized\"><img loading=\"lazy\" src=\"https:\/\/m-technic.com\/wp-content\/uploads\/2020\/04\/caloric-qundis-on-radiator.png\" alt=\"\u0131s\u0131 pay \u00f6l\u00e7er de\u011fi\u015fimi\" class=\"wp-image-2391\" width=\"127\" height=\"147\"\/><\/figure><\/div>\n\n\n\n<p>Is\u0131 Pay \u00d6l\u00e7er, merkezi \u0131s\u0131tma sistemli binalarda radyat\u00f6r \u00fczerine montaj\u0131 yap\u0131larak t\u00fcketilen \u0131s\u0131 enerjisini payla\u015ft\u0131rmaya yarayan cihazd\u0131r.<\/p>\n\n\n\n<p>\u00c7ok kolonlu, borulu\/dikey \u0131s\u0131tma sistemlerindeki kullan\u0131m\u0131 i\u00e7in tasarlanm\u0131\u015ft\u0131r. Radyat\u00f6r \u00fczerinden \u00f6l\u00e7\u00fcm yaparak, dairenin bireysel \u0131s\u0131 enerjisi t\u00fcketimini hesaplanmas\u0131n\u0131 ve t\u00fcm apartmanda gider payla\u015f\u0131m\u0131 yap\u0131lmas\u0131n\u0131 sa\u011flayan \u0131s\u0131 sayac\u0131d\u0131r.<\/p>\n\n\n\n<p>Is\u0131 Pay \u00d6l\u00e7er sistemlerinin montaj i\u015flemlerinin bu konuda bilin\u00e7siz olan kimseler taraf\u0131ndan yap\u0131lmas\u0131 kesinlikle \u00f6nerilmemektedir. Bu i\u015flemleri yapacak olan kimselerin bu alanda uzman teknik servis \u00e7al\u0131\u015fanlar\u0131 olmas\u0131na ihtiya\u00e7 duyulmaktad\u0131r. Is\u0131 Pay \u00d6l\u00e7erlerin sa\u011flad\u0131\u011f\u0131 avantajlar ve tasarruf g\u00f6z \u00f6n\u00fcnde bulunduruldu\u011fu zaman, bu cihazlar\u0131n fiyatlar\u0131 kadar montaj, bak\u0131m ve onar\u0131m masraflar\u0131n\u0131n da son derece uygun oldu\u011fu fark edilecektir. Bu sebeple bu i\u015flemlerin mutlaka yetkili kimselere yapt\u0131r\u0131lmas\u0131 gerekir. <\/p>\n\n\n\n<h4><strong>M-Technic taraf\u0131ndan \u0131s\u0131 pay \u00f6l\u00e7er montaj\u0131 esans\u0131nda dikkat edilen hususlar:<\/strong><\/h4>\n\n\n\n<ul><li>Radyat\u00f6r tipine uygun montaj ekipmanlar\u0131n\u0131n kullan\u0131m\u0131<\/li><li>Montaj yap\u0131lan radyat\u00f6rlerin tiplerinin tek tek belirlenip oda baz\u0131nda daire bilgi formuna i\u015flenmesi<\/li><li>Montaj yap\u0131lan radyat\u00f6rlerin \u00f6l\u00e7\u00fclerinin tek tek \u00f6l\u00e7\u00fcl\u00fcp oda baz\u0131nda daire bilgi formuna i\u015flenmesi <\/li><li>Termostatik vana montajlar\u0131n\u0131n tesisat kurallar\u0131na uygun bir \u015fekilde montajlanmas\u0131 ve daire bilgi formuna i\u015flenmesi<\/li><li>Daire bilgi formunun montaj bitiminde daire sakine imzalat\u0131larak tutanak alt\u0131na al\u0131nmas\u0131<\/li><li>Formlar\u0131n montaj sonras\u0131nda 1 n\u00fcshas\u0131n\u0131n site y\u00f6netimine 1 n\u00fcshas\u0131n\u0131n \u0131s\u0131 gider payla\u015f\u0131m birimine iletilmesi<\/li><li>Montaj sonras\u0131 t\u00fcm kolon ve radyat\u00f6r ba\u011flant\u0131lar\u0131n\u0131n s\u0131zd\u0131rmazl\u0131k kontrollerinin yap\u0131lmas\u0131<\/li><\/ul>\n\n\n\n<hr class=\"wp-block-separator\"\/>\n\n\n\n<h3><strong>Is\u0131 Sayac\u0131 &#8211; Kalorimetre, Su Sayac\u0131, Is\u0131 Pay \u00d6l\u00e7er Bak\u0131m\u0131<\/strong><\/h3>\n\n\n\n<div class=\"wp-block-image\"><figure class=\"alignright size-large is-resized\"><img loading=\"lazy\" src=\"https:\/\/m-technic.com\/wp-content\/uploads\/2019\/11\/servis-personeli2.jpg\" alt=\"\" class=\"wp-image-1070\" width=\"153\" height=\"183\" srcset=\"https:\/\/m-technic.com\/wp-content\/uploads\/2019\/11\/servis-personeli2.jpg 521w, https:\/\/m-technic.com\/wp-content\/uploads\/2019\/11\/servis-personeli2-249x300.jpg 249w\" sizes=\"(max-width: 153px) 100vw, 153px\" \/><\/figure><\/div>\n\n\n\n<p>T\u00fcm cihazlar\u0131n bak\u0131m\u0131 yap\u0131l\u0131rken sayac\u0131n ne kadar hassas bir \u00f6l\u00e7\u00fcm yapt\u0131\u011f\u0131 kontrol edilerek tesisat temizli\u011fi yinelenir. Ayr\u0131ca bu cihazlar\u0131n pilleri olduk\u00e7a uzun \u00f6m\u00fcrl\u00fc olmas\u0131na ra\u011fmen yakla\u015f\u0131k olarak be\u015f y\u0131l gibi aral\u0131klar ile pillerin de\u011fi\u015ftirilmesi de gerekmektedir. Cihazlar\u0131n pil \u00f6m\u00fcrleri niteliklerine g\u00f6re de\u011fi\u015fkenlik g\u00f6sterir. Is\u0131 pay \u00f6l\u00e7er ve su saya\u00e7lar\u0131n\u0131n pil \u00f6m\u00fcrleri 10 y\u0131ld\u0131r, baz\u0131 kalorimetrelerin pil \u00f6m\u00fcrleri be baz\u0131lar\u0131 on y\u0131la kadar dayan\u0131kl\u0131 olarak tasarlanm\u0131\u015ft\u0131r. Ancak cihazlar\u0131n bak\u0131m\u0131 yap\u0131l\u0131rken pillerin de ne kadar \u00f6mr\u00fcn\u00fcn kald\u0131\u011f\u0131 kontrol edilmelidir.<\/p>\n\n\n\n<p>Cihazlar\u0131n niteli\u011fine g\u00f6re belli aral\u0131klar ile yap\u0131lan&nbsp;pil de\u011fi\u015fimi&nbsp;s\u0131ras\u0131nda cihaza uygulanan pillerin kalitesi son derece \u00f6nemlidir. Cihaz\u0131n markas\u0131na, modeline ve \u00e7al\u0131\u015fma sistemine uygun pillerin tercih edilmesi gerekmektedir. Ayr\u0131ca her cihaz\u0131n \u00f6zelliklerine g\u00f6re \u00fcretilen orijinal pillerin kullan\u0131m\u0131, hem cihaz\u0131n hassas bir \u00f6l\u00e7\u00fcm yapmas\u0131 hem de \u00f6mr\u00fcn\u00fcn uzamas\u0131 y\u00f6n\u00fcnden \u00f6nem ta\u015f\u0131maktad\u0131r.<\/p>\n\n\n\n<p>Kalorimetre, Su Sayac\u0131 ve Is\u0131 Pay \u00d6l\u00e7er sistemlerinin montaj\u0131, bak\u0131m\u0131 ve pil de\u011fi\u015fimi i\u015flemlerinin bu konuda bilin\u00e7siz olan kimseler taraf\u0131ndan yap\u0131lmas\u0131 kesinlikle \u00f6nerilmemektedir. Bu i\u015flemleri yapacak olan kimselerin bu alanda uzman teknik servis \u00e7al\u0131\u015fanlar\u0131 olmas\u0131na ihtiya\u00e7 duyulmaktad\u0131r. Kalorimetrelerin sa\u011flad\u0131\u011f\u0131 avantajlar ve tasarruf g\u00f6z \u00f6n\u00fcnde bulunduruldu\u011fu zaman, bu cihazlar\u0131n fiyatlar\u0131 kadar montaj, bak\u0131m ve onar\u0131m masraflar\u0131n\u0131n da son derece uygun oldu\u011fu fark edilecektir. Bu sebeple bu i\u015flemlerin mutlaka yetkili kimselere yapt\u0131r\u0131lmas\u0131 gerekir.<\/p>\n\n\n\n<hr class=\"wp-block-separator\"\/>","protected":false},"excerpt":{"rendered":"<p>M-Technic olarak; Is\u0131 sayac\u0131 &#8211; kalorimetre, su sayac\u0131, \u0131s\u0131 pay \u00f6l\u00e7er montaj\u0131 ve bak\u0131m ihtiya\u00e7lar\u0131n\u0131zda \u00fccretsiz ke\u015fif hizmetimiz ile projenize \u00f6zel en uygun \u00e7\u00f6z\u00fcmleri sunuyoruz. Is\u0131 Sayac\u0131 &#8211; Kalorimetre Montaj\u0131 Binalarda \u0131s\u0131 kontrol\u00fc ve her dairenin ne kadar enerji t\u00fcketti\u011finin hesaplanmas\u0131 amac\u0131 ile kullan\u0131lan kalorimetre cihazlar\u0131n\u0131n sa\u011fl\u0131kl\u0131 bi\u00e7imde \u00e7al\u0131\u015fmas\u0131 i\u00e7in montaj\u0131n\u0131n gerekti\u011fi gibi yap\u0131lmas\u0131 ve [&hellip;]<\/p>","protected":false},"author":1,"featured_media":2248,"parent":0,"menu_order":0,"comment_status":"closed","ping_status":"closed","template":"","meta":[],"yst_prominent_words":[],"yoast_head":"<!-- This site is optimized with the Yoast SEO Premium plugin v14.1 - https:\/\/yoast.com\/wordpress\/plugins\/seo\/ -->\n<title>M-Technic Hizmetlerimiz | Kalorimetre Montaj\u0131, Saya\u00e7 De\u011fi\u015fim, Kurulum<\/title>\n<meta name=\"description\" content=\"Kalorimetre montaj\u0131nda ak\u0131\u015f y\u00f6nleri, \u0131s\u0131tma gidi\u015f - d\u00f6n\u00fc\u015f sens\u00f6r ba\u011flant\u0131lar\u0131 kontrol edilerek montaj\u0131, de\u011fi\u015fimi yap\u0131l\u0131r, t\u00fcm s\u0131zd\u0131rmazl\u0131k testleri yap\u0131l\u0131r\" \/>\n<meta name=\"robots\" content=\"index, follow\" \/>\n<meta name=\"googlebot\" content=\"index, follow, max-snippet:-1, max-image-preview:large, max-video-preview:-1\" \/>\n<meta name=\"bingbot\" content=\"index, follow, max-snippet:-1, max-image-preview:large, max-video-preview:-1\" \/>\n<link rel=\"canonical\" href=\"https:\/\/m-technic.com\/de\/kalorimetre-su-sayaci-montaj\/\" \/>\n<meta property=\"og:locale\" content=\"de_DE\" \/>\n<meta property=\"og:type\" content=\"article\" \/>\n<meta property=\"og:title\" content=\"M-Technic Hizmetlerimiz | Kalorimetre Montaj\u0131, Saya\u00e7 De\u011fi\u015fim, Kurulum\" \/>\n<meta property=\"og:description\" content=\"Kalorimetre montaj\u0131nda ak\u0131\u015f y\u00f6nleri, \u0131s\u0131tma gidi\u015f - d\u00f6n\u00fc\u015f sens\u00f6r ba\u011flant\u0131lar\u0131 kontrol edilerek montaj\u0131, de\u011fi\u015fimi yap\u0131l\u0131r, t\u00fcm s\u0131zd\u0131rmazl\u0131k testleri yap\u0131l\u0131r\" \/>\n<meta property=\"og:url\" content=\"https:\/\/m-technic.com\/de\/kalorimetre-su-sayaci-montaj\/\" \/>\n<meta property=\"og:site_name\" content=\"M-Technic\" \/>\n<meta property=\"article:modified_time\" content=\"2020-05-27T17:28:32+00:00\" \/>\n<meta property=\"og:image\" content=\"https:\/\/m-technic.com\/wp-content\/uploads\/2020\/04\/M-Technic-Kalorimetre-ve-Su-Sayac\u0131-Montaj-Logo.jpg\" \/>\n\t<meta property=\"og:image:width\" content=\"1584\" \/>\n\t<meta property=\"og:image:height\" content=\"1284\" \/>\n<meta name=\"twitter:card\" content=\"summary_large_image\" \/>\n<script type=\"application\/ld+json\" class=\"yoast-schema-graph\">{\"@context\":\"https:\/\/schema.org\",\"@graph\":[{\"@type\":\"WebSite\",\"@id\":\"https:\/\/m-technic.com\/de\/#website\",\"url\":\"https:\/\/m-technic.com\/de\/\",\"name\":\"M-Technic\",\"description\":\"Projelere \\u00f6zel kompakt \\u00e7\\u00f6z\\u00fcmler\",\"potentialAction\":[{\"@type\":\"SearchAction\",\"target\":\"https:\/\/m-technic.com\/de\/?s={search_term_string}\",\"query-input\":\"required name=search_term_string\"}],\"inLanguage\":\"de\"},{\"@type\":\"ImageObject\",\"@id\":\"https:\/\/m-technic.com\/kalorimetre-su-sayaci-montaj\/#primaryimage\",\"inLanguage\":\"de\",\"url\":\"https:\/\/m-technic.com\/wp-content\/uploads\/2020\/04\/M-Technic-Kalorimetre-ve-Su-Sayac\\u0131-Montaj-Logo.jpg\",\"width\":1584,\"height\":1284,\"caption\":\"kalorimetre montaj de\\u011fi\\u015fim\"},{\"@type\":\"WebPage\",\"@id\":\"https:\/\/m-technic.com\/kalorimetre-su-sayaci-montaj\/#webpage\",\"url\":\"https:\/\/m-technic.com\/kalorimetre-su-sayaci-montaj\/\",\"name\":\"M-Technic Hizmetlerimiz | Kalorimetre Montaj\\u0131, Saya\\u00e7 De\\u011fi\\u015fim, Kurulum\",\"isPartOf\":{\"@id\":\"https:\/\/m-technic.com\/de\/#website\"},\"primaryImageOfPage\":{\"@id\":\"https:\/\/m-technic.com\/kalorimetre-su-sayaci-montaj\/#primaryimage\"},\"datePublished\":\"2020-04-09T22:19:59+00:00\",\"dateModified\":\"2020-05-27T17:28:32+00:00\",\"description\":\"Kalorimetre montaj\\u0131nda ak\\u0131\\u015f y\\u00f6nleri, \\u0131s\\u0131tma gidi\\u015f - d\\u00f6n\\u00fc\\u015f sens\\u00f6r ba\\u011flant\\u0131lar\\u0131 kontrol edilerek montaj\\u0131, de\\u011fi\\u015fimi yap\\u0131l\\u0131r, t\\u00fcm s\\u0131zd\\u0131rmazl\\u0131k testleri yap\\u0131l\\u0131r\",\"inLanguage\":\"de\",\"potentialAction\":[{\"@type\":\"ReadAction\",\"target\":[\"https:\/\/m-technic.com\/kalorimetre-su-sayaci-montaj\/\"]}]}]}<\/script>\n<!-- \/ Yoast SEO Premium plugin. -->","_links":{"self":[{"href":"https:\/\/m-technic.com\/de\/wp-json\/wp\/v2\/pages\/2288"}],"collection":[{"href":"https:\/\/m-technic.com\/de\/wp-json\/wp\/v2\/pages"}],"about":[{"href":"https:\/\/m-technic.com\/de\/wp-json\/wp\/v2\/types\/page"}],"author":[{"embeddable":true,"href":"https:\/\/m-technic.com\/de\/wp-json\/wp\/v2\/users\/1"}],"replies":[{"embeddable":true,"href":"https:\/\/m-technic.com\/de\/wp-json\/wp\/v2\/comments?post=2288"}],"version-history":[{"count":58,"href":"https:\/\/m-technic.com\/de\/wp-json\/wp\/v2\/pages\/2288\/revisions"}],"predecessor-version":[{"id":2706,"href":"https:\/\/m-technic.com\/de\/wp-json\/wp\/v2\/pages\/2288\/revisions\/2706"}],"wp:featuredmedia":[{"embeddable":true,"href":"https:\/\/m-technic.com\/de\/wp-json\/wp\/v2\/media\/2248"}],"wp:attachment":[{"href":"https:\/\/m-technic.com\/de\/wp-json\/wp\/v2\/media?parent=2288"}],"wp:term":[{"taxonomy":"yst_prominent_words","embeddable":true,"href":"https:\/\/m-technic.com\/de\/wp-json\/wp\/v2\/yst_prominent_words?post=2288"}],"curies":[{"name":"wp","href":"https:\/\/api.w.org\/{rel}","templated":true}]}}